{"id":780392,"date":"2026-01-20T02:15:48","date_gmt":"2026-01-19T23:15:48","guid":{"rendered":"https:\/\/roveyayinevi.com.tr\/index.php\/urun\/takim-oyunu\/"},"modified":"2026-04-16T02:08:45","modified_gmt":"2026-04-15T23:08:45","slug":"takim-oyunu","status":"publish","type":"product","link":"https:\/\/roveyayinevi.com.tr\/index.php\/urun\/takim-oyunu\/","title":{"rendered":"Tak\u0131m Oyunu"},"content":{"rendered":"<p>Tak\u0131m, birbirine, bir lidere ve bir fikre ba\u011fl\u0131, k\u00fc\u00e7\u00fck veya b\u00fcy\u00fck herhangi bir gruptur. Milyonlarca y\u0131ld\u0131r insanlar, din\u00ee, etnik, politik, hatta m\u00fczikal tak\u0131mlara kat\u0131lm\u0131\u015flard\u0131r. Bu bizim do\u011fam\u0131zd\u0131r. B\u00fct\u00fcn bu tak\u0131mlara kim \u00f6nderlik edecek? Web inan\u0131lmaz \u015feyler yapabilir, ancak liderlik sa\u011flayamaz. Bunu ayn\u0131 sizin gibi bir \u015fey i\u00e7in tutkusu olan insanlar yapabilir. \u015eu anda bir fark meydana getirmek isteyen herkes i\u00e7in gereken t\u00fcm ara\u00e7lar hemen yan\u0131ba\u015f\u0131nda haz\u0131r.G\u00fcn\u00fcm\u00fczde \u0130nternet co\u011frafya, maliyet ve zamanla ilgili engelleri kald\u0131rd\u0131. T\u00fcm bloglar ve sosyal network (\u015febeke) a\u011flar\u0131, mevcut tak\u0131mlar\u0131n daha da b\u00fcy\u00fcmelerine ve yeni tak\u0131mlar\u0131n do\u011fmas\u0131na olanak sa\u011fl\u0131yor. Bu tak\u0131mlar, iPhone\u2019lar\u0131n\u0131 veya siyas\u00ee bir kampanyay\u0131 ya da k\u00fcresel \u0131s\u0131nmaya kar\u015f\u0131 yeni bir m\u00fccadele y\u00f6ntemini benimseyen milyonlarca insandan olu\u015fuyor. Tak\u0131m Oyunu sizi, \u00e7al\u0131\u015fanlar\u0131n\u0131z\u0131, m\u00fc\u015fterilerinizi, yat\u0131r\u0131mc\u0131lar\u0131n\u0131z\u0131, inananlar\u0131, hobisi olanlar\u0131, okuyucular\u0131 y\u00f6netmeniz i\u00e7in kar\u015f\u0131n\u0131za \u00e7\u0131kan f\u0131rsatlar\u0131 d\u00fc\u015f\u00fcnmeye (ger\u00e7ekten d\u00fc\u015f\u00fcnmeye) sevkedecek\u2026 Kolay de\u011fil, ancak muhtemelen hayal etti\u011finizden daha kolay. <\/p>\n","protected":false},"excerpt":{"rendered":"<p>Tak\u0131m, birbirine, bir lidere ve bir fikre ba\u011fl\u0131, k\u00fc\u00e7\u00fck veya b\u00fcy\u00fck herhangi bir gruptur. Milyonlarca y\u0131ld\u0131r insanlar, din\u00ee, etnik, politik, hatta m\u00fczikal tak\u0131mlara kat\u0131lm\u0131\u015flard\u0131r. Bu bizim<span class=\"excerpt-hellip\"> [\u2026]<\/span><\/p>\n","protected":false},"featured_media":0,"template":"","meta":{"_monsterinsights_skip_tracking":false,"_monsterinsights_sitenote_active":false,"_monsterinsights_sitenote_note":"","_monsterinsights_sitenote_category":0},"product_brand":[],"product_cat":[13043,17647],"product_tag":[],"class_list":{"0":"post-780392","1":"product","2":"type-product","3":"status-publish","5":"product_cat-ekonomi","6":"product_cat-is-dunyasi","7":"pa_cilt-ciltsiz","8":"pa_tur-kitap","9":"pa_yayinevi-profil-kitap","10":"pa_yazar-seth-godin","12":"first","13":"instock","14":"sale","15":"shipping-taxable","16":"purchasable","17":"product-type-simple"},"_links":{"self":[{"href":"https:\/\/roveyayinevi.com.tr\/index.php\/wp-json\/wp\/v2\/product\/780392","targetHints":{"allow":["GET"]}}],"collection":[{"href":"https:\/\/roveyayinevi.com.tr\/index.php\/wp-json\/wp\/v2\/product"}],"about":[{"href":"https:\/\/roveyayinevi.com.tr\/index.php\/wp-json\/wp\/v2\/types\/product"}],"wp:attachment":[{"href":"https:\/\/roveyayinevi.com.tr\/index.php\/wp-json\/wp\/v2\/media?parent=780392"}],"wp:term":[{"taxonomy":"product_brand","embeddable":true,"href":"https:\/\/roveyayinevi.com.tr\/index.php\/wp-json\/wp\/v2\/product_brand?post=780392"},{"taxonomy":"product_cat","embeddable":true,"href":"https:\/\/roveyayinevi.com.tr\/index.php\/wp-json\/wp\/v2\/product_cat?post=780392"},{"taxonomy":"product_tag","embeddable":true,"href":"https:\/\/roveyayinevi.com.tr\/index.php\/wp-json\/wp\/v2\/product_tag?post=780392"}],"curies":[{"name":"wp","href":"https:\/\/api.w.org\/{rel}","templated":true}]}}