{"id":780391,"date":"2026-01-20T02:12:50","date_gmt":"2026-01-19T23:12:50","guid":{"rendered":"https:\/\/roveyayinevi.com.tr\/index.php\/urun\/insan-haklarinin-uluslararasi-boyutlari\/"},"modified":"2026-04-16T02:07:13","modified_gmt":"2026-04-15T23:07:13","slug":"insan-haklarinin-uluslararasi-boyutlari","status":"publish","type":"product","link":"https:\/\/roveyayinevi.com.tr\/index.php\/urun\/insan-haklarinin-uluslararasi-boyutlari\/","title":{"rendered":"\u0130nsan Haklar\u0131n\u0131n Uluslararas\u0131 Boyutlar\u0131"},"content":{"rendered":"<p>Uygarl\u0131k sadece bilim ve teknoloji demek de\u011fildir. Uygarl\u0131k, her \u015feyden \u00f6nce, bir de\u011fer yarg\u0131lar\u0131 sistemi, b\u00fct\u00fcn\u00fcyle bir \u201cinsanl\u0131k anlay\u0131\u015f\u0131\u201dd\u0131r. Bu a\u00e7\u0131dan bak\u0131ld\u0131\u011f\u0131nda, insan haklar\u0131n\u0131n son on y\u0131llar i\u00e7inde moral ve toplumsal de\u011ferler alan\u0131nda h\u0131zla \u00f6n plana ge\u00e7i\u015fi de g\u00f6z \u00f6n\u00fcnde tutuldu\u011funda \u00e7a\u011f\u0131m\u0131z i\u00e7in en uygun d\u00fc\u015fecek nitelendirmelerden biri de herhalde \u201c\u0130nsan Haklar\u0131 \u00c7a\u011f\u0131\u201d olacakt\u0131r.\u0130nsan haklar\u0131, art\u0131k devletlerin bir i\u00e7 sorunu olmaktan \u00e7\u0131km\u0131\u015f, ulusal s\u0131n\u0131rlar\u0131 a\u015farak bir d\u00fcnya sorunu haline gelmi\u015ftir. \u0130nsan Haklar\u0131 Evrensel Bildirisi\u2019nden bu yana, bu kavram evrensel bir de\u011fer niteli\u011fi kazanm\u0131\u015f bulunmaktad\u0131r. Ama denecektir ki, insan haklar\u0131 bug\u00fcn d\u00fcnyan\u0131n \u00e7e\u015fitli \u00fclkelerinde h\u00e2l\u00e2 g\u00f6z g\u00f6re g\u00f6re \u00e7i\u011fnenmiyor mu? \u0130nsanlar s\u0131rf d\u00fc\u015f\u00fcnce ve inan\u00e7lar\u0131 y\u00fcz\u00fcnden demir parmakl\u0131klar arkas\u0131na kapat\u0131lm\u0131yor mu? Onlara barbarca, ak\u0131l almaz i\u015fkenceler yap\u0131lm\u0131yor mu?T\u00fcrkiye\u2019yi \u00e7ok yak\u0131ndan ilgilendiren ve her daim \u00e7ok\u00e7a tart\u0131\u015f\u0131lan \u201cinsan haklar\u0131\u201d konusunda kamuoyunu ayd\u0131nlatmak i\u00e7in \u201cinsan haklar\u0131\u201dna dair her \u015feyi bulabilece\u011finiz bir ba\u015fucu kitab\u0131&#8230; <\/p>\n","protected":false},"excerpt":{"rendered":"<p>Uygarl\u0131k sadece bilim ve teknoloji demek de\u011fildir. Uygarl\u0131k, her \u015feyden \u00f6nce, bir de\u011fer yarg\u0131lar\u0131 sistemi, b\u00fct\u00fcn\u00fcyle bir \u201cinsanl\u0131k anlay\u0131\u015f\u0131\u201dd\u0131r. Bu a\u00e7\u0131dan bak\u0131ld\u0131\u011f\u0131nda, insan haklar\u0131n\u0131n son on<span class=\"excerpt-hellip\"> [\u2026]<\/span><\/p>\n","protected":false},"featured_media":0,"template":"","meta":{"_monsterinsights_skip_tracking":false,"_monsterinsights_sitenote_active":false,"_monsterinsights_sitenote_note":"","_monsterinsights_sitenote_category":0},"product_brand":[],"product_cat":[12324,27533],"product_tag":[],"class_list":{"0":"post-780391","1":"product","2":"type-product","3":"status-publish","5":"product_cat-sosyoloji","6":"product_cat-sosyolojiye-giris","7":"pa_cilt-ciltsiz","8":"pa_tur-kitap","9":"pa_yayinevi-bb101-yayinlari","10":"pa_yazar-munci-kapani","12":"first","13":"instock","14":"sale","15":"shipping-taxable","16":"purchasable","17":"product-type-simple"},"_links":{"self":[{"href":"https:\/\/roveyayinevi.com.tr\/index.php\/wp-json\/wp\/v2\/product\/780391","targetHints":{"allow":["GET"]}}],"collection":[{"href":"https:\/\/roveyayinevi.com.tr\/index.php\/wp-json\/wp\/v2\/product"}],"about":[{"href":"https:\/\/roveyayinevi.com.tr\/index.php\/wp-json\/wp\/v2\/types\/product"}],"wp:attachment":[{"href":"https:\/\/roveyayinevi.com.tr\/index.php\/wp-json\/wp\/v2\/media?parent=780391"}],"wp:term":[{"taxonomy":"product_brand","embeddable":true,"href":"https:\/\/roveyayinevi.com.tr\/index.php\/wp-json\/wp\/v2\/product_brand?post=780391"},{"taxonomy":"product_cat","embeddable":true,"href":"https:\/\/roveyayinevi.com.tr\/index.php\/wp-json\/wp\/v2\/product_cat?post=780391"},{"taxonomy":"product_tag","embeddable":true,"href":"https:\/\/roveyayinevi.com.tr\/index.php\/wp-json\/wp\/v2\/product_tag?post=780391"}],"curies":[{"name":"wp","href":"https:\/\/api.w.org\/{rel}","templated":true}]}}