{"id":780386,"date":"2026-01-20T02:09:04","date_gmt":"2026-01-19T23:09:04","guid":{"rendered":"https:\/\/roveyayinevi.com.tr\/index.php\/urun\/giderken-bana-bir-seyler-soyle\/"},"modified":"2026-04-16T02:05:04","modified_gmt":"2026-04-15T23:05:04","slug":"giderken-bana-bir-seyler-soyle","status":"publish","type":"product","link":"https:\/\/roveyayinevi.com.tr\/index.php\/urun\/giderken-bana-bir-seyler-soyle\/","title":{"rendered":"Giderken Bana Bir \u015eeyler S\u00f6yle"},"content":{"rendered":"<p>\u201cAyr\u0131l\u0131rken s\u00f6ylenen s\u00f6zler, beraberken ya\u015fananlar\u0131n bir \u00f6zetidir.\u201dYa\u015fam denen s\u0131rr\u0131n i\u00e7inde bir s\u0131rd\u0131 o \u00dcst\u00fcne s\u00f6ylenen b\u00fct\u00fcn s\u00f6zler yar\u0131m Ad\u0131 ise baki kald\u0131: O s\u0131rr\u0131n ad\u0131 ayr\u0131l\u0131kt\u0131. Kaybetme korkusuna, ayr\u0131l\u0131k kayg\u0131s\u0131na dair yar\u0131m kalm\u0131\u015f s\u00f6zler bu roman\u0131n sayfalar\u0131nda tamamlan\u0131yor.Mustafa Ulusoy, \u0130nsan\u0131n Temel Ac\u0131lar\u0131 \u00dc\u00e7lemesi adl\u0131 roman serisinin \u0130lki Aynalar Koridorunda A\u015fk&#8221;tan sonra Giderken Bana Bir \u015eeyler S\u00f6yle ile ac\u0131lar\u0131n s\u0131rr\u0131m bir bir \u00e7\u00f6zmeye devam ediyor. Ayr\u0131l\u0131\u011f\u0131n binbir rengini anlat\u0131rken, d\u00f6n\u00fcp a\u015fka bir kez daha bakmay\u0131 da ihmal etmiyor. Roman, ola\u011fan\u00fcst\u00fc kurgusu, s\u00fcr\u00fckleyici diliyle, s\u0131ra d\u0131\u015f\u0131 bir kahraman\u0131n, bir Mele\u011fin g\u00f6z\u00fcnden bize bizi anlat\u0131yor, insan olarak var olman\u0131n \u0131zd\u0131rab\u0131n\u0131n \u015fifas\u0131na giden yollar\u0131 \u00f6n\u00fcm\u00fcze seriyor. Ya\u015fam denen s\u0131rr\u0131n i\u00e7indeki s\u0131rr\u0131 katman katman a\u00e7\u0131yor, dertlerimizin kayna\u011f\u0131n\u0131 g\u00f6sterip kalbimizi teskin ediyor.Bu roman\u0131 bitirince ayr\u0131l\u0131k, kaybetme ve \u00f6l\u00fcme dair korku\u00aclar\u0131n\u0131z\u0131n, kayg\u0131lar\u0131n\u0131z\u0131n hafifledi\u011fini; \u00f6l\u00fcm\u00fcn so\u011fuk y\u00fcz\u00fcn\u00fcn g\u00fcle\u00e7 bir surete d\u00f6n\u00fc\u015ft\u00fc\u011f\u00fcn\u00fc g\u00f6recek ve hayrete d\u00fc\u015feceksiniz:\u00d6l\u00fcm\u00fc hi\u00e7 b\u00f6yle d\u00fc\u015f\u00fcnmemi\u015ftim. Hayat\u0131, a\u015fk\u0131, \u00d6l\u00fcm\u00fc ve \u00f6l\u00fcm sonras\u0131n\u0131 merak edenlere&#8230; <\/p>\n","protected":false},"excerpt":{"rendered":"<p>\u201cAyr\u0131l\u0131rken s\u00f6ylenen s\u00f6zler, beraberken ya\u015fananlar\u0131n bir \u00f6zetidir.\u201dYa\u015fam denen s\u0131rr\u0131n i\u00e7inde bir s\u0131rd\u0131 o \u00dcst\u00fcne s\u00f6ylenen b\u00fct\u00fcn s\u00f6zler yar\u0131m Ad\u0131 ise baki kald\u0131: O s\u0131rr\u0131n ad\u0131 ayr\u0131l\u0131kt\u0131.<span class=\"excerpt-hellip\"> [\u2026]<\/span><\/p>\n","protected":false},"featured_media":0,"template":"","meta":{"_monsterinsights_skip_tracking":false,"_monsterinsights_sitenote_active":false,"_monsterinsights_sitenote_note":"","_monsterinsights_sitenote_category":0},"product_brand":[],"product_cat":[12291,12711],"product_tag":[],"class_list":{"0":"post-780386","1":"product","2":"type-product","3":"status-publish","5":"product_cat-edebiyat","6":"product_cat-roman-oyku","7":"pa_cilt-ciltsiz","8":"pa_tur-kitap","9":"pa_yayinevi-kapi-yayinlari","10":"pa_yazar-mustafa-ulusoy","12":"first","13":"instock","14":"sale","15":"shipping-taxable","16":"purchasable","17":"product-type-simple"},"_links":{"self":[{"href":"https:\/\/roveyayinevi.com.tr\/index.php\/wp-json\/wp\/v2\/product\/780386","targetHints":{"allow":["GET"]}}],"collection":[{"href":"https:\/\/roveyayinevi.com.tr\/index.php\/wp-json\/wp\/v2\/product"}],"about":[{"href":"https:\/\/roveyayinevi.com.tr\/index.php\/wp-json\/wp\/v2\/types\/product"}],"wp:attachment":[{"href":"https:\/\/roveyayinevi.com.tr\/index.php\/wp-json\/wp\/v2\/media?parent=780386"}],"wp:term":[{"taxonomy":"product_brand","embeddable":true,"href":"https:\/\/roveyayinevi.com.tr\/index.php\/wp-json\/wp\/v2\/product_brand?post=780386"},{"taxonomy":"product_cat","embeddable":true,"href":"https:\/\/roveyayinevi.com.tr\/index.php\/wp-json\/wp\/v2\/product_cat?post=780386"},{"taxonomy":"product_tag","embeddable":true,"href":"https:\/\/roveyayinevi.com.tr\/index.php\/wp-json\/wp\/v2\/product_tag?post=780386"}],"curies":[{"name":"wp","href":"https:\/\/api.w.org\/{rel}","templated":true}]}}