{"id":780384,"date":"2026-01-20T02:08:52","date_gmt":"2026-01-19T23:08:52","guid":{"rendered":"https:\/\/roveyayinevi.com.tr\/index.php\/urun\/dunyayi-sarsan-on-gun-2\/"},"modified":"2026-04-16T02:04:58","modified_gmt":"2026-04-15T23:04:58","slug":"dunyayi-sarsan-on-gun-2","status":"publish","type":"product","link":"https:\/\/roveyayinevi.com.tr\/index.php\/urun\/dunyayi-sarsan-on-gun-2\/","title":{"rendered":"D\u00fcnyay\u0131 Sarsan On G\u00fcn"},"content":{"rendered":"<p>D\u00fcnyay\u0131 Sarsan On G\u00fcn, 1917 Sovyet Devrimi&#8217;ni olanca canl\u0131l\u0131\u011f\u0131yla yans\u0131tan bir anlat\u0131d\u0131r.Devrimi g\u00fcnbeg\u00fcn izleyen Amerikal\u0131 gazeteci John Reed bir tarih\u00e7i titizli\u011fiyle, belgeleredayanarak kurar yap\u0131t\u0131n\u0131. Bu kitab\u0131 e\u015fsiz k\u0131lan, ba\u015fkald\u0131r\u0131n\u0131n a\u00e7\u0131\u011fa \u00e7\u0131kard\u0131\u011f\u0131 yarat\u0131c\u0131 enerjiylekaleme al\u0131nm\u0131\u015f olmas\u0131d\u0131r. \u00d6yle ki ba\u015f d\u00f6nd\u00fcr\u00fcc\u00fc bir ivmeyle geli\u015fen onca olay; gazete haberleri,polemikler, telgraflar, \u00e7a\u011fr\u0131lar ve bildiriler bir solukta okunmaktad\u0131r.Umutlu bir anlat\u0131d\u0131r D\u00fcnyay\u0131 Sarsan On G\u00fcn. Delik ayakkab\u0131lar i\u00e7inde \u00fc\u015f\u00fcyen ayaklar\u0131n umudu,isten kararm\u0131\u015f izbelerin kararl\u0131l\u0131\u011f\u0131, a\u00e7 midelerin cesareti \u00fczerinedir. \u0130\u015f\u00e7i s\u0131n\u0131f\u0131 tarih sahnesine birkez daha \u00e7\u0131kar: Ancak bu kez muzaffer \u00f6zne olarak&#8230; Tarih \u00e7izgisinin k\u0131r\u0131ld\u0131\u011f\u0131 bu noktada, JohnReed&#8217;in okurlar\u0131 da sars\u0131nt\u0131ya tan\u0131k olmaktalar. <\/p>\n","protected":false},"excerpt":{"rendered":"<p>D\u00fcnyay\u0131 Sarsan On G\u00fcn, 1917 Sovyet Devrimi&#8217;ni olanca canl\u0131l\u0131\u011f\u0131yla yans\u0131tan bir anlat\u0131d\u0131r.Devrimi g\u00fcnbeg\u00fcn izleyen Amerikal\u0131 gazeteci John Reed bir tarih\u00e7i titizli\u011fiyle, belgeleredayanarak kurar yap\u0131t\u0131n\u0131. Bu kitab\u0131<span class=\"excerpt-hellip\"> [\u2026]<\/span><\/p>\n","protected":false},"featured_media":0,"template":"","meta":{"_monsterinsights_skip_tracking":false,"_monsterinsights_sitenote_active":false,"_monsterinsights_sitenote_note":"","_monsterinsights_sitenote_category":0},"product_brand":[],"product_cat":[12337,16547],"product_tag":[],"class_list":{"0":"post-780384","1":"product","2":"type-product","3":"status-publish","5":"product_cat-politika-siyaset","6":"product_cat-sol-hareketler","7":"pa_cilt-ciltsiz","8":"pa_tur-kitap","9":"pa_yayinevi-yordam-kitap","10":"pa_yazar-john-reed","12":"first","13":"instock","14":"sale","15":"shipping-taxable","16":"purchasable","17":"product-type-simple"},"_links":{"self":[{"href":"https:\/\/roveyayinevi.com.tr\/index.php\/wp-json\/wp\/v2\/product\/780384","targetHints":{"allow":["GET"]}}],"collection":[{"href":"https:\/\/roveyayinevi.com.tr\/index.php\/wp-json\/wp\/v2\/product"}],"about":[{"href":"https:\/\/roveyayinevi.com.tr\/index.php\/wp-json\/wp\/v2\/types\/product"}],"wp:attachment":[{"href":"https:\/\/roveyayinevi.com.tr\/index.php\/wp-json\/wp\/v2\/media?parent=780384"}],"wp:term":[{"taxonomy":"product_brand","embeddable":true,"href":"https:\/\/roveyayinevi.com.tr\/index.php\/wp-json\/wp\/v2\/product_brand?post=780384"},{"taxonomy":"product_cat","embeddable":true,"href":"https:\/\/roveyayinevi.com.tr\/index.php\/wp-json\/wp\/v2\/product_cat?post=780384"},{"taxonomy":"product_tag","embeddable":true,"href":"https:\/\/roveyayinevi.com.tr\/index.php\/wp-json\/wp\/v2\/product_tag?post=780384"}],"curies":[{"name":"wp","href":"https:\/\/api.w.org\/{rel}","templated":true}]}}