{"id":780380,"date":"2026-01-20T02:05:56","date_gmt":"2026-01-19T23:05:56","guid":{"rendered":"https:\/\/roveyayinevi.com.tr\/index.php\/urun\/eski-yunan\/"},"modified":"2026-01-26T02:05:35","modified_gmt":"2026-01-25T23:05:35","slug":"eski-yunan","status":"publish","type":"product","link":"https:\/\/roveyayinevi.com.tr\/index.php\/urun\/eski-yunan\/","title":{"rendered":"Eski Yunan"},"content":{"rendered":"<p>Etkileri bug\u00fcn h\u00e2l\u00e2 s\u00fcren ve k\u00f6kenleri g\u00fcn\u00fcm\u00fczden yakla\u015f\u0131k 3500 y\u0131l \u00f6ncesine uzanan Eski Yunan uygarl\u0131\u011f\u0131, felseden siyasete, sanattan bilime, edebiyata kadar her anlamda \u00f6zg\u00fcn ve tarihsel temellere sahip bir k\u00fclt\u00fcr olarak insanl\u0131k tarihinin en \u00f6nemli par\u00e7alar\u0131ndan birisini olu\u015fturur. <\/p>\n","protected":false},"excerpt":{"rendered":"<p>Etkileri bug\u00fcn h\u00e2l\u00e2 s\u00fcren ve k\u00f6kenleri g\u00fcn\u00fcm\u00fczden yakla\u015f\u0131k 3500 y\u0131l \u00f6ncesine uzanan Eski Yunan uygarl\u0131\u011f\u0131, felseden siyasete, sanattan bilime, edebiyata kadar her anlamda \u00f6zg\u00fcn ve tarihsel<span class=\"excerpt-hellip\"> [\u2026]<\/span><\/p>\n","protected":false},"featured_media":0,"template":"","meta":{"_monsterinsights_skip_tracking":false,"_monsterinsights_sitenote_active":false,"_monsterinsights_sitenote_note":"","_monsterinsights_sitenote_category":0},"product_brand":[],"product_cat":[12312,12304],"product_tag":[],"class_list":{"0":"post-780380","1":"product","2":"type-product","3":"status-publish","5":"product_cat-diger","6":"product_cat-tarih","7":"pa_cilt-ciltsiz","8":"pa_tur-kitap","9":"pa_yayinevi-say-yayinlari","10":"pa_yazar-thomas-r-martin","12":"first","13":"instock","14":"sale","15":"shipping-taxable","16":"purchasable","17":"product-type-simple"},"_links":{"self":[{"href":"https:\/\/roveyayinevi.com.tr\/index.php\/wp-json\/wp\/v2\/product\/780380","targetHints":{"allow":["GET"]}}],"collection":[{"href":"https:\/\/roveyayinevi.com.tr\/index.php\/wp-json\/wp\/v2\/product"}],"about":[{"href":"https:\/\/roveyayinevi.com.tr\/index.php\/wp-json\/wp\/v2\/types\/product"}],"wp:attachment":[{"href":"https:\/\/roveyayinevi.com.tr\/index.php\/wp-json\/wp\/v2\/media?parent=780380"}],"wp:term":[{"taxonomy":"product_brand","embeddable":true,"href":"https:\/\/roveyayinevi.com.tr\/index.php\/wp-json\/wp\/v2\/product_brand?post=780380"},{"taxonomy":"product_cat","embeddable":true,"href":"https:\/\/roveyayinevi.com.tr\/index.php\/wp-json\/wp\/v2\/product_cat?post=780380"},{"taxonomy":"product_tag","embeddable":true,"href":"https:\/\/roveyayinevi.com.tr\/index.php\/wp-json\/wp\/v2\/product_tag?post=780380"}],"curies":[{"name":"wp","href":"https:\/\/api.w.org\/{rel}","templated":true}]}}