{"id":780372,"date":"2026-01-20T02:01:39","date_gmt":"2026-01-19T23:01:39","guid":{"rendered":"https:\/\/roveyayinevi.com.tr\/index.php\/urun\/kirk-guzeller-cesmesi\/"},"modified":"2026-02-27T02:01:55","modified_gmt":"2026-02-26T23:01:55","slug":"kirk-guzeller-cesmesi","status":"publish","type":"product","link":"https:\/\/roveyayinevi.com.tr\/index.php\/urun\/kirk-guzeller-cesmesi\/","title":{"rendered":"K\u0131rk G\u00fczeller \u00c7e\u015fmesi"},"content":{"rendered":"<p>Sen burada, bug\u00fcn art\u0131k kaybetti\u011fimiz de\u011ferlerimizle ilgili (nezaket, hay\u00e2, tevekk\u00fcl, merhamet, sab\u0131r, tefekk\u00fcr, sadakat, dua, kanaat, g\u00f6zya\u015f\u0131 vs.) k\u0131rk \u00f6\u011f\u00fct bulacak ve bunlar\u0131 \u015fiirsel ilhamlarla okuyacaks\u0131n. Belki yaz\u0131n\u0131n i\u00e7indeki \u00f6\u011f\u00fcd\u00fc alacak, k\u0131ssadan hisse dam\u0131tacak, belki de unutuvereceksin. Ama ben sevgili okuyucu, bu yaz\u0131lar\u0131, Efendim, Her kim benim hadislerimden k\u0131rk tanesini belleyip ba\u015fkalar\u0131na da \u00f6\u011fretirse, k\u0131yamet g\u00fcn\u00fcnde Allah onu bilginler ve fakihler aras\u0131nda diriltsin! buyurdu\u011fu i\u00e7in yazd\u0131m. \u0130sterim ki, sen de \u00f6yle okuyas\u0131n ve zihninde birka\u00e7 g\u00fcn gezdiresin. Hem kim bilir, bug\u00fcn d\u00fcn oldu\u011funda, belki de seninle ikimiz, O\u2019nun meclisinde bulu\u015fur, bunlar\u0131 yeniden s\u00f6yle\u015firiz. <\/p>\n","protected":false},"excerpt":{"rendered":"<p>Sen burada, bug\u00fcn art\u0131k kaybetti\u011fimiz de\u011ferlerimizle ilgili (nezaket, hay\u00e2, tevekk\u00fcl, merhamet, sab\u0131r, tefekk\u00fcr, sadakat, dua, kanaat, g\u00f6zya\u015f\u0131 vs.) k\u0131rk \u00f6\u011f\u00fct bulacak ve bunlar\u0131 \u015fiirsel ilhamlarla okuyacaks\u0131n.<span class=\"excerpt-hellip\"> [\u2026]<\/span><\/p>\n","protected":false},"featured_media":0,"template":"","meta":{"_monsterinsights_skip_tracking":false,"_monsterinsights_sitenote_active":false,"_monsterinsights_sitenote_note":"","_monsterinsights_sitenote_category":0},"product_brand":[],"product_cat":[12777,12291],"product_tag":[],"class_list":{"0":"post-780372","1":"product","2":"type-product","3":"status-publish","5":"product_cat-deneme","6":"product_cat-edebiyat","7":"pa_cilt-ciltsiz","8":"pa_tur-kitap","9":"pa_yayinevi-kapi-yayinlari","10":"pa_yazar-iskender-pala","12":"first","13":"instock","14":"sale","15":"shipping-taxable","16":"purchasable","17":"product-type-simple"},"_links":{"self":[{"href":"https:\/\/roveyayinevi.com.tr\/index.php\/wp-json\/wp\/v2\/product\/780372","targetHints":{"allow":["GET"]}}],"collection":[{"href":"https:\/\/roveyayinevi.com.tr\/index.php\/wp-json\/wp\/v2\/product"}],"about":[{"href":"https:\/\/roveyayinevi.com.tr\/index.php\/wp-json\/wp\/v2\/types\/product"}],"wp:attachment":[{"href":"https:\/\/roveyayinevi.com.tr\/index.php\/wp-json\/wp\/v2\/media?parent=780372"}],"wp:term":[{"taxonomy":"product_brand","embeddable":true,"href":"https:\/\/roveyayinevi.com.tr\/index.php\/wp-json\/wp\/v2\/product_brand?post=780372"},{"taxonomy":"product_cat","embeddable":true,"href":"https:\/\/roveyayinevi.com.tr\/index.php\/wp-json\/wp\/v2\/product_cat?post=780372"},{"taxonomy":"product_tag","embeddable":true,"href":"https:\/\/roveyayinevi.com.tr\/index.php\/wp-json\/wp\/v2\/product_tag?post=780372"}],"curies":[{"name":"wp","href":"https:\/\/api.w.org\/{rel}","templated":true}]}}