{"id":780370,"date":"2026-01-20T02:00:57","date_gmt":"2026-01-19T23:00:57","guid":{"rendered":"https:\/\/roveyayinevi.com.tr\/index.php\/urun\/guller-kitabi\/"},"modified":"2026-03-09T02:01:29","modified_gmt":"2026-03-08T23:01:29","slug":"guller-kitabi","status":"publish","type":"product","link":"https:\/\/roveyayinevi.com.tr\/index.php\/urun\/guller-kitabi\/","title":{"rendered":"G\u00fcller Kitab\u0131"},"content":{"rendered":"<p>G\u00fcl, zaman zaman l\u00e2le ve karanfil gibi zorlu rakiplerle m\u00fccadele etmek zorunda kalm\u0131\u015fsa da, saltanat\u0131n\u0131 her zaman korumu\u015f, b\u00fct\u00fcn \u00e7i\u00e7ekleri, hatta tabiat\u0131 \u00f6zetleyen bir \u00e7i\u00e7ektir. Asl\u0131nda her \u00e7i\u00e7ek g\u00fcl d\u00fcr ve g\u00fcl, tabiattaki g\u00f6r\u00fcnt\u00fc \u00e7oklu\u011funun arkas\u0131nda var olan gizli birli\u011fe i\u015faret eder. G\u00fcller Kitab\u0131nda T\u00fcrk k\u00fclt\u00fcr\u00fcn\u00fcn \u00e7i\u00e7ek maceras\u0131, bu sebeple g\u00fcl etraf\u0131nda anlat\u0131lmaktad\u0131r. Sadece \u00e7i\u00e7ek maceras\u0131 m\u0131? G\u00f6\u00e7ebelik devirlerimizden bug\u00fcne kadar \u00e7i\u00e7ekler etraf\u0131nda geli\u015ftirdi\u011fimiz incelikli k\u00fclt\u00fcr, derin duyarl\u0131k, tabiata farkl\u0131 bak\u0131\u015f\u0131m\u0131z ve bu bak\u0131\u015f tarz\u0131ndaki de\u011fi\u015fmeler de G\u00fcller Kitab\u0131n\u0131n ba\u015fl\u0131ca konular\u0131 aras\u0131nda yer al\u0131yor. T\u00fcrkiye Yazarlar Birli\u011fi taraf\u0131ndan 1992 y\u0131l\u0131nda inceleme dal\u0131nda \u00f6d\u00fcle lay\u0131k g\u00f6r\u00fclen, G\u00fcller Kitab\u0131 n\u0131 okumak, yazar\u0131yla birlikte k\u00fclt\u00fcr\u00fcm\u00fcz\u00fcn uzun ince yollar\u0131nda zevkli bir yolculu\u011fa \u00e7\u0131kmak demektir. \ufffcTan\u0131t\u0131m Metni<\/p>\n","protected":false},"excerpt":{"rendered":"<p>G\u00fcl, zaman zaman l\u00e2le ve karanfil gibi zorlu rakiplerle m\u00fccadele etmek zorunda kalm\u0131\u015fsa da, saltanat\u0131n\u0131 her zaman korumu\u015f, b\u00fct\u00fcn \u00e7i\u00e7ekleri, hatta tabiat\u0131 \u00f6zetleyen bir \u00e7i\u00e7ektir. Asl\u0131nda<span class=\"excerpt-hellip\"> [\u2026]<\/span><\/p>\n","protected":false},"featured_media":0,"template":"","meta":{"_monsterinsights_skip_tracking":false,"_monsterinsights_sitenote_active":false,"_monsterinsights_sitenote_note":"","_monsterinsights_sitenote_category":0},"product_brand":[],"product_cat":[12777,12291],"product_tag":[],"class_list":{"0":"post-780370","1":"product","2":"type-product","3":"status-publish","5":"product_cat-deneme","6":"product_cat-edebiyat","7":"pa_cilt-ciltsiz","8":"pa_tur-kitap","9":"pa_yayinevi-kapi-yayinlari","10":"pa_yazar-besir-ayvazoglu","12":"first","13":"instock","14":"sale","15":"shipping-taxable","16":"purchasable","17":"product-type-simple"},"_links":{"self":[{"href":"https:\/\/roveyayinevi.com.tr\/index.php\/wp-json\/wp\/v2\/product\/780370","targetHints":{"allow":["GET"]}}],"collection":[{"href":"https:\/\/roveyayinevi.com.tr\/index.php\/wp-json\/wp\/v2\/product"}],"about":[{"href":"https:\/\/roveyayinevi.com.tr\/index.php\/wp-json\/wp\/v2\/types\/product"}],"wp:attachment":[{"href":"https:\/\/roveyayinevi.com.tr\/index.php\/wp-json\/wp\/v2\/media?parent=780370"}],"wp:term":[{"taxonomy":"product_brand","embeddable":true,"href":"https:\/\/roveyayinevi.com.tr\/index.php\/wp-json\/wp\/v2\/product_brand?post=780370"},{"taxonomy":"product_cat","embeddable":true,"href":"https:\/\/roveyayinevi.com.tr\/index.php\/wp-json\/wp\/v2\/product_cat?post=780370"},{"taxonomy":"product_tag","embeddable":true,"href":"https:\/\/roveyayinevi.com.tr\/index.php\/wp-json\/wp\/v2\/product_tag?post=780370"}],"curies":[{"name":"wp","href":"https:\/\/api.w.org\/{rel}","templated":true}]}}