{"id":780369,"date":"2026-01-20T02:00:54","date_gmt":"2026-01-19T23:00:54","guid":{"rendered":"https:\/\/roveyayinevi.com.tr\/index.php\/urun\/divan-edebiyati-estetigi\/"},"modified":"2026-04-16T01:59:56","modified_gmt":"2026-04-15T22:59:56","slug":"divan-edebiyati-estetigi","status":"publish","type":"product","link":"https:\/\/roveyayinevi.com.tr\/index.php\/urun\/divan-edebiyati-estetigi\/","title":{"rendered":"Divan Edebiyat\u0131 Esteti\u011fi"},"content":{"rendered":"<p>Divan Edebiyat\u0131 Esteti\u011fi; titizlikle incelenmi\u015f y\u00fczlercemetinden gelen birikimin \u00fcr\u00fcn\u00fc. Eski T\u00fcrk edebiyat\u0131 ara\u015ft\u0131rmac\u0131s\u0131 Cihan Okuyucu, Divan \u015fiirini &#8220;estetik&#8221; de\u011ferleriyle tart\u0131\u015f\u0131yor. Bu tart\u0131\u015fmal\u0131 alanda yazm\u0131\u015f b\u00fct\u00fcn usta kalemlerin \u00e7\u0131kar\u0131mlar\u0131n\u0131 masaya yat\u0131rarak yeni bir senteze ula\u015fmaya \u00e7al\u0131\u015f\u0131yor. Ahmet Hamdi Tanp\u0131nar&#8217;dan Walter Andrews&#8217;e, Fuat K\u00f6pr\u00fcl\u00fc&#8217;den Ali Nihat Tarlan&#8217;a, Yahya Kemal&#8217;den Victoria Holbrook&#8217;a, Ag\u00e2h S\u0131rr\u0131Levend&#8217;e geni\u015f bir Divan Edebiyat\u0131 ara\u015ft\u0131rmalar\u0131 kitapl\u0131\u011f\u0131, Okuyucu&#8217;nun bu \u00e7al\u0131\u015fmas\u0131nda imbikten ge\u00e7iriliyor.<\/p>\n","protected":false},"excerpt":{"rendered":"<p>Divan Edebiyat\u0131 Esteti\u011fi; titizlikle incelenmi\u015f y\u00fczlercemetinden gelen birikimin \u00fcr\u00fcn\u00fc. Eski T\u00fcrk edebiyat\u0131 ara\u015ft\u0131rmac\u0131s\u0131 Cihan Okuyucu, Divan \u015fiirini &#8220;estetik&#8221; de\u011ferleriyle tart\u0131\u015f\u0131yor. Bu tart\u0131\u015fmal\u0131 alanda yazm\u0131\u015f b\u00fct\u00fcn usta<span class=\"excerpt-hellip\"> [\u2026]<\/span><\/p>\n","protected":false},"featured_media":0,"template":"","meta":{"_monsterinsights_skip_tracking":false,"_monsterinsights_sitenote_active":false,"_monsterinsights_sitenote_note":"","_monsterinsights_sitenote_category":0},"product_brand":[],"product_cat":[13072,12291],"product_tag":[],"class_list":{"0":"post-780369","1":"product","2":"type-product","3":"status-publish","5":"product_cat-arastirma-inceleme-referans","6":"product_cat-edebiyat","7":"pa_cilt-ciltsiz","8":"pa_tur-kitap","9":"pa_yayinevi-kapi-yayinlari","10":"pa_yazar-cihan-okuyucu","12":"first","13":"instock","14":"sale","15":"shipping-taxable","16":"purchasable","17":"product-type-simple"},"_links":{"self":[{"href":"https:\/\/roveyayinevi.com.tr\/index.php\/wp-json\/wp\/v2\/product\/780369","targetHints":{"allow":["GET"]}}],"collection":[{"href":"https:\/\/roveyayinevi.com.tr\/index.php\/wp-json\/wp\/v2\/product"}],"about":[{"href":"https:\/\/roveyayinevi.com.tr\/index.php\/wp-json\/wp\/v2\/types\/product"}],"wp:attachment":[{"href":"https:\/\/roveyayinevi.com.tr\/index.php\/wp-json\/wp\/v2\/media?parent=780369"}],"wp:term":[{"taxonomy":"product_brand","embeddable":true,"href":"https:\/\/roveyayinevi.com.tr\/index.php\/wp-json\/wp\/v2\/product_brand?post=780369"},{"taxonomy":"product_cat","embeddable":true,"href":"https:\/\/roveyayinevi.com.tr\/index.php\/wp-json\/wp\/v2\/product_cat?post=780369"},{"taxonomy":"product_tag","embeddable":true,"href":"https:\/\/roveyayinevi.com.tr\/index.php\/wp-json\/wp\/v2\/product_tag?post=780369"}],"curies":[{"name":"wp","href":"https:\/\/api.w.org\/{rel}","templated":true}]}}