{"id":780366,"date":"2026-01-20T01:59:41","date_gmt":"2026-01-19T22:59:41","guid":{"rendered":"https:\/\/roveyayinevi.com.tr\/index.php\/urun\/magaradakiler\/"},"modified":"2026-04-16T01:58:46","modified_gmt":"2026-04-15T22:58:46","slug":"magaradakiler","status":"publish","type":"product","link":"https:\/\/roveyayinevi.com.tr\/index.php\/urun\/magaradakiler\/","title":{"rendered":"Ma\u011faradakiler"},"content":{"rendered":"<p>Ayd\u0131n m\u0131 dersiniz, entelekt\u00fcel mi dersiniz? \u0130ki kavrama farkl\u0131 anlamlar m\u0131 y\u00fcklersiniz? Ayd\u0131nlardan\/ entelekt\u00fcellerden \u00e7ok \u015feyler mi beklersiniz, hi\u00e7bir \u015fey beklemez misiniz?.. \u00d6yle ya da b\u00f6yle, k\u00fclt\u00fcrle derinlemesine al\u0131\u015fveri\u015f kayg\u0131n\u0131z varsa, zaman eksenine d\u00fc\u015f\u00fcnce mesaisi d\u00fc\u015f\u00fcrebiliyorsan\u0131z, bu kavramlar \u00fczerine kafa yorars\u0131n\u0131z, bu sorulara cevap arars\u0131n\u0131z, ufuk arars\u0131n\u0131z. Cemil Meri\u00e7\u2019in \u201chakikatte i\u00e7i de, d\u0131\u015f\u0131 da bir\u201d ma\u011faray\u0131 anlatt\u0131\u011f\u0131 kitap, Ma\u011faradakiler, bir \u201cgeni\u015f ufuk\u201d kitab\u0131.<\/p>\n","protected":false},"excerpt":{"rendered":"<p>Ayd\u0131n m\u0131 dersiniz, entelekt\u00fcel mi dersiniz? \u0130ki kavrama farkl\u0131 anlamlar m\u0131 y\u00fcklersiniz? Ayd\u0131nlardan\/ entelekt\u00fcellerden \u00e7ok \u015feyler mi beklersiniz, hi\u00e7bir \u015fey beklemez misiniz?.. \u00d6yle ya da b\u00f6yle,<span class=\"excerpt-hellip\"> [\u2026]<\/span><\/p>\n","protected":false},"featured_media":0,"template":"","meta":{"_monsterinsights_skip_tracking":false,"_monsterinsights_sitenote_active":false,"_monsterinsights_sitenote_note":"","_monsterinsights_sitenote_category":0},"product_brand":[],"product_cat":[13633,12324],"product_tag":[],"class_list":{"0":"post-780366","1":"product","2":"type-product","3":"status-publish","5":"product_cat-kultur-ve-bilim","6":"product_cat-sosyoloji","7":"pa_cilt-ciltsiz","8":"pa_tur-kitap","9":"pa_yayinevi-iletisim-yayinlari","10":"pa_yazar-cemil-meric","12":"first","13":"instock","14":"sale","15":"shipping-taxable","16":"purchasable","17":"product-type-simple"},"_links":{"self":[{"href":"https:\/\/roveyayinevi.com.tr\/index.php\/wp-json\/wp\/v2\/product\/780366","targetHints":{"allow":["GET"]}}],"collection":[{"href":"https:\/\/roveyayinevi.com.tr\/index.php\/wp-json\/wp\/v2\/product"}],"about":[{"href":"https:\/\/roveyayinevi.com.tr\/index.php\/wp-json\/wp\/v2\/types\/product"}],"wp:attachment":[{"href":"https:\/\/roveyayinevi.com.tr\/index.php\/wp-json\/wp\/v2\/media?parent=780366"}],"wp:term":[{"taxonomy":"product_brand","embeddable":true,"href":"https:\/\/roveyayinevi.com.tr\/index.php\/wp-json\/wp\/v2\/product_brand?post=780366"},{"taxonomy":"product_cat","embeddable":true,"href":"https:\/\/roveyayinevi.com.tr\/index.php\/wp-json\/wp\/v2\/product_cat?post=780366"},{"taxonomy":"product_tag","embeddable":true,"href":"https:\/\/roveyayinevi.com.tr\/index.php\/wp-json\/wp\/v2\/product_tag?post=780366"}],"curies":[{"name":"wp","href":"https:\/\/api.w.org\/{rel}","templated":true}]}}