{"id":780363,"date":"2026-01-20T01:59:20","date_gmt":"2026-01-19T22:59:20","guid":{"rendered":"https:\/\/roveyayinevi.com.tr\/index.php\/urun\/beden-dili-4\/"},"modified":"2026-04-16T01:58:35","modified_gmt":"2026-04-15T22:58:35","slug":"beden-dili-4","status":"publish","type":"product","link":"https:\/\/roveyayinevi.com.tr\/index.php\/urun\/beden-dili-4\/","title":{"rendered":"Beden Dili"},"content":{"rendered":"<p>Genellikle, ba\u015fkalar\u0131na g\u00f6nderdi\u011fimiz g\u00f6rsel mesajlar\u0131 nesnel olarak bildi\u011fimizi san\u0131r\u0131z. G\u00f6r\u00fcn\u00fc\u015f\u00fcm\u00fczde \u00f6nemli buldu\u011fumuz \u015feyleri ba\u015fkalar\u0131 fark edemezken, nadiren fark\u0131na vard\u0131\u011f\u0131m\u0131z y\u00fcz ifadeleri ile beden dili yorulmak bilmeden d\u0131\u015f d\u00fcnyaya hayat\u00ee sinyaller g\u00f6nderir. <\/p>\n","protected":false},"excerpt":{"rendered":"<p>Genellikle, ba\u015fkalar\u0131na g\u00f6nderdi\u011fimiz g\u00f6rsel mesajlar\u0131 nesnel olarak bildi\u011fimizi san\u0131r\u0131z. G\u00f6r\u00fcn\u00fc\u015f\u00fcm\u00fczde \u00f6nemli buldu\u011fumuz \u015feyleri ba\u015fkalar\u0131 fark edemezken, nadiren fark\u0131na vard\u0131\u011f\u0131m\u0131z y\u00fcz ifadeleri ile beden dili yorulmak bilmeden<span class=\"excerpt-hellip\"> [\u2026]<\/span><\/p>\n","protected":false},"featured_media":0,"template":"","meta":{"_monsterinsights_skip_tracking":false,"_monsterinsights_sitenote_active":false,"_monsterinsights_sitenote_note":"","_monsterinsights_sitenote_category":0},"product_brand":[],"product_cat":[13043,14754],"product_tag":[],"class_list":{"0":"post-780363","1":"product","2":"type-product","3":"status-publish","5":"product_cat-ekonomi","6":"product_cat-halkla-iliskiler-insan-kaynaklari","7":"pa_tur-kitap","8":"pa_yayinevi-alfa-yayinlari","9":"pa_yazar-judi-james","11":"first","12":"instock","13":"sale","14":"shipping-taxable","15":"purchasable","16":"product-type-simple"},"_links":{"self":[{"href":"https:\/\/roveyayinevi.com.tr\/index.php\/wp-json\/wp\/v2\/product\/780363","targetHints":{"allow":["GET"]}}],"collection":[{"href":"https:\/\/roveyayinevi.com.tr\/index.php\/wp-json\/wp\/v2\/product"}],"about":[{"href":"https:\/\/roveyayinevi.com.tr\/index.php\/wp-json\/wp\/v2\/types\/product"}],"wp:attachment":[{"href":"https:\/\/roveyayinevi.com.tr\/index.php\/wp-json\/wp\/v2\/media?parent=780363"}],"wp:term":[{"taxonomy":"product_brand","embeddable":true,"href":"https:\/\/roveyayinevi.com.tr\/index.php\/wp-json\/wp\/v2\/product_brand?post=780363"},{"taxonomy":"product_cat","embeddable":true,"href":"https:\/\/roveyayinevi.com.tr\/index.php\/wp-json\/wp\/v2\/product_cat?post=780363"},{"taxonomy":"product_tag","embeddable":true,"href":"https:\/\/roveyayinevi.com.tr\/index.php\/wp-json\/wp\/v2\/product_tag?post=780363"}],"curies":[{"name":"wp","href":"https:\/\/api.w.org\/{rel}","templated":true}]}}