{"id":780356,"date":"2025-12-30T12:38:38","date_gmt":"2025-12-30T09:38:38","guid":{"rendered":"https:\/\/roveyayinevi.com.tr\/index.php\/urun\/menekseler\/"},"modified":"2026-04-15T03:45:21","modified_gmt":"2026-04-15T00:45:21","slug":"menekseler","status":"publish","type":"product","link":"https:\/\/roveyayinevi.com.tr\/index.php\/urun\/menekseler\/","title":{"rendered":"Menek\u015feler"},"content":{"rendered":"<p>Menek\u015fe o g\u00fcnden sonra kendini evine kapatt\u0131, g\u00fcnlerce evinden hi\u00e7 \u00e7\u0131kmad\u0131\u011f\u0131 oldu. Kimseye k\u0131zmad\u0131, hayata k\u00fcsmedi. Ya\u015fanan onca haks\u0131zl\u0131\u011fa da g\u00f6z yummad\u0131. Sadece yorgundu ve ya\u015flan\u0131yordu. Dostlar\u0131 ile zaman zaman bir araya geliyor, kalan \u00f6mr\u00fcn\u00fc olabildi\u011fince g\u00fczelle\u015ftiriyordu. Antika odas\u0131nda kedisi ve \u00e7i\u00e7ekleri ile her ak\u015fam\u00fcst\u00fc g\u00f6ky\u00fcz\u00fcne bakarak bir bardak karanfilli \u00e7ayla ve iki damla g\u00f6zya\u015f\u0131yla kaybetti\u011fi dostlar\u0131n\u0131 selaml\u0131yordu ve her zaman \u015funu s\u00f6yl\u00fcyordu: \u201cBir g\u00fcn her \u015fey \u00e7ok g\u00fczel olacak. \u0130nsanl\u0131k kazanacak. Herbirimiz bir yerlerde bir meyve a\u011fac\u0131 ya da bir \u00e7i\u00e7ek olarak ya\u015fayaca\u011f\u0131z dostlar\u0131m\u2026\u201d<\/p>\n","protected":false},"excerpt":{"rendered":"<p>Menek\u015fe o g\u00fcnden sonra kendini evine kapatt\u0131, g\u00fcnlerce evinden hi\u00e7 \u00e7\u0131kmad\u0131\u011f\u0131 oldu. Kimseye k\u0131zmad\u0131, hayata k\u00fcsmedi. Ya\u015fanan onca haks\u0131zl\u0131\u011fa da g\u00f6z yummad\u0131. Sadece yorgundu ve ya\u015flan\u0131yordu.<span class=\"excerpt-hellip\"> [\u2026]<\/span><\/p>\n","protected":false},"featured_media":0,"template":"","meta":{"_monsterinsights_skip_tracking":false,"_monsterinsights_sitenote_active":false,"_monsterinsights_sitenote_note":"","_monsterinsights_sitenote_category":0},"product_brand":[],"product_cat":[12291,12711],"product_tag":[],"class_list":{"0":"post-780356","1":"product","2":"type-product","3":"status-publish","5":"product_cat-edebiyat","6":"product_cat-roman-oyku","7":"pa_cilt-ciltsiz","8":"pa_tur-kitap","9":"pa_yayinevi-mim-kitap","10":"pa_yazar-sukran-eken","12":"first","13":"instock","14":"sale","15":"shipping-taxable","16":"purchasable","17":"product-type-simple"},"_links":{"self":[{"href":"https:\/\/roveyayinevi.com.tr\/index.php\/wp-json\/wp\/v2\/product\/780356","targetHints":{"allow":["GET"]}}],"collection":[{"href":"https:\/\/roveyayinevi.com.tr\/index.php\/wp-json\/wp\/v2\/product"}],"about":[{"href":"https:\/\/roveyayinevi.com.tr\/index.php\/wp-json\/wp\/v2\/types\/product"}],"wp:attachment":[{"href":"https:\/\/roveyayinevi.com.tr\/index.php\/wp-json\/wp\/v2\/media?parent=780356"}],"wp:term":[{"taxonomy":"product_brand","embeddable":true,"href":"https:\/\/roveyayinevi.com.tr\/index.php\/wp-json\/wp\/v2\/product_brand?post=780356"},{"taxonomy":"product_cat","embeddable":true,"href":"https:\/\/roveyayinevi.com.tr\/index.php\/wp-json\/wp\/v2\/product_cat?post=780356"},{"taxonomy":"product_tag","embeddable":true,"href":"https:\/\/roveyayinevi.com.tr\/index.php\/wp-json\/wp\/v2\/product_tag?post=780356"}],"curies":[{"name":"wp","href":"https:\/\/api.w.org\/{rel}","templated":true}]}}