{"id":780355,"date":"2025-12-30T12:38:36","date_gmt":"2025-12-30T09:38:36","guid":{"rendered":"https:\/\/roveyayinevi.com.tr\/index.php\/urun\/toplumsal-bilimsel-biyolojik-devrim\/"},"modified":"2026-04-15T03:45:19","modified_gmt":"2026-04-15T00:45:19","slug":"toplumsal-bilimsel-biyolojik-devrim","status":"publish","type":"product","link":"https:\/\/roveyayinevi.com.tr\/index.php\/urun\/toplumsal-bilimsel-biyolojik-devrim\/","title":{"rendered":"Toplumsal Bilimsel Biyolojik Devrim"},"content":{"rendered":"<p>OKAN LEVENT K\u00dc\u00c7\u00dcKERSAN\u2019\u0131n Toplumsal, Bilimsel, Biyolojik Devrim Kitab\u0131 10 ciltlik kuram setinin 1. Kitab\u0131.   \u201cBaz\u0131 kitaplar vard\u0131r, sadece bilgi vermez; belirli bir safta konumlan\u0131r. Bu \u00e7al\u0131\u015fma da \u00f6yle: Toplumsal d\u00f6n\u00fc\u015f\u00fcm, bilimsel devrim ve biyolojik evrim aras\u0131ndaki ili\u015fkileri diyalektik materyalist bir perspektifle ele alan, ideolojik \u00e7at\u0131\u015fmalar\u0131n tam ortas\u0131nda \u015fekillendi\u011fini a\u00e7\u0131k\u00e7a ortaya koyan bir m\u00fcdahaledir. Bu kitap yaln\u0131zca kuramsal bir tart\u0131\u015fma y\u00fcr\u00fctm\u00fcyor; ayn\u0131 zamanda egemen ideolojinin yeniden \u00fcre tim arac\u0131 haline getirilmi\u015f bilgi bi\u00e7imlerine, \u00fcretici g\u00fc\u00e7lerin denetimi ve art\u0131-de\u011fer \u00fcretiminin geni\u015fletilmesi amac\u0131yla daralt\u0131lm\u0131\u015f, kapitalist bilim anlay\u0131\u015f\u0131na<\/p>\n","protected":false},"excerpt":{"rendered":"<p>OKAN LEVENT K\u00dc\u00c7\u00dcKERSAN\u2019\u0131n Toplumsal, Bilimsel, Biyolojik Devrim Kitab\u0131 10 ciltlik kuram setinin 1. Kitab\u0131. \u201cBaz\u0131 kitaplar vard\u0131r, sadece bilgi vermez; belirli bir safta konumlan\u0131r. Bu \u00e7al\u0131\u015fma<span class=\"excerpt-hellip\"> [\u2026]<\/span><\/p>\n","protected":false},"featured_media":0,"template":"","meta":{"_monsterinsights_skip_tracking":false,"_monsterinsights_sitenote_active":false,"_monsterinsights_sitenote_note":"","_monsterinsights_sitenote_category":0},"product_brand":[],"product_cat":[12325,12324],"product_tag":[],"class_list":{"0":"post-780355","1":"product","2":"type-product","3":"status-publish","5":"product_cat-diger-sosyoloji","6":"product_cat-sosyoloji","7":"pa_cilt-ciltsiz","8":"pa_tur-kitap","9":"pa_yayinevi-nitelik-kitap","10":"pa_yazar-okan-levent-kucukersan","12":"first","13":"instock","14":"sale","15":"shipping-taxable","16":"purchasable","17":"product-type-simple"},"_links":{"self":[{"href":"https:\/\/roveyayinevi.com.tr\/index.php\/wp-json\/wp\/v2\/product\/780355","targetHints":{"allow":["GET"]}}],"collection":[{"href":"https:\/\/roveyayinevi.com.tr\/index.php\/wp-json\/wp\/v2\/product"}],"about":[{"href":"https:\/\/roveyayinevi.com.tr\/index.php\/wp-json\/wp\/v2\/types\/product"}],"wp:attachment":[{"href":"https:\/\/roveyayinevi.com.tr\/index.php\/wp-json\/wp\/v2\/media?parent=780355"}],"wp:term":[{"taxonomy":"product_brand","embeddable":true,"href":"https:\/\/roveyayinevi.com.tr\/index.php\/wp-json\/wp\/v2\/product_brand?post=780355"},{"taxonomy":"product_cat","embeddable":true,"href":"https:\/\/roveyayinevi.com.tr\/index.php\/wp-json\/wp\/v2\/product_cat?post=780355"},{"taxonomy":"product_tag","embeddable":true,"href":"https:\/\/roveyayinevi.com.tr\/index.php\/wp-json\/wp\/v2\/product_tag?post=780355"}],"curies":[{"name":"wp","href":"https:\/\/api.w.org\/{rel}","templated":true}]}}