{"id":780349,"date":"2025-12-30T12:38:24","date_gmt":"2025-12-30T09:38:24","guid":{"rendered":"https:\/\/roveyayinevi.com.tr\/index.php\/urun\/cihattan-devlete\/"},"modified":"2026-04-15T03:45:19","modified_gmt":"2026-04-15T00:45:19","slug":"cihattan-devlete","status":"publish","type":"product","link":"https:\/\/roveyayinevi.com.tr\/index.php\/urun\/cihattan-devlete\/","title":{"rendered":"Cihattan Devlete"},"content":{"rendered":"<p>Elinizdeki kitap, Suriye \u0130\u00e7 Sava\u015f\u0131&#8217;n\u0131n en karma\u015f\u0131k ve tart\u0131\u015fmal\u0131 akt\u00f6rlerinden biri olan Heyet Tahrir el-\u015eam\u2019\u0131n (HT\u015e) ideolojik k\u00f6klerinden yar\u0131-devlet yap\u0131s\u0131na evrilen d\u00f6n\u00fc\u015f\u00fcm\u00fcn\u00fc kapsaml\u0131 bi\u00e7imde ele almaktad\u0131r. Kitap, yaln\u0131zca \u00f6rg\u00fct\u00fcn tarihsel geli\u015fimini de\u011fil; ayn\u0131 zamanda lideri Ebu Muhammed el-Colani\u2019nin (Ahmed e\u015f-\u015eara) karizmatik liderlik tarz\u0131n\u0131, \u00f6rg\u00fct\u00fcn yerel y\u00f6neti\u015fim stratejilerini ve me\u015fruiyet \u00fcretme \u00e7abalar\u0131n\u0131 da \u00e7ok boyutlu bir perspektifle analiz etmektedir. HT\u015e\u2019nin El-Kaide ba\u011flant\u0131s\u0131ndan koparak yerel bir akt\u00f6re d\u00f6n\u00fc\u015f\u00fcm s\u00fcreci, bu yap\u0131n\u0131n b\u00f6lgesel denklemde \u00fcstlendi\u011fi rol\u00fc yeniden tan\u0131mlamaya olanak tan\u0131maktad\u0131r.   2022\u20132024 d\u00f6nemi ve \u00f6zellikle 2024 Aral\u0131k sonras\u0131 ya\u015fanan geli\u015fmeler, kitab\u0131n en g\u00fcncel ve dikkat \u00e7ekici b\u00f6l\u00fcmlerinden biridir. Rejim kontrol\u00fcndeki alanlar\u0131n \u00e7\u00f6k\u00fc\u015f\u00fc, d\u0131\u015f m\u00fcdahalelerin zay\u0131flamas\u0131 ve diplomatik yeniden yap\u0131lanma giri\u015fimleri, Suriye i\u00e7 sava\u015f\u0131nda yeni bir d\u00f6nemin kap\u0131s\u0131n\u0131 aralam\u0131\u015ft\u0131r. Bu ba\u011flamda kitap, sadece mevcut durumun analizini sunmakla kalmay\u0131p, ayn\u0131 zamanda gelece\u011fe d\u00f6n\u00fck siyasi ve askeri projeksiyonlar da geli\u015ftirmektedir. T\u00fcrkiye, ABD, Rusya, \u0130ran ve Arap \u00fclkeleri gibi akt\u00f6rlerin pozisyonlar\u0131yla birlikte, HT\u015e\u2019nin bu denklemdeki muhtemel stratejilerine dair \u00f6zg\u00fcn \u00f6ng\u00f6r\u00fclerde bulunmaktad\u0131r.   Kitap, okuyucusuna yaln\u0131zca bir \u00f6rg\u00fct\u00fcn d\u00f6n\u00fc\u015f\u00fcm hik\u00e2yesini de\u011fil, ayn\u0131 zamanda \u00e7a\u011fda\u015f \u00e7at\u0131\u015fma ortamlar\u0131nda devlet d\u0131\u015f\u0131 silahl\u0131 akt\u00f6rlerin nas\u0131l birer siyasi \u00f6zneye d\u00f6n\u00fc\u015ft\u00fc\u011f\u00fcn\u00fc teorik \u00e7er\u00e7evelerle a\u00e7\u0131klama iddias\u0131ndad\u0131r. Devlet-in\u015fas\u0131, isyan hareketleri, hibrit y\u00f6neti\u015fim ve diplomatik pragmatizm gibi kavramlar etraf\u0131nda \u015fekillenen bu analiz, hem akademik camiaya hem de politika yap\u0131c\u0131lara derinlikli bir referans sunmaktad\u0131r. HT\u015e\u2019nin ge\u00e7mi\u015fi, bug\u00fcn\u00fc ve muhtemel gelece\u011fi \u00fczerine disiplinleraras\u0131 bir perspektiften yap\u0131lan bu \u00e7al\u0131\u015fma, Suriye\u2019nin yeniden yap\u0131lanma s\u00fcrecini ve b\u00f6lgesel dengelerin gelece\u011fini anlamak isteyen herkes i\u00e7in \u00f6nemli bir ba\u015fvuru kayna\u011f\u0131 niteli\u011finde.<\/p>\n","protected":false},"excerpt":{"rendered":"<p>Elinizdeki kitap, Suriye \u0130\u00e7 Sava\u015f\u0131&#8217;n\u0131n en karma\u015f\u0131k ve tart\u0131\u015fmal\u0131 akt\u00f6rlerinden biri olan Heyet Tahrir el-\u015eam\u2019\u0131n (HT\u015e) ideolojik k\u00f6klerinden yar\u0131-devlet yap\u0131s\u0131na evrilen d\u00f6n\u00fc\u015f\u00fcm\u00fcn\u00fc kapsaml\u0131 bi\u00e7imde ele almaktad\u0131r.<span class=\"excerpt-hellip\"> [\u2026]<\/span><\/p>\n","protected":false},"featured_media":0,"template":"","meta":{"_monsterinsights_skip_tracking":false,"_monsterinsights_sitenote_active":false,"_monsterinsights_sitenote_note":"","_monsterinsights_sitenote_category":0},"product_brand":[],"product_cat":[12337,17225],"product_tag":[],"class_list":{"0":"post-780349","1":"product","2":"type-product","3":"status-publish","5":"product_cat-politika-siyaset","6":"product_cat-uluslararasi-iliskiler","7":"pa_cilt-ciltsiz","8":"pa_tur-kitap","9":"pa_yayinevi-iyidusun-yayinlari","10":"pa_yazar-muhammed-karakus","12":"first","13":"instock","14":"sale","15":"shipping-taxable","16":"purchasable","17":"product-type-simple"},"_links":{"self":[{"href":"https:\/\/roveyayinevi.com.tr\/index.php\/wp-json\/wp\/v2\/product\/780349","targetHints":{"allow":["GET"]}}],"collection":[{"href":"https:\/\/roveyayinevi.com.tr\/index.php\/wp-json\/wp\/v2\/product"}],"about":[{"href":"https:\/\/roveyayinevi.com.tr\/index.php\/wp-json\/wp\/v2\/types\/product"}],"wp:attachment":[{"href":"https:\/\/roveyayinevi.com.tr\/index.php\/wp-json\/wp\/v2\/media?parent=780349"}],"wp:term":[{"taxonomy":"product_brand","embeddable":true,"href":"https:\/\/roveyayinevi.com.tr\/index.php\/wp-json\/wp\/v2\/product_brand?post=780349"},{"taxonomy":"product_cat","embeddable":true,"href":"https:\/\/roveyayinevi.com.tr\/index.php\/wp-json\/wp\/v2\/product_cat?post=780349"},{"taxonomy":"product_tag","embeddable":true,"href":"https:\/\/roveyayinevi.com.tr\/index.php\/wp-json\/wp\/v2\/product_tag?post=780349"}],"curies":[{"name":"wp","href":"https:\/\/api.w.org\/{rel}","templated":true}]}}