{"id":780348,"date":"2025-12-30T12:38:19","date_gmt":"2025-12-30T09:38:19","guid":{"rendered":"https:\/\/roveyayinevi.com.tr\/index.php\/urun\/degersiz-kadinlar\/"},"modified":"2026-04-15T03:45:19","modified_gmt":"2026-04-15T00:45:19","slug":"degersiz-kadinlar","status":"publish","type":"product","link":"https:\/\/roveyayinevi.com.tr\/index.php\/urun\/degersiz-kadinlar\/","title":{"rendered":"De\u011fersiz Kad\u0131nlar"},"content":{"rendered":"<p>\u0130talyan Gazeteci ve Yazar Maria Stella Rossi\u2019nin \u201cDe\u011fersiz Kad\u0131nlar\u201d kitab\u0131 k\u0131sa \u00f6yk\u00fc sevenleri i\u00e7in 2025 y\u0131l\u0131n\u0131n \u00f6nemli bir edebi yenili\u011fini te\u015fkil ediyor.   27 k\u0131sa \u00f6yk\u00fcden ibaret, cinsler aras\u0131 sosyal e\u015fitsizlik, psikolojik denge unsurlar\u0131n\u0131n aray\u0131\u015f\u0131, temel hak ve h\u00fcrriyetlerin \u00e7i\u011fnenmesi, do\u011fa ile uyum i\u00e7erisinde varolu\u015f, manevi miras\u0131n korunmas\u0131 gibi ana ba\u015fl\u0131k konular\u0131 bu \u00f6yk\u00fc derlemesinde, kad\u0131n perspektifinden ve T\u00fcrkiye i\u00e7in olduk\u00e7a s\u0131rad\u0131\u015f\u0131 bir ke\u015fif niteli\u011finde \u0130talya mizanseninde de\u011ferlendiriliyor.   \u00d6yk\u00fclerin anlat\u0131ld\u0131\u011f\u0131 zaman dilimi g\u00fcn\u00fcm\u00fczden 20. y\u00fczy\u0131l\u0131n ba\u015f\u0131na kadar uzansa da, bu kitap sayesinde kad\u0131n odakl\u0131 toplumsal sorunlar\u0131n salt co\u011frafya, ekonomik refah d\u00fczeyi, din kaynakl\u0131 hayat tarz\u0131 ile alakal\u0131 olmad\u0131\u011f\u0131n\u0131 ke\u015ffediyoruz. *** Maria Stella Rossi, \u00f6yk\u00fclerinde kad\u0131n realitelerini ana unsurlar\u0131na ayr\u0131\u015ft\u0131r\u0131yor. Bu sayede ilk \u00f6yk\u00fclerde g\u00f6zlerimiz dolsa da, baz\u0131lar\u0131nda ince bir tebess\u00fcm, yer yer bir kahkaha i\u00e7inde kendimizi buluruz. \u015eunu da belirtelim ki, \u00f6yk\u00fclerin tamam\u0131 asl\u0131nda ya\u015fanm\u0131\u015f olan ger\u00e7ek insan manzaralar\u0131n\u0131 yans\u0131t\u0131yor. *** Bu k\u0131sa \u00f6yk\u00fcleri okurken Avrupa\u2019n\u0131n bir par\u00e7as\u0131, Akdeniz\u2019e k\u0131y\u0131da\u015f olan \u0130talya\u2019n\u0131n asl\u0131nda T\u00fcrkiye\u2019ye ne kadar benzedi\u011fini de anl\u0131yoruz. Yazar\u0131n beklenmedik ele\u015ftirel tutumu sayesinde Anadolu\u2019nun geleneksel alg\u0131 d\u0131\u015f\u0131na ta\u015fan yorumlar\u0131n\u0131 okurken, kimi meselelerde daha geni\u015f d\u00fc\u015f\u00fcnmeye, zihinsel \u00e7eki\u015fme i\u00e7erisinde realitemizi de\u011ferlendirmeye ba\u015flayaca\u011f\u0131z.<\/p>\n","protected":false},"excerpt":{"rendered":"<p>\u0130talyan Gazeteci ve Yazar Maria Stella Rossi\u2019nin \u201cDe\u011fersiz Kad\u0131nlar\u201d kitab\u0131 k\u0131sa \u00f6yk\u00fc sevenleri i\u00e7in 2025 y\u0131l\u0131n\u0131n \u00f6nemli bir edebi yenili\u011fini te\u015fkil ediyor. 27 k\u0131sa \u00f6yk\u00fcden ibaret,<span class=\"excerpt-hellip\"> [\u2026]<\/span><\/p>\n","protected":false},"featured_media":0,"template":"","meta":{"_monsterinsights_skip_tracking":false,"_monsterinsights_sitenote_active":false,"_monsterinsights_sitenote_note":"","_monsterinsights_sitenote_category":0},"product_brand":[],"product_cat":[12291,18202],"product_tag":[],"class_list":{"0":"post-780348","1":"product","2":"type-product","3":"status-publish","5":"product_cat-edebiyat","6":"product_cat-hikaye","7":"pa_cilt-ciltsiz","8":"pa_tur-kitap","9":"pa_yayinevi-paspartu-yayinlari","10":"pa_yazar-maria-stella-rossi","12":"first","13":"instock","14":"sale","15":"shipping-taxable","16":"purchasable","17":"product-type-simple"},"_links":{"self":[{"href":"https:\/\/roveyayinevi.com.tr\/index.php\/wp-json\/wp\/v2\/product\/780348","targetHints":{"allow":["GET"]}}],"collection":[{"href":"https:\/\/roveyayinevi.com.tr\/index.php\/wp-json\/wp\/v2\/product"}],"about":[{"href":"https:\/\/roveyayinevi.com.tr\/index.php\/wp-json\/wp\/v2\/types\/product"}],"wp:attachment":[{"href":"https:\/\/roveyayinevi.com.tr\/index.php\/wp-json\/wp\/v2\/media?parent=780348"}],"wp:term":[{"taxonomy":"product_brand","embeddable":true,"href":"https:\/\/roveyayinevi.com.tr\/index.php\/wp-json\/wp\/v2\/product_brand?post=780348"},{"taxonomy":"product_cat","embeddable":true,"href":"https:\/\/roveyayinevi.com.tr\/index.php\/wp-json\/wp\/v2\/product_cat?post=780348"},{"taxonomy":"product_tag","embeddable":true,"href":"https:\/\/roveyayinevi.com.tr\/index.php\/wp-json\/wp\/v2\/product_tag?post=780348"}],"curies":[{"name":"wp","href":"https:\/\/api.w.org\/{rel}","templated":true}]}}