{"id":780346,"date":"2025-12-30T12:38:13","date_gmt":"2025-12-30T09:38:13","guid":{"rendered":"https:\/\/roveyayinevi.com.tr\/index.php\/urun\/ruzgara-karsi\/"},"modified":"2026-04-15T03:45:19","modified_gmt":"2026-04-15T00:45:19","slug":"ruzgara-karsi","status":"publish","type":"product","link":"https:\/\/roveyayinevi.com.tr\/index.php\/urun\/ruzgara-karsi\/","title":{"rendered":"R\u00fczgara Kar\u015f\u0131"},"content":{"rendered":"<p>Prof. Dr. Gy\u00f6rgy Hazai (1932\u20132016), Macaristan\u2019da Arminius Vambery ile temelleri at\u0131lan T\u00fcrkoloji gelene\u011finin 20. y\u00fczy\u0131ldaki en g\u00fc\u00e7l\u00fc temsilcilerindendir. Balkan T\u00fcrk a\u011f\u0131zlar\u0131ndan Osmanl\u0131 paleografisine, transkripsiyon metinlerinden yaz\u0131 dili tarihine uzanan geni\u015f \u00e7al\u0131\u015fmalar\u0131yla, T\u00fcrk dili ve k\u00fclt\u00fcr\u00fc \u00fczerine uluslararas\u0131 d\u00fczeyde derin katk\u0131lar sa\u011flam\u0131\u015ft\u0131r.   Bulgaristan\u2019dan Berlin\u2019e, K\u0131br\u0131s\u2019tan Budape\u015fte\u2019ye uzanan akademik yolculu\u011funda 20&#8217;den fazla kitap, 300\u2019e yak\u0131n bilimsel makale yay\u0131mlam\u0131\u015f; Osmanl\u0131 T\u00fcrk\u00e7esi metinlerini yay\u0131ma haz\u0131rlayarak alan\u0131n metodolojik temellerini g\u00fc\u00e7lendirmi\u015f b\u00fcy\u00fck bir T\u00fcrkolog&#8217;dur. T\u00fcrk dili ve edebiyat\u0131ndan Macarca ve Almancaya, Macarcadan da T\u00fcrkiye T\u00fcrk\u00e7esine yapt\u0131\u011f\u0131 \u00e7evirileriyle uluslararas\u0131 T\u00fcrkolojinin duayenlerinden biri oldu.   Macar Bilimler Akademisi ve T\u00fcrkiye Bilimler Akademisi (T\u00dcBA) \u015eeref \u00dcyesi olan Hazai, T\u00fcrk\u00e7e ve T\u00fcrk k\u00fclt\u00fcr\u00fcne duydu\u011fu derin sevgiyi yaln\u0131zca ilmi \u00fcretimiyle de\u011fil, \u00f6\u011frencilerine ve meslekta\u015flar\u0131na aktard\u0131\u011f\u0131 birikimle de ortaya koymu\u015ftur. 2014\u2019te T\u00fcrkiye Cumhuriyeti Liyakat Ni\u015fan\u0131\u2019na lay\u0131k g\u00f6r\u00fclen Hazai, T\u00fcrkoloji\u2019nin Avrupa&#8217;daki en \u00f6nemli isimlerinin ba\u015f\u0131nda gelir. *** Bu hat\u0131rat, sadece bir bilim insan\u0131n\u0131n hayat hik\u00e2yesini de\u011fil, ayn\u0131 zamanda bir d\u00fc\u015f\u00fcnce ve inan\u00e7 m\u00fccadelesini de anlat\u0131yor okuyucuya. Hazai\u2019nin kendi s\u00f6zleriyle: \u201cKar\u015f\u0131dan esen kuvvetli r\u00fczg\u00e2rda ayakta kalabilmek i\u00e7in sakin bir k\u00f6\u015fe bulmak gerek.\u201d<\/p>\n","protected":false},"excerpt":{"rendered":"<p>Prof. Dr. Gy\u00f6rgy Hazai (1932\u20132016), Macaristan\u2019da Arminius Vambery ile temelleri at\u0131lan T\u00fcrkoloji gelene\u011finin 20. y\u00fczy\u0131ldaki en g\u00fc\u00e7l\u00fc temsilcilerindendir. Balkan T\u00fcrk a\u011f\u0131zlar\u0131ndan Osmanl\u0131 paleografisine, transkripsiyon metinlerinden yaz\u0131<span class=\"excerpt-hellip\"> [\u2026]<\/span><\/p>\n","protected":false},"featured_media":0,"template":"","meta":{"_monsterinsights_skip_tracking":false,"_monsterinsights_sitenote_active":false,"_monsterinsights_sitenote_note":"","_monsterinsights_sitenote_category":0},"product_brand":[],"product_cat":[14009,12291],"product_tag":[],"class_list":{"0":"post-780346","1":"product","2":"type-product","3":"status-publish","5":"product_cat-biyografi-otobiyografi-edebiyat","6":"product_cat-edebiyat","7":"pa_cilt-ciltsiz","8":"pa_tur-kitap","9":"pa_yayinevi-matbuat-yayinlari","10":"pa_yazar-gyorgy-hazai","12":"first","13":"instock","14":"sale","15":"shipping-taxable","16":"purchasable","17":"product-type-simple"},"_links":{"self":[{"href":"https:\/\/roveyayinevi.com.tr\/index.php\/wp-json\/wp\/v2\/product\/780346","targetHints":{"allow":["GET"]}}],"collection":[{"href":"https:\/\/roveyayinevi.com.tr\/index.php\/wp-json\/wp\/v2\/product"}],"about":[{"href":"https:\/\/roveyayinevi.com.tr\/index.php\/wp-json\/wp\/v2\/types\/product"}],"wp:attachment":[{"href":"https:\/\/roveyayinevi.com.tr\/index.php\/wp-json\/wp\/v2\/media?parent=780346"}],"wp:term":[{"taxonomy":"product_brand","embeddable":true,"href":"https:\/\/roveyayinevi.com.tr\/index.php\/wp-json\/wp\/v2\/product_brand?post=780346"},{"taxonomy":"product_cat","embeddable":true,"href":"https:\/\/roveyayinevi.com.tr\/index.php\/wp-json\/wp\/v2\/product_cat?post=780346"},{"taxonomy":"product_tag","embeddable":true,"href":"https:\/\/roveyayinevi.com.tr\/index.php\/wp-json\/wp\/v2\/product_tag?post=780346"}],"curies":[{"name":"wp","href":"https:\/\/api.w.org\/{rel}","templated":true}]}}