{"id":780345,"date":"2025-12-30T12:38:11","date_gmt":"2025-12-30T09:38:11","guid":{"rendered":"https:\/\/roveyayinevi.com.tr\/index.php\/urun\/kendine-don-2\/"},"modified":"2026-04-11T14:47:42","modified_gmt":"2026-04-11T11:47:42","slug":"kendine-don-2","status":"publish","type":"product","link":"https:\/\/roveyayinevi.com.tr\/index.php\/urun\/kendine-don-2\/","title":{"rendered":"Kendine D\u00f6n"},"content":{"rendered":"<p>Ayhan Buzkan, \u00e7ocuklu\u011fundan bu yana kalemiyle ruhlar\u0131n derinliklerine dokunan bir \u015fair, bir yol g\u00f6sterici ve i\u00e7sel fark\u0131ndal\u0131\u011f\u0131n izinde y\u00fcr\u00fcyen bir yazar\u2026Kendine D\u00f6n adl\u0131 bu eserinde, insan\u0131n kendi \u00f6z\u00fcne yakla\u015fma ser\u00fcvenini sade, samimi ve g\u00fc\u00e7l\u00fc bir dille ele al\u0131yor. Okuyucusunu i\u00e7sel bir yolculu\u011fa davet eden Buzkan; duygular\u0131n, d\u00fc\u015f\u00fcncelerin, al\u0131\u015fkanl\u0131klar\u0131n ve ruhsal huzurun kap\u0131lar\u0131n\u0131 tek tek aral\u0131yor. Hayat\u0131n karma\u015fas\u0131 i\u00e7inde kendinden uzakla\u015fan insana, durup dinlenebilece\u011fi, kalbine kulak verebilece\u011fi bir alan a\u00e7\u0131yor. Bu kitap, yaln\u0131zca bir ki\u015fisel geli\u015fim \u00e7al\u0131\u015fmas\u0131 de\u011fil; ya\u015fam\u0131n ko\u015fu\u015fturmas\u0131 aras\u0131nda kendine yeniden dokunmak, i\u00e7 sesini duymak ve \u00f6z\u00fcne d\u00f6nmek isteyen herkes i\u00e7in bir rehber niteli\u011finde. Ayhan Buzkan\u2019\u0131n y\u0131llara dayanan birikimiyle \u015fekillenen bu eser, okuruna \u015funu f\u0131s\u0131ld\u0131yor: \u201cKendini tan\u0131mak, ya\u015fam\u0131n en b\u00fcy\u00fck ad\u0131m\u0131d\u0131r.\u201d Kendine D\u00f6n, kalbine d\u00f6nmeye cesaret eden herkes i\u00e7in\u2026<\/p>\n","protected":false},"excerpt":{"rendered":"<p>Ayhan Buzkan, \u00e7ocuklu\u011fundan bu yana kalemiyle ruhlar\u0131n derinliklerine dokunan bir \u015fair, bir yol g\u00f6sterici ve i\u00e7sel fark\u0131ndal\u0131\u011f\u0131n izinde y\u00fcr\u00fcyen bir yazar\u2026Kendine D\u00f6n adl\u0131 bu eserinde, insan\u0131n<span class=\"excerpt-hellip\"> [\u2026]<\/span><\/p>\n","protected":false},"featured_media":0,"template":"","meta":{"_monsterinsights_skip_tracking":false,"_monsterinsights_sitenote_active":false,"_monsterinsights_sitenote_note":"","_monsterinsights_sitenote_category":0},"product_brand":[],"product_cat":[12364,12376],"product_tag":[],"class_list":{"0":"post-780345","1":"product","2":"type-product","3":"status-publish","5":"product_cat-genel-konular","6":"product_cat-kisisel-gelisim","7":"pa_cilt-ciltsiz","8":"pa_tur-kitap","9":"pa_yayinevi-kalem-lugat-yayincilik","10":"pa_yazar-ayhan-buzkan","12":"first","13":"instock","14":"sale","15":"shipping-taxable","16":"purchasable","17":"product-type-simple"},"_links":{"self":[{"href":"https:\/\/roveyayinevi.com.tr\/index.php\/wp-json\/wp\/v2\/product\/780345","targetHints":{"allow":["GET"]}}],"collection":[{"href":"https:\/\/roveyayinevi.com.tr\/index.php\/wp-json\/wp\/v2\/product"}],"about":[{"href":"https:\/\/roveyayinevi.com.tr\/index.php\/wp-json\/wp\/v2\/types\/product"}],"wp:attachment":[{"href":"https:\/\/roveyayinevi.com.tr\/index.php\/wp-json\/wp\/v2\/media?parent=780345"}],"wp:term":[{"taxonomy":"product_brand","embeddable":true,"href":"https:\/\/roveyayinevi.com.tr\/index.php\/wp-json\/wp\/v2\/product_brand?post=780345"},{"taxonomy":"product_cat","embeddable":true,"href":"https:\/\/roveyayinevi.com.tr\/index.php\/wp-json\/wp\/v2\/product_cat?post=780345"},{"taxonomy":"product_tag","embeddable":true,"href":"https:\/\/roveyayinevi.com.tr\/index.php\/wp-json\/wp\/v2\/product_tag?post=780345"}],"curies":[{"name":"wp","href":"https:\/\/api.w.org\/{rel}","templated":true}]}}