{"id":780339,"date":"2025-12-30T12:37:56","date_gmt":"2025-12-30T09:37:56","guid":{"rendered":"https:\/\/roveyayinevi.com.tr\/index.php\/urun\/asirilar-apartmani\/"},"modified":"2026-04-15T03:44:54","modified_gmt":"2026-04-15T00:44:54","slug":"asirilar-apartmani","status":"publish","type":"product","link":"https:\/\/roveyayinevi.com.tr\/index.php\/urun\/asirilar-apartmani\/","title":{"rendered":"A\u015f\u0131r\u0131lar Apartman\u0131"},"content":{"rendered":"<p>Tembel, \u015eim\u015fek, Geveze, Sakar, Hayalperest, G\u00fcr\u00fclt\u00fc, Sinirli\u2026 Onlar, A\u015f\u0131r\u0131lar Apartman\u0131\u2019n\u0131n sakinleri. \u0130simlerinden de anla\u015f\u0131laca\u011f\u0131 gibi, her biri farkl\u0131 karakterlere ve al\u0131\u015fkanl\u0131klara sahip. \u00dcstelik hepsi birbirinden \u015fik\u00e2yet\u00e7i. Ancak, apartman\u0131n y\u00f6neticisi Tembel\u2019in bu problemleri \u00e7\u00f6zmek i\u00e7in \u00e7ok basit ve etkili y\u00f6ntemleri var!Nostaljik \u00e7izimleri ve e\u011flenceli anlat\u0131m\u0131yla bu kitap, kar\u015f\u0131la\u015ft\u0131\u011f\u0131m\u0131z problemler kar\u015f\u0131s\u0131nda, di\u011fer insanlar\u0131 de\u011fi\u015ftirmek yerine kendi bak\u0131\u015f a\u00e7\u0131m\u0131z\u0131 de\u011fi\u015ftirmenin belki de sorunlar\u0131 \u00e7\u00f6zmek i\u00e7in en etkili y\u00f6ntem olabilece\u011fini anlat\u0131yor.<\/p>\n","protected":false},"excerpt":{"rendered":"<p>Tembel, \u015eim\u015fek, Geveze, Sakar, Hayalperest, G\u00fcr\u00fclt\u00fc, Sinirli\u2026 Onlar, A\u015f\u0131r\u0131lar Apartman\u0131\u2019n\u0131n sakinleri. \u0130simlerinden de anla\u015f\u0131laca\u011f\u0131 gibi, her biri farkl\u0131 karakterlere ve al\u0131\u015fkanl\u0131klara sahip. \u00dcstelik hepsi birbirinden \u015fik\u00e2yet\u00e7i.<span class=\"excerpt-hellip\"> [\u2026]<\/span><\/p>\n","protected":false},"featured_media":0,"template":"","meta":{"_monsterinsights_skip_tracking":false,"_monsterinsights_sitenote_active":false,"_monsterinsights_sitenote_note":"","_monsterinsights_sitenote_category":0},"product_brand":[],"product_cat":[12274,12284],"product_tag":[],"class_list":{"0":"post-780339","1":"product","2":"type-product","3":"status-publish","5":"product_cat-cocuk-ve-genclik-kitaplari","6":"product_cat-hikayeler","7":"pa_cilt-ciltsiz","8":"pa_tur-kitap","9":"pa_yayinevi-ucan-fil-yayinlari","10":"pa_yazar-oznur-duyum","12":"first","13":"instock","14":"sale","15":"shipping-taxable","16":"purchasable","17":"product-type-simple"},"_links":{"self":[{"href":"https:\/\/roveyayinevi.com.tr\/index.php\/wp-json\/wp\/v2\/product\/780339","targetHints":{"allow":["GET"]}}],"collection":[{"href":"https:\/\/roveyayinevi.com.tr\/index.php\/wp-json\/wp\/v2\/product"}],"about":[{"href":"https:\/\/roveyayinevi.com.tr\/index.php\/wp-json\/wp\/v2\/types\/product"}],"wp:attachment":[{"href":"https:\/\/roveyayinevi.com.tr\/index.php\/wp-json\/wp\/v2\/media?parent=780339"}],"wp:term":[{"taxonomy":"product_brand","embeddable":true,"href":"https:\/\/roveyayinevi.com.tr\/index.php\/wp-json\/wp\/v2\/product_brand?post=780339"},{"taxonomy":"product_cat","embeddable":true,"href":"https:\/\/roveyayinevi.com.tr\/index.php\/wp-json\/wp\/v2\/product_cat?post=780339"},{"taxonomy":"product_tag","embeddable":true,"href":"https:\/\/roveyayinevi.com.tr\/index.php\/wp-json\/wp\/v2\/product_tag?post=780339"}],"curies":[{"name":"wp","href":"https:\/\/api.w.org\/{rel}","templated":true}]}}