{"id":780338,"date":"2025-12-30T12:37:53","date_gmt":"2025-12-30T09:37:53","guid":{"rendered":"https:\/\/roveyayinevi.com.tr\/index.php\/urun\/world-of-warcraft-firtina-oncesi\/"},"modified":"2026-04-15T03:44:54","modified_gmt":"2026-04-15T00:44:54","slug":"world-of-warcraft-firtina-oncesi","status":"publish","type":"product","link":"https:\/\/roveyayinevi.com.tr\/index.php\/urun\/world-of-warcraft-firtina-oncesi\/","title":{"rendered":"World Of Warcraft \u2013 F\u0131rt\u0131na \u00d6ncesi"},"content":{"rendered":"<p>Horde ve Alliance, Burning Legion\u2019u yenmi\u015f olabilir ama yery\u00fcz\u00fcn\u00fcn derinliklerinde deh\u015fetengiz bir felaket filizleniyor. G\u00fczel Azeroth\u2019un kalbinde, ma\u011flup bir titan\u0131n k\u0131l\u0131c\u0131yla a\u00e7\u0131lm\u0131\u015f \u00f6l\u00fcmc\u00fcl bir yara var.Stormwind Kral\u0131 Anduin Wrynn, Horde Sava\u015f \u015eefi ve Forsakenlar\u0131n Karanl\u0131k Leydisi Sylvanas Windrunner\u2019\u0131n, elinde kalanlarla bir \u015feyleri yeniden toparlamalar\u0131 i\u00e7in zaman \u00e7ok k\u0131s\u0131tl\u0131. Ama her \u015ferden bir umut filizlenir ya\u2026 Azeroth\u2019un kalbinde a\u00e7\u0131lan yaradan alt\u0131n rengi bir madde filizlendi. Bu garip, alt\u0131n\u0131ms\u0131 madde do\u011fru ellerde inan\u0131lmaz bir \u015fifa kayna\u011f\u0131 olabilir ya da kana susam\u0131\u015f ellerde bir y\u0131k\u0131m\u0131n ba\u015frol\u00fcne d\u00f6n\u00fc\u015febilir. Peki, kimin ellerinde \u015fekillenecek? Kay\u0131plar\u0131n\u0131n yas\u0131n\u0131 hen\u00fcz tutamadan d\u00fcnya bar\u0131\u015f\u0131 i\u00e7in kollar\u0131n\u0131 s\u0131vayan gen\u00e7 kral Anduin\u2019in, halklar\u0131 kayna\u015ft\u0131rmak niyetindeyken hem Karanl\u0131k Leydi\u2019nin ne kadar ileri gidebilece\u011fi konusundaki iyimserli\u011fi hem de birden peyda olan bu alt\u0131n\u0131ms\u0131 maddenin varl\u0131\u011f\u0131 y\u00fcz\u00fcnden t\u00fcm dengeleri alt \u00fcst olabilir.Kay\u0131plar\u0131n\u0131n yas\u0131n\u0131 hen\u00fcz tutamadan d\u00fcnya bar\u0131\u015f\u0131 i\u00e7in kollar\u0131n\u0131 s\u0131vayan gen\u00e7 kral Anduin\u2019in, halklar\u0131 kayna\u015ft\u0131rmak niyetindeyken hem Karanl\u0131k Leydi\u2019nin ne kadar ileri gidebilece\u011fi konusundaki iyimserli\u011fi hem de birden peyda olan bu alt\u0131n\u0131ms\u0131 maddenin varl\u0131\u011f\u0131 y\u00fcz\u00fcnden t\u00fcm dengeleri alt \u00fcst olabilir.F\u0131rt\u0131na \u00d6ncesi, gen\u00e7, tutkulu ve kalbini I\u015f\u0131k\u2019a adam\u0131\u015f bir kral\u0131n iyimserli\u011fi ile inanc\u0131n\u0131 b\u00fcsb\u00fct\u00fcn karartm\u0131\u015f bir Karanl\u0131k Leydi\u2019nin entrikalar\u0131 aras\u0131nda okuru bir f\u0131rt\u0131naya haz\u0131rl\u0131yor<\/p>\n","protected":false},"excerpt":{"rendered":"<p>Horde ve Alliance, Burning Legion\u2019u yenmi\u015f olabilir ama yery\u00fcz\u00fcn\u00fcn derinliklerinde deh\u015fetengiz bir felaket filizleniyor. G\u00fczel Azeroth\u2019un kalbinde, ma\u011flup bir titan\u0131n k\u0131l\u0131c\u0131yla a\u00e7\u0131lm\u0131\u015f \u00f6l\u00fcmc\u00fcl bir yara var.Stormwind<span class=\"excerpt-hellip\"> [\u2026]<\/span><\/p>\n","protected":false},"featured_media":0,"template":"","meta":{"_monsterinsights_skip_tracking":false,"_monsterinsights_sitenote_active":false,"_monsterinsights_sitenote_note":"","_monsterinsights_sitenote_category":0},"product_brand":[],"product_cat":[12291,14777],"product_tag":[],"class_list":{"0":"post-780338","1":"product","2":"type-product","3":"status-publish","5":"product_cat-edebiyat","6":"product_cat-fantastik","7":"pa_cilt-ciltsiz","8":"pa_tur-kitap","9":"pa_yayinevi-epsilon-yayinlari","10":"pa_yazar-christie-golden","12":"first","13":"instock","14":"sale","15":"shipping-taxable","16":"purchasable","17":"product-type-simple"},"_links":{"self":[{"href":"https:\/\/roveyayinevi.com.tr\/index.php\/wp-json\/wp\/v2\/product\/780338","targetHints":{"allow":["GET"]}}],"collection":[{"href":"https:\/\/roveyayinevi.com.tr\/index.php\/wp-json\/wp\/v2\/product"}],"about":[{"href":"https:\/\/roveyayinevi.com.tr\/index.php\/wp-json\/wp\/v2\/types\/product"}],"wp:attachment":[{"href":"https:\/\/roveyayinevi.com.tr\/index.php\/wp-json\/wp\/v2\/media?parent=780338"}],"wp:term":[{"taxonomy":"product_brand","embeddable":true,"href":"https:\/\/roveyayinevi.com.tr\/index.php\/wp-json\/wp\/v2\/product_brand?post=780338"},{"taxonomy":"product_cat","embeddable":true,"href":"https:\/\/roveyayinevi.com.tr\/index.php\/wp-json\/wp\/v2\/product_cat?post=780338"},{"taxonomy":"product_tag","embeddable":true,"href":"https:\/\/roveyayinevi.com.tr\/index.php\/wp-json\/wp\/v2\/product_tag?post=780338"}],"curies":[{"name":"wp","href":"https:\/\/api.w.org\/{rel}","templated":true}]}}