{"id":780333,"date":"2025-12-30T12:37:42","date_gmt":"2025-12-30T09:37:42","guid":{"rendered":"https:\/\/roveyayinevi.com.tr\/index.php\/urun\/beni-goturmedigin-yer\/"},"modified":"2026-04-15T03:44:54","modified_gmt":"2026-04-15T00:44:54","slug":"beni-goturmedigin-yer","status":"publish","type":"product","link":"https:\/\/roveyayinevi.com.tr\/index.php\/urun\/beni-goturmedigin-yer\/","title":{"rendered":"Beni G\u00f6t\u00fcrmedi\u011fin Yer"},"content":{"rendered":"<p>\u201cBu kitab\u0131 annem ger\u00e7ek olabilsin diye yaz\u0131yorum.\u201d   Maria Grazia Calandrone\u2019nin anne babas\u0131 taraf\u0131ndan terk edilmi\u015f bir \u00e7ocuk olman\u0131n kalbinde yaratt\u0131\u011f\u0131 bo\u015flu\u011fu doldurmak i\u00e7in \u00e7\u0131kt\u0131\u011f\u0131 hakikat aray\u0131\u015f\u0131n\u0131 anlatt\u0131\u011f\u0131 otobiyografik roman\u0131. Calandrone, k\u00f6klerinin izini ar\u015fiv belgelerinin so\u011fuk sat\u0131rlar\u0131, foto\u011fraflar\u0131n donuk kareleri, tan\u0131klar\u0131n f\u0131s\u0131lt\u0131lar\u0131 aras\u0131nda bir dedektifin titizli\u011fiyle s\u00fcrerken, bir \u015fairin sezgisi ve i\u00e7 sesiyle de hi\u00e7 tan\u0131mad\u0131\u011f\u0131 annesi Lucia\u2019n\u0131n yoksullukla, \u00e7aresizlikle, korkuyla ku\u015fat\u0131lm\u0131\u015f ya\u015fam\u0131n\u0131 yeniden canland\u0131r\u0131yor. \u201cYeniden do\u011facaks\u0131n Lucia, yaln\u0131zca kelimelerle bile olsa. Yapabilece\u011fim tek \u015fey bu.\u201d \u0130talya\u2019da ya\u015fanan bu ger\u00e7ek hik\u00e2yenin ge\u00e7ti\u011fi d\u00f6nemi, annesinin ya\u015fam\u0131na y\u00f6n veren ve sonunda trajik kaderini belirleyen cinsiyet ve s\u0131n\u0131f e\u015fitsizli\u011fini k\u00f6r\u00fckleyen yasalar ve toplumsal normlar\u0131 g\u00fcn y\u00fcz\u00fcne \u00e7\u0131kararak bir tarih\u00e7inin \u00f6zeniyle a\u00e7\u0131kl\u0131yor. Calandrone, annesi taraf\u0131ndan terk edili\u015finin ac\u0131s\u0131n\u0131, annesinin onun i\u00e7in ya\u015fam\u0131 kar\u015f\u0131l\u0131\u011f\u0131 yapt\u0131\u011f\u0131 b\u00fcy\u00fck fedakarl\u0131\u011f\u0131n ard\u0131ndaki sonsuz sevgisiyle dindiriyor. \u0130talyan edebiyat\u0131nda b\u00fcy\u00fck yank\u0131 bulan bu sars\u0131c\u0131 roman pek \u00e7ok \u00f6d\u00fcle lay\u0131k g\u00f6r\u00fclm\u00fc\u015ft\u00fcr. Strega \u00d6d\u00fcl\u00fc \/ Premio Strega (aday) \u2013 2023 4. Clara Sereni \u201cHalk J\u00fcrisi \u00d6d\u00fcl\u00fc\u201d \/ Premio Giuria Popolare Clara Sereni \u2013 2023 70. Pozalle \u00d6d\u00fcl\u00fc \/ Premio Letterario Pozalle Luigi Russo (J\u00fcri \u00d6d\u00fcl\u00fc) \u2013 2023 11. SILA \u201849 \u00d6d\u00fcl\u00fc \/ Premio SILA \u201849 XI Edizione \u2013 2023 Asti d\u2019Appello \/ Premio Giuria Popolare Asti D\u2019Appello (J\u00fcri \u00d6d\u00fcl\u00fc) \u2013 2023 Alassio Centolibri \u2013 Avrupa&#8217;n\u0131n Yazar\u0131 \/ Un Autore per l\u2019Europa \u2013 2023 Brancati \u00d6d\u00fcl\u00fc \/ Premio Brancati \u2013 2023<\/p>\n","protected":false},"excerpt":{"rendered":"<p>\u201cBu kitab\u0131 annem ger\u00e7ek olabilsin diye yaz\u0131yorum.\u201d Maria Grazia Calandrone\u2019nin anne babas\u0131 taraf\u0131ndan terk edilmi\u015f bir \u00e7ocuk olman\u0131n kalbinde yaratt\u0131\u011f\u0131 bo\u015flu\u011fu doldurmak i\u00e7in \u00e7\u0131kt\u0131\u011f\u0131 hakikat aray\u0131\u015f\u0131n\u0131<span class=\"excerpt-hellip\"> [\u2026]<\/span><\/p>\n","protected":false},"featured_media":0,"template":"","meta":{"_monsterinsights_skip_tracking":false,"_monsterinsights_sitenote_active":false,"_monsterinsights_sitenote_note":"","_monsterinsights_sitenote_category":0},"product_brand":[],"product_cat":[13835],"product_tag":[],"class_list":{"0":"post-780333","1":"product","2":"type-product","3":"status-publish","5":"product_cat-cok-satanlar","6":"pa_cilt-ciltsiz","7":"pa_tur-kitap","8":"pa_yayinevi-eriken-yayinlari","9":"pa_yazar-maria-grazia-calandrone","11":"first","12":"instock","13":"sale","14":"shipping-taxable","15":"purchasable","16":"product-type-simple"},"_links":{"self":[{"href":"https:\/\/roveyayinevi.com.tr\/index.php\/wp-json\/wp\/v2\/product\/780333","targetHints":{"allow":["GET"]}}],"collection":[{"href":"https:\/\/roveyayinevi.com.tr\/index.php\/wp-json\/wp\/v2\/product"}],"about":[{"href":"https:\/\/roveyayinevi.com.tr\/index.php\/wp-json\/wp\/v2\/types\/product"}],"wp:attachment":[{"href":"https:\/\/roveyayinevi.com.tr\/index.php\/wp-json\/wp\/v2\/media?parent=780333"}],"wp:term":[{"taxonomy":"product_brand","embeddable":true,"href":"https:\/\/roveyayinevi.com.tr\/index.php\/wp-json\/wp\/v2\/product_brand?post=780333"},{"taxonomy":"product_cat","embeddable":true,"href":"https:\/\/roveyayinevi.com.tr\/index.php\/wp-json\/wp\/v2\/product_cat?post=780333"},{"taxonomy":"product_tag","embeddable":true,"href":"https:\/\/roveyayinevi.com.tr\/index.php\/wp-json\/wp\/v2\/product_tag?post=780333"}],"curies":[{"name":"wp","href":"https:\/\/api.w.org\/{rel}","templated":true}]}}