{"id":780328,"date":"2025-12-30T12:37:33","date_gmt":"2025-12-30T09:37:33","guid":{"rendered":"https:\/\/roveyayinevi.com.tr\/index.php\/urun\/kasim-sarisi\/"},"modified":"2026-04-15T03:44:53","modified_gmt":"2026-04-15T00:44:53","slug":"kasim-sarisi","status":"publish","type":"product","link":"https:\/\/roveyayinevi.com.tr\/index.php\/urun\/kasim-sarisi\/","title":{"rendered":"Kas\u0131m Sar\u0131s\u0131"},"content":{"rendered":"<p>Her sat\u0131r\u0131yla ya\u015famdan, g\u00f6n\u00fclden ve ger\u00e7ekten iz ta\u015f\u0131yan bir yazar, Ye\u015fim Ba\u015faran: Eyl\u00fcl Mavisi\u2019yle kalbimize dokundu, \u015fimdi de Kas\u0131m Sar\u0131s\u0131\u2019yla i\u00e7imizdeki \u0131l\u0131kl\u0131\u011f\u0131 dile d\u00f6k\u00fcyor. Sade, samimi ve d\u00f6n\u00fc\u015ft\u00fcr\u00fcc\u00fc bir dille ya\u015fam\u0131n k\u0131r\u0131lma anlar\u0131n\u0131, g\u00f6n\u00fcl izlerini, yaln\u0131zl\u0131\u011f\u0131, \u00e7o\u011falmay\u0131 ve yeniden aya\u011fa kalkmay\u0131 anlat\u0131yor.   Bu kitap; son yirmi y\u0131l\u0131n sabr\u0131ndan, sessizli\u011finden, i\u00e7 hesapla\u015fmalar\u0131ndan ge\u00e7erek s\u00fcz\u00fclm\u00fc\u015f k\u0131rk bir b\u00f6l\u00fcmden olu\u015fuyor. Her bir sat\u0131r, ya\u015fanm\u0131\u015fl\u0131\u011f\u0131n i\u00e7inden ge\u00e7en bir \u0131\u015f\u0131k \u00e7izgisi gibi\u2026 \u201cYazmak, sonlara kafa tutup sonsuzlu\u011fa yelken a\u00e7mak de\u011fil mi?\u201d diye sorarken, kelimeleriyle hem kendini hem bizi iyile\u015ftirmeye \u00e7al\u0131\u015f\u0131yor.   Bir kad\u0131n\u0131n kendiyle, hayatla, yaln\u0131zl\u0131kla, kalabal\u0131kla, ya\u015fla ve hayallerle kurdu\u011fu ger\u00e7ek bir ba\u011f. Dokundu\u011fu her okuyucuda ba\u015fka bir iz b\u0131rakacak kadar i\u00e7ten, sade oldu\u011fu kadar derin, duru oldu\u011fu kadar g\u00fc\u00e7l\u00fc\u2026   G\u00fcz renklidir derler ama Ye\u015fim Ba\u015faran, maviyi de sar\u0131y\u0131 da kalbiyle boyuyor. Ve bu kitapta her duyguyu kendi renginde ya\u015fat\u0131yor.<\/p>\n","protected":false},"excerpt":{"rendered":"<p>Her sat\u0131r\u0131yla ya\u015famdan, g\u00f6n\u00fclden ve ger\u00e7ekten iz ta\u015f\u0131yan bir yazar, Ye\u015fim Ba\u015faran: Eyl\u00fcl Mavisi\u2019yle kalbimize dokundu, \u015fimdi de Kas\u0131m Sar\u0131s\u0131\u2019yla i\u00e7imizdeki \u0131l\u0131kl\u0131\u011f\u0131 dile d\u00f6k\u00fcyor. Sade, samimi<span class=\"excerpt-hellip\"> [\u2026]<\/span><\/p>\n","protected":false},"featured_media":0,"template":"","meta":{"_monsterinsights_skip_tracking":false,"_monsterinsights_sitenote_active":false,"_monsterinsights_sitenote_note":"","_monsterinsights_sitenote_category":0},"product_brand":[],"product_cat":[13835],"product_tag":[],"class_list":{"0":"post-780328","1":"product","2":"type-product","3":"status-publish","5":"product_cat-cok-satanlar","6":"pa_cilt-ciltsiz","7":"pa_tur-kitap","8":"pa_yayinevi-luna-yayinlari","9":"pa_yazar-yesim-basaran","11":"first","12":"instock","13":"sale","14":"shipping-taxable","15":"purchasable","16":"product-type-simple"},"_links":{"self":[{"href":"https:\/\/roveyayinevi.com.tr\/index.php\/wp-json\/wp\/v2\/product\/780328","targetHints":{"allow":["GET"]}}],"collection":[{"href":"https:\/\/roveyayinevi.com.tr\/index.php\/wp-json\/wp\/v2\/product"}],"about":[{"href":"https:\/\/roveyayinevi.com.tr\/index.php\/wp-json\/wp\/v2\/types\/product"}],"wp:attachment":[{"href":"https:\/\/roveyayinevi.com.tr\/index.php\/wp-json\/wp\/v2\/media?parent=780328"}],"wp:term":[{"taxonomy":"product_brand","embeddable":true,"href":"https:\/\/roveyayinevi.com.tr\/index.php\/wp-json\/wp\/v2\/product_brand?post=780328"},{"taxonomy":"product_cat","embeddable":true,"href":"https:\/\/roveyayinevi.com.tr\/index.php\/wp-json\/wp\/v2\/product_cat?post=780328"},{"taxonomy":"product_tag","embeddable":true,"href":"https:\/\/roveyayinevi.com.tr\/index.php\/wp-json\/wp\/v2\/product_tag?post=780328"}],"curies":[{"name":"wp","href":"https:\/\/api.w.org\/{rel}","templated":true}]}}