{"id":780327,"date":"2025-12-30T12:37:32","date_gmt":"2025-12-30T09:37:32","guid":{"rendered":"https:\/\/roveyayinevi.com.tr\/index.php\/urun\/adaletli-anne-baba-ve-adaletsiz-davranislar\/"},"modified":"2026-04-15T03:44:53","modified_gmt":"2026-04-15T00:44:53","slug":"adaletli-anne-baba-ve-adaletsiz-davranislar","status":"publish","type":"product","link":"https:\/\/roveyayinevi.com.tr\/index.php\/urun\/adaletli-anne-baba-ve-adaletsiz-davranislar\/","title":{"rendered":"Adaletli Anne Baba Ve Adaletsiz Davran\u0131\u015flar"},"content":{"rendered":"<p>Adaletsizlik ve \u00e2dil olmayan bir ba\u015fka sorun, anne babalar olarak \u00e7ocuk e\u011fitim faaliyetlerinde modern global \u00e7a\u011f\u0131n g\u00f6r\u00fc\u015f\u00fc ve anlay\u0131\u015f\u0131ndan hareketle \u2018geli\u015fmi\u015flik g\u00f6stergesi ad\u0131na \u201c\u00d6zg\u00fcr ve \u00d6z G\u00fcvenli\u201d \u00e7ocuklar yeti\u015ftiriyoruz\u2019 safsatas\u0131yla sonu\u00e7ta \u201cKral \u00c7ocuklar, Esir\/K\u00f6le Anne Babalar\u201d yeti\u015ftirdik.<\/p>\n","protected":false},"excerpt":{"rendered":"<p>Adaletsizlik ve \u00e2dil olmayan bir ba\u015fka sorun, anne babalar olarak \u00e7ocuk e\u011fitim faaliyetlerinde modern global \u00e7a\u011f\u0131n g\u00f6r\u00fc\u015f\u00fc ve anlay\u0131\u015f\u0131ndan hareketle \u2018geli\u015fmi\u015flik g\u00f6stergesi ad\u0131na \u201c\u00d6zg\u00fcr ve \u00d6z<span class=\"excerpt-hellip\"> [\u2026]<\/span><\/p>\n","protected":false},"featured_media":0,"template":"","meta":{"_monsterinsights_skip_tracking":false,"_monsterinsights_sitenote_active":false,"_monsterinsights_sitenote_note":"","_monsterinsights_sitenote_category":0},"product_brand":[],"product_cat":[12364,12376],"product_tag":[],"class_list":{"0":"post-780327","1":"product","2":"type-product","3":"status-publish","5":"product_cat-genel-konular","6":"product_cat-kisisel-gelisim","7":"pa_cilt-ciltsiz","8":"pa_tur-kitap","9":"pa_yayinevi-kuytu-yayinlari","10":"pa_yazar-ismail-cetin","12":"first","13":"instock","14":"sale","15":"shipping-taxable","16":"purchasable","17":"product-type-simple"},"_links":{"self":[{"href":"https:\/\/roveyayinevi.com.tr\/index.php\/wp-json\/wp\/v2\/product\/780327","targetHints":{"allow":["GET"]}}],"collection":[{"href":"https:\/\/roveyayinevi.com.tr\/index.php\/wp-json\/wp\/v2\/product"}],"about":[{"href":"https:\/\/roveyayinevi.com.tr\/index.php\/wp-json\/wp\/v2\/types\/product"}],"wp:attachment":[{"href":"https:\/\/roveyayinevi.com.tr\/index.php\/wp-json\/wp\/v2\/media?parent=780327"}],"wp:term":[{"taxonomy":"product_brand","embeddable":true,"href":"https:\/\/roveyayinevi.com.tr\/index.php\/wp-json\/wp\/v2\/product_brand?post=780327"},{"taxonomy":"product_cat","embeddable":true,"href":"https:\/\/roveyayinevi.com.tr\/index.php\/wp-json\/wp\/v2\/product_cat?post=780327"},{"taxonomy":"product_tag","embeddable":true,"href":"https:\/\/roveyayinevi.com.tr\/index.php\/wp-json\/wp\/v2\/product_tag?post=780327"}],"curies":[{"name":"wp","href":"https:\/\/api.w.org\/{rel}","templated":true}]}}