{"id":780326,"date":"2025-12-30T12:37:30","date_gmt":"2025-12-30T09:37:30","guid":{"rendered":"https:\/\/roveyayinevi.com.tr\/index.php\/urun\/bilimsel-arastirma-teknikleri-ve-yayin-etigi\/"},"modified":"2026-04-15T03:44:53","modified_gmt":"2026-04-15T00:44:53","slug":"bilimsel-arastirma-teknikleri-ve-yayin-etigi","status":"publish","type":"product","link":"https:\/\/roveyayinevi.com.tr\/index.php\/urun\/bilimsel-arastirma-teknikleri-ve-yayin-etigi\/","title":{"rendered":"Bilimsel Ara\u015ft\u0131rma Teknikleri Ve Yay\u0131n Eti\u011fi"},"content":{"rendered":"<p>\u0130\u00e7indekiler :     1.      B\u00d6L\u00dcM: B\u0130L\u0130MSEL ARA\u015eTIRMA TEKN\u0130KLER\u0130   2.      B\u00d6L\u00dcM: B\u0130L\u0130M ET\u0130\u011e\u0130 <\/p>\n","protected":false},"excerpt":{"rendered":"<p>\u0130\u00e7indekiler : 1. B\u00d6L\u00dcM: B\u0130L\u0130MSEL ARA\u015eTIRMA TEKN\u0130KLER\u0130 2. B\u00d6L\u00dcM: B\u0130L\u0130M ET\u0130\u011e\u0130<\/p>\n","protected":false},"featured_media":0,"template":"","meta":{"_monsterinsights_skip_tracking":false,"_monsterinsights_sitenote_active":false,"_monsterinsights_sitenote_note":"","_monsterinsights_sitenote_category":0},"product_brand":[],"product_cat":[13005,18664],"product_tag":[],"class_list":{"0":"post-780326","1":"product","2":"type-product","3":"status-publish","5":"product_cat-bilim-muhendislik","6":"product_cat-muhendislik","7":"pa_cilt-ciltsiz","8":"pa_tur-kitap","9":"pa_yayinevi-gazi-kitabevi","10":"pa_yazar-r-tugrul-ogulata","12":"first","13":"instock","14":"sale","15":"shipping-taxable","16":"purchasable","17":"product-type-simple"},"_links":{"self":[{"href":"https:\/\/roveyayinevi.com.tr\/index.php\/wp-json\/wp\/v2\/product\/780326","targetHints":{"allow":["GET"]}}],"collection":[{"href":"https:\/\/roveyayinevi.com.tr\/index.php\/wp-json\/wp\/v2\/product"}],"about":[{"href":"https:\/\/roveyayinevi.com.tr\/index.php\/wp-json\/wp\/v2\/types\/product"}],"wp:attachment":[{"href":"https:\/\/roveyayinevi.com.tr\/index.php\/wp-json\/wp\/v2\/media?parent=780326"}],"wp:term":[{"taxonomy":"product_brand","embeddable":true,"href":"https:\/\/roveyayinevi.com.tr\/index.php\/wp-json\/wp\/v2\/product_brand?post=780326"},{"taxonomy":"product_cat","embeddable":true,"href":"https:\/\/roveyayinevi.com.tr\/index.php\/wp-json\/wp\/v2\/product_cat?post=780326"},{"taxonomy":"product_tag","embeddable":true,"href":"https:\/\/roveyayinevi.com.tr\/index.php\/wp-json\/wp\/v2\/product_tag?post=780326"}],"curies":[{"name":"wp","href":"https:\/\/api.w.org\/{rel}","templated":true}]}}