{"id":780325,"date":"2025-12-30T12:37:28","date_gmt":"2025-12-30T09:37:28","guid":{"rendered":"https:\/\/roveyayinevi.com.tr\/index.php\/urun\/auschwitzden-gazzeye-kuresel-biyo-politika\/"},"modified":"2026-04-15T03:44:53","modified_gmt":"2026-04-15T00:44:53","slug":"auschwitzden-gazzeye-kuresel-biyo-politika","status":"publish","type":"product","link":"https:\/\/roveyayinevi.com.tr\/index.php\/urun\/auschwitzden-gazzeye-kuresel-biyo-politika\/","title":{"rendered":"Auschwitz&#8217;den Gazze&#8217;ye K\u00fcresel Biyo-Politika"},"content":{"rendered":"<p>Bat\u0131 ve \u0130srail\u2019i kapitalizm, emperyalizm ve Siyonizm ala\u015f\u0131m\u0131 \u00fczerinden ittifak\u0131na eklemleyen ABD, Schmitt\u2019in \u2018politik olan\u2019 dost-d\u00fc\u015fman teorisini ve James\u2019in \u2018Pragmatism\u2019 yasalar\u0131n\u0131 do\u011frularcas\u0131na bir as\u0131rd\u0131r Bat\u0131\u2019n\u0131n demokrasi, insan haklar\u0131, hukukun \u00fcst\u00fcnl\u00fc\u011f\u00fc ve \u00f6zg\u00fcrl\u00fckler gibi medeniyet de\u011ferlerine bir tehdit gerek\u00e7esi g\u00f6sterebilece\u011fi, gerekti\u011finde askeri olarak kar\u015f\u0131 koymas\u0131 gereken yabanc\u0131 bir d\u00fc\u015fmana ihtiya\u00e7 duymu\u015f ve bu d\u00fc\u015fman\u0131 pragmatist konjonkt\u00fcre ve \u00e7\u0131karlar\u0131na g\u00f6re d\u00fczenli olarak de\u011fi\u015ftirmi\u015ftir.Rusya ve kom\u00fcnizm ile ba\u015flay\u0131p Arap milliyet\u00e7ili\u011fi ile devam eden ve sonras\u0131nda da Irak, Afganistan, \u0130ran, Suriye, L\u00fcbnan\/Hizbullah, El-Kaide ve I\u015e\u0130D \u00fczerinden \u0130slam\u0131 ter\u00f6rizm ile \u00f6zde\u015fle\u015ftirerek s\u00fcrd\u00fcrd\u00fc\u011f\u00fc d\u00fc\u015fmanla\u015ft\u0131r\u0131p \u2018Ha\u00e7l\u0131 seferleri\u2019 d\u00fczenleme s\u00fcrecinde g\u00fcn\u00fcm\u00fczde s\u0131ra Gazze\u2019ye gelmi\u015ftir.D\u00fc\u015fman\u0131, her daim kendisi belirleyip tan\u0131mlayan ABD, Bat\u0131 ve \u0130srail ittifak\u0131 son olarak g\u00fcn\u00fcm\u00fczde ya\u015fanan Gazze soyk\u0131r\u0131m\u0131nda g\u00f6r\u00fcld\u00fc\u011f\u00fc gibi d\u00fc\u015fman\u0131 politik d\u00fczeylerinden ar\u0131nd\u0131r\u0131p onu yok edilmesi gereken k\u00f6t\u00fcl\u00fck olarak ilan ederek sadece d\u00fc\u015fman\u0131na zarar vermemi\u015f ayn\u0131 zamanda da kendi nomos\u2019u ile birlikte t\u00fcm insanl\u0131\u011f\u0131n ahlaka, hukuka, dine, vicdana, erdeme, adalete, hakkaniyete ve merhamete dayal\u0131 kadim auctoritas nomos\u2019lar\u0131n\u0131 \u00e7\u00fcr\u00fct\u00fcp par\u00e7alay\u0131p yok etmi\u015ftir.K\u00fcresel Biyo-Politika, modern iktidar\u0131n en karanl\u0131k miraslar\u0131n\u0131 birbirine ba\u011flayan bir biyopolitik soy k\u00fct\u00fc\u011f\u00fc sunmaktad\u0131r. Ayr\u0131ca bu kitap, yaln\u0131zca akademik bir inceleme de\u011fil; \u00e7a\u011f\u0131m\u0131z\u0131n en a\u011f\u0131r ger\u00e7ekliklerine dair bir y\u00fczle\u015fme davetidir.<\/p>\n","protected":false},"excerpt":{"rendered":"<p>Bat\u0131 ve \u0130srail\u2019i kapitalizm, emperyalizm ve Siyonizm ala\u015f\u0131m\u0131 \u00fczerinden ittifak\u0131na eklemleyen ABD, Schmitt\u2019in \u2018politik olan\u2019 dost-d\u00fc\u015fman teorisini ve James\u2019in \u2018Pragmatism\u2019 yasalar\u0131n\u0131 do\u011frularcas\u0131na bir as\u0131rd\u0131r Bat\u0131\u2019n\u0131n demokrasi,<span class=\"excerpt-hellip\"> [\u2026]<\/span><\/p>\n","protected":false},"featured_media":0,"template":"","meta":{"_monsterinsights_skip_tracking":false,"_monsterinsights_sitenote_active":false,"_monsterinsights_sitenote_note":"","_monsterinsights_sitenote_category":0},"product_brand":[],"product_cat":[13590,12337],"product_tag":[],"class_list":{"0":"post-780325","1":"product","2":"type-product","3":"status-publish","5":"product_cat-arastirma-inceleme-politika-siyaset","6":"product_cat-politika-siyaset","7":"pa_cilt-ciltsiz","8":"pa_tur-kitap","9":"pa_yayinevi-episteme-yayinlari","10":"pa_yazar-halis-cetin","12":"first","13":"instock","14":"sale","15":"shipping-taxable","16":"purchasable","17":"product-type-simple"},"_links":{"self":[{"href":"https:\/\/roveyayinevi.com.tr\/index.php\/wp-json\/wp\/v2\/product\/780325","targetHints":{"allow":["GET"]}}],"collection":[{"href":"https:\/\/roveyayinevi.com.tr\/index.php\/wp-json\/wp\/v2\/product"}],"about":[{"href":"https:\/\/roveyayinevi.com.tr\/index.php\/wp-json\/wp\/v2\/types\/product"}],"wp:attachment":[{"href":"https:\/\/roveyayinevi.com.tr\/index.php\/wp-json\/wp\/v2\/media?parent=780325"}],"wp:term":[{"taxonomy":"product_brand","embeddable":true,"href":"https:\/\/roveyayinevi.com.tr\/index.php\/wp-json\/wp\/v2\/product_brand?post=780325"},{"taxonomy":"product_cat","embeddable":true,"href":"https:\/\/roveyayinevi.com.tr\/index.php\/wp-json\/wp\/v2\/product_cat?post=780325"},{"taxonomy":"product_tag","embeddable":true,"href":"https:\/\/roveyayinevi.com.tr\/index.php\/wp-json\/wp\/v2\/product_tag?post=780325"}],"curies":[{"name":"wp","href":"https:\/\/api.w.org\/{rel}","templated":true}]}}