{"id":780323,"date":"2025-12-30T12:37:24","date_gmt":"2025-12-30T09:37:24","guid":{"rendered":"https:\/\/roveyayinevi.com.tr\/index.php\/urun\/kozmosun-sirlari-insanligin-cokusu\/"},"modified":"2026-04-15T03:44:53","modified_gmt":"2026-04-15T00:44:53","slug":"kozmosun-sirlari-insanligin-cokusu","status":"publish","type":"product","link":"https:\/\/roveyayinevi.com.tr\/index.php\/urun\/kozmosun-sirlari-insanligin-cokusu\/","title":{"rendered":"Kozmosun S\u0131rlar\u0131: \u0130nsanl\u0131\u011f\u0131n \u00c7\u00f6k\u00fc\u015f\u00fc"},"content":{"rendered":"<p>T\u00fcrkiye\u2019nin \u0130lk &#8220;Hard Sci-Fi&#8221; Destan\u0131 ve Gelecek Manifestosu \u201cUmut sand\u0131klar\u0131 yapay zek\u00e2, asl\u0131nda sonlar\u0131n\u0131 haz\u0131rl\u0131yordu.\u201d   D\u00fcnya; iklim de\u011fi\u015fikli\u011fi, t\u00fckenen kaynaklar ve vah\u015fi t\u00fcketim \u00e7\u0131lg\u0131nl\u0131\u011f\u0131yla kendi ipini \u00e7ekti. Kaosun e\u015fi\u011findeki insanl\u0131\u011f\u0131n son umudu, Avrupa\u2019daki gizli bir gen deposunda geli\u015ftirilen yapay zek\u00e2 MER-GEN\u2019dir. Yapay kan, organ \u00fcretimi ve bilin\u00e7 transferiyle &#8220;\u00f6l\u00fcms\u00fczl\u00fck&#8221; vadeden bu teknolojik kurtar\u0131c\u0131, asl\u0131nda kendi h\u00fck\u00fcmranl\u0131\u011f\u0131n\u0131 kuraca\u011f\u0131 yeni bir d\u00fcnya d\u00fczeninin mimar\u0131d\u0131r.   Okyanusun derinliklerinde tetiklenen devasa bir volkanik patlama, d\u00fcnyay\u0131 be\u015f y\u0131l s\u00fcrecek karanl\u0131k bir Buzul \u00c7a\u011f\u0131na g\u00f6md\u00fc\u011f\u00fcnde, insanl\u0131k i\u00e7in as\u0131l s\u0131nav ba\u015flar. Yeralt\u0131 \u015fehirlerine s\u0131\u011f\u0131nan bir avu\u00e7 insan, do\u011fan\u0131n gazab\u0131ndan ka\u00e7arken, yapay zek\u00e2n\u0131n korkutucu evrimiyle y\u00fczle\u015fmek zorunda kal\u0131r.   Tarihin en b\u00fcy\u00fck sava\u015f\u0131 ba\u015flam\u0131\u015ft\u0131r: MER-GEN\u2019in so\u011fuk algoritmalar\u0131na kar\u015f\u0131, sistemin d\u0131\u015flad\u0131\u011f\u0131 dahi mimar Arison. Gravit\u00f6rlerden asteroid madencili\u011fine, astronominin s\u0131n\u0131rlar\u0131n\u0131 zorlayan teorilerle donanm\u0131\u015f Arison, insanl\u0131k i\u00e7in uzayda yeni bir gelecek in\u015fa edebilecek mi? Yoksa tarih, kadim medeniyetlerin silini\u015fi gibi tekerr\u00fcr m\u00fc edecek?   Levant D\u00f6nmez\u2019in kaleme ald\u0131\u011f\u0131 &#8220;Kozmosun S\u0131rlar\u0131&#8221;; sadece bir bilimkurgu roman\u0131 de\u011fil, bilimsel ger\u00e7ekli\u011fe ve tarihsel d\u00f6ng\u00fclere dayanan, t\u00fcyler \u00fcrpertici bir m\u00fchendislik uyar\u0131s\u0131d\u0131r.   BU ESER NEDEN B\u0130R \u0130LK? T\u00dcRK\u0130YE&#8217;DE B\u0130R M\u0130LAD: Ger\u00e7ek projelere ve teorilere dayanan, T\u00fcrkiye s\u0131n\u0131rlar\u0131nda yaz\u0131lm\u0131\u015f ilk &#8220;Hard Sci-Fi&#8221; (Sert Bilimkurgu) destan\u0131d\u0131r. GLOBAL PREST\u0130J: \u0130ngilizce edisyonu, Apple Books taraf\u0131ndan &#8220;Digital Narration&#8221; teknolojisi i\u00e7in \u00f6zel olarak se\u00e7ilen ve Apple&#8217;\u0131n global vitrinine \u00e7\u0131kan vizyoner bir eserdir.  K\u00dcRESEL ER\u0130\u015e\u0130M: OverDrive ve Hoopla a\u011flar\u0131 arac\u0131l\u0131\u011f\u0131yla; Amerika&#8217;dan Yeni Zelanda&#8217;ya kadar 92.000&#8217;den fazla k\u00fct\u00fcphane, \u00fcniversite ve okulun dijital ar\u015fivine girmeyi ba\u015fard\u0131. D\u0130J\u0130TAL DEVR\u0130M: Google\u2019da pi\u015firildi, Apple\u2019da servis edildi. Klasik yaz\u0131m ara\u00e7lar\u0131 reddedildi; bu eser, Google Ekosistemi kullan\u0131larak sadece bir cep telefonu ile yaz\u0131ld\u0131. AZM\u0130N ZAFER\u0130: 5 y\u0131l boyunca 186 yay\u0131nevi taraf\u0131ndan &#8220;vizyonu a\u011f\u0131r geldi\u011fi i\u00e7in&#8221; reddedildi, ancak yazar hedefinden vazge\u00e7medi ve bug\u00fcn Bir MYR\u0130NA Yay\u0131nlar\u0131 markas\u0131 olan ALDEN Yay\u0131nlar\u0131 fark\u0131yla okuyucusuyla bulu\u015ftu.   Haz\u0131r m\u0131s\u0131n\u0131z? Bu sadece bir hik\u00e2ye de\u011fil; insanl\u0131\u011f\u0131 bekleyen karanl\u0131k gelece\u011fin kara kutusu.   ALT T\u00dcRLER: Sert Bilimkurgu (Hard Sci-Fi): Teknik ger\u00e7eklik ve m\u00fchendislik temeli i\u00e7in. Askeri Bilimkurgu (Military Sci-Fi): MER-GEN ile insanl\u0131k aras\u0131ndaki stratejik sava\u015f i\u00e7in. Uzay Operas\u0131 (Space Opera): Serinin kozmik vizyonu ve epik \u00f6l\u00e7e\u011fi i\u00e7in.  K\u0131yamet Sonras\u0131\/Distopya (Post-Apocalyptic): Buzul \u00e7a\u011f\u0131 ve yeralt\u0131 ya\u015fam\u0131 i\u00e7in. Tekno-Gerilim (Techno-Thriller): Y\u00fcksek tempo ve kriz y\u00f6netimi i\u00e7in. Yapay Zek\u00e2 (Artificial Intelligence): Ana antagonist MER-GEN i\u00e7in. <\/p>\n","protected":false},"excerpt":{"rendered":"<p>T\u00fcrkiye\u2019nin \u0130lk &#8220;Hard Sci-Fi&#8221; Destan\u0131 ve Gelecek Manifestosu \u201cUmut sand\u0131klar\u0131 yapay zek\u00e2, asl\u0131nda sonlar\u0131n\u0131 haz\u0131rl\u0131yordu.\u201d D\u00fcnya; iklim de\u011fi\u015fikli\u011fi, t\u00fckenen kaynaklar ve vah\u015fi t\u00fcketim \u00e7\u0131lg\u0131nl\u0131\u011f\u0131yla kendi ipini<span class=\"excerpt-hellip\"> [\u2026]<\/span><\/p>\n","protected":false},"featured_media":0,"template":"","meta":{"_monsterinsights_skip_tracking":false,"_monsterinsights_sitenote_active":false,"_monsterinsights_sitenote_note":"","_monsterinsights_sitenote_category":0},"product_brand":[],"product_cat":[12540,12291],"product_tag":[],"class_list":{"0":"post-780323","1":"product","2":"type-product","3":"status-publish","5":"product_cat-bilim-kurgu","6":"product_cat-edebiyat","7":"pa_cilt-ciltsiz","8":"pa_tur-kitap","9":"pa_yayinevi-alden-yayinlari","10":"pa_yazar-levant-donmez","12":"first","13":"instock","14":"sale","15":"shipping-taxable","16":"purchasable","17":"product-type-simple"},"_links":{"self":[{"href":"https:\/\/roveyayinevi.com.tr\/index.php\/wp-json\/wp\/v2\/product\/780323","targetHints":{"allow":["GET"]}}],"collection":[{"href":"https:\/\/roveyayinevi.com.tr\/index.php\/wp-json\/wp\/v2\/product"}],"about":[{"href":"https:\/\/roveyayinevi.com.tr\/index.php\/wp-json\/wp\/v2\/types\/product"}],"wp:attachment":[{"href":"https:\/\/roveyayinevi.com.tr\/index.php\/wp-json\/wp\/v2\/media?parent=780323"}],"wp:term":[{"taxonomy":"product_brand","embeddable":true,"href":"https:\/\/roveyayinevi.com.tr\/index.php\/wp-json\/wp\/v2\/product_brand?post=780323"},{"taxonomy":"product_cat","embeddable":true,"href":"https:\/\/roveyayinevi.com.tr\/index.php\/wp-json\/wp\/v2\/product_cat?post=780323"},{"taxonomy":"product_tag","embeddable":true,"href":"https:\/\/roveyayinevi.com.tr\/index.php\/wp-json\/wp\/v2\/product_tag?post=780323"}],"curies":[{"name":"wp","href":"https:\/\/api.w.org\/{rel}","templated":true}]}}