{"id":780321,"date":"2025-12-30T12:37:20","date_gmt":"2025-12-30T09:37:20","guid":{"rendered":"https:\/\/roveyayinevi.com.tr\/index.php\/urun\/cam-boncuk-yapim-teknikleri\/"},"modified":"2026-04-15T03:44:53","modified_gmt":"2026-04-15T00:44:53","slug":"cam-boncuk-yapim-teknikleri","status":"publish","type":"product","link":"https:\/\/roveyayinevi.com.tr\/index.php\/urun\/cam-boncuk-yapim-teknikleri\/","title":{"rendered":"Cam Boncuk Yap\u0131m Teknikleri"},"content":{"rendered":"<p>\u201cCam Boncuk Yap\u0131m Teknikleri\u201dadl\u0131 bu kitap, \u00fclkemizin \u00f6nde gelen cam sanat\u00e7\u0131lar\u0131ndan \u00d6m\u00fcr Du-ruerk taraf\u0131ndan yay\u0131na haz\u0131rlanm\u0131\u015ft\u0131r. Kitapta; cam at\u00f6lyesinin nas\u0131l kurulaca\u011f\u0131, cam boncuk \u015fekille-ri, boncuk dekorasyonu, camlar\u0131n nas\u0131l \u015fekillendirilece\u011fi ile ilgili b\u00f6l\u00fcmler bulunmaktad\u0131r.Bu kitap, \u201calevle \u00e7al\u0131\u015fma cam tekni\u011fini\u201d \u00f6\u011frenmenin en kolay yolu olarak tasarlan\u0131p samimi bir \u00fcs-lupla yaz\u0131lm\u0131\u015ft\u0131r.Teknikler, cam \u00e7ubuklar\u0131, mandrele sarma y\u00f6ntemi kullan\u0131larak anlat\u0131lm\u0131\u015ft\u0131r.At\u00f6lyesini kurma a\u015famas\u0131nda olan ya da kuran ve bu tekni\u011fi \u00f6\u011freten herkes i\u00e7in pratik ve yararl\u0131 bilgiler i\u00e7eren bir ba\u015fucu kitab\u0131d\u0131r.Renkli ku\u015fe k\u00e2\u011f\u0131da bas\u0131l\u0131 kitap, bol miktarda foto\u011fraf ile desteklenmi\u015ftir. <\/p>\n","protected":false},"excerpt":{"rendered":"<p>\u201cCam Boncuk Yap\u0131m Teknikleri\u201dadl\u0131 bu kitap, \u00fclkemizin \u00f6nde gelen cam sanat\u00e7\u0131lar\u0131ndan \u00d6m\u00fcr Du-ruerk taraf\u0131ndan yay\u0131na haz\u0131rlanm\u0131\u015ft\u0131r. Kitapta; cam at\u00f6lyesinin nas\u0131l kurulaca\u011f\u0131, cam boncuk \u015fekille-ri, boncuk dekorasyonu,<span class=\"excerpt-hellip\"> [\u2026]<\/span><\/p>\n","protected":false},"featured_media":0,"template":"","meta":{"_monsterinsights_skip_tracking":false,"_monsterinsights_sitenote_active":false,"_monsterinsights_sitenote_note":"","_monsterinsights_sitenote_category":0},"product_brand":[],"product_cat":[12408],"product_tag":[],"class_list":{"0":"post-780321","1":"product","2":"type-product","3":"status-publish","5":"product_cat-sanat","6":"pa_cilt-ciltsiz","7":"pa_tur-kitap","8":"pa_yayinevi-myrina-yayinlari","9":"pa_yazar-omur-duruerk","11":"first","12":"instock","13":"sale","14":"shipping-taxable","15":"purchasable","16":"product-type-simple"},"_links":{"self":[{"href":"https:\/\/roveyayinevi.com.tr\/index.php\/wp-json\/wp\/v2\/product\/780321","targetHints":{"allow":["GET"]}}],"collection":[{"href":"https:\/\/roveyayinevi.com.tr\/index.php\/wp-json\/wp\/v2\/product"}],"about":[{"href":"https:\/\/roveyayinevi.com.tr\/index.php\/wp-json\/wp\/v2\/types\/product"}],"wp:attachment":[{"href":"https:\/\/roveyayinevi.com.tr\/index.php\/wp-json\/wp\/v2\/media?parent=780321"}],"wp:term":[{"taxonomy":"product_brand","embeddable":true,"href":"https:\/\/roveyayinevi.com.tr\/index.php\/wp-json\/wp\/v2\/product_brand?post=780321"},{"taxonomy":"product_cat","embeddable":true,"href":"https:\/\/roveyayinevi.com.tr\/index.php\/wp-json\/wp\/v2\/product_cat?post=780321"},{"taxonomy":"product_tag","embeddable":true,"href":"https:\/\/roveyayinevi.com.tr\/index.php\/wp-json\/wp\/v2\/product_tag?post=780321"}],"curies":[{"name":"wp","href":"https:\/\/api.w.org\/{rel}","templated":true}]}}