{"id":780319,"date":"2025-12-30T12:37:16","date_gmt":"2025-12-30T09:37:16","guid":{"rendered":"https:\/\/roveyayinevi.com.tr\/index.php\/urun\/gecmisten-gunumuze-didaktik-siirler-2\/"},"modified":"2026-04-15T03:44:53","modified_gmt":"2026-04-15T00:44:53","slug":"gecmisten-gunumuze-didaktik-siirler-2","status":"publish","type":"product","link":"https:\/\/roveyayinevi.com.tr\/index.php\/urun\/gecmisten-gunumuze-didaktik-siirler-2\/","title":{"rendered":"Ge\u00e7mi\u015ften G\u00fcn\u00fcm\u00fcze Didaktik \u015eiirler-2"},"content":{"rendered":"<p>Merhaba, daha \u00f6nce yay\u0131mlanan \u201cGe\u00e7mi\u015ften G\u00fcn\u00fcm\u00fcze Didaktik \u015eiirler\u201d adl\u0131 eserimi b\u00fcy\u00fck be\u011feni ve \u00f6vg\u00fcyle okumu\u015ftunuz. Bu sefer T\u00fcrk\u00e7e ve \u0130ngilizce \u00e7evirinin yan\u0131 s\u0131ra ill\u00fcstrasyonlar (bilgisayar destekli resimler) da var. Emsalsiz olan yar\u0131 kurall\u0131, yar\u0131 kurals\u0131z ve senaryosal \u015fiirlerimi; e\u011fitici ve \u00f6\u011freticili\u011fin yan\u0131nda ufuk a\u00e7\u0131c\u0131 ve hayal g\u00fcc\u00fcn\u00fcze birer iksir katan ender ikinci \u015fiir kitab\u0131m \u201cGe\u00e7mi\u015ften G\u00fcn\u00fcm\u00fcze Didaktik \u015eiirler 2\u201d eserimi sizlerin takdirine sunuyorum.   Hello, you have read my previous work \u201cDidactic Poems from Past to Present\u201d with great appreciation and praise. This time, there are illustrations (computer-aided pictures) in addition to Turkish and English translation. I present my unique half-rule, semi-rules and script poems; my rare second book of poetry, \u201cDidactic Poems 2\u201d, which is seminal and adds an elixir to your imagination, to your discretion.     Sivas G\u00fcr\u00fcn do\u011fumlu yazar, Karadeniz Teknik \u00dcniversitesi Makine B\u00f6l\u00fcm\u00fc mezunudur. Bir d\u00f6nem \u0130stanbul\u2019da futbol hakemli\u011fi yapm\u0131\u015ft\u0131r. Ayr\u0131ca foto\u011fraf sanat\u0131yla yak\u0131ndan ilgilenmektedir. \u201cGe\u00e7mi\u015ften G\u00fcn\u00fcm\u00fcze Didaktik \u015eiirler 2\u201d eseriyle be\u015finci kitab\u0131n\u0131 piyasaya s\u00fcrm\u00fc\u015ft\u00fcr.   Born in Sivas G\u00fcr\u00fcn, the author is a graduate of Karadeniz Technical University, Department of Mechanical . He was a football referee in Istanbul for a while. He is also closely interested in the art of photography. He released his fifth book with \u201cThese Didactic Poems 2\u201d. <\/p>\n","protected":false},"excerpt":{"rendered":"<p>Merhaba, daha \u00f6nce yay\u0131mlanan \u201cGe\u00e7mi\u015ften G\u00fcn\u00fcm\u00fcze Didaktik \u015eiirler\u201d adl\u0131 eserimi b\u00fcy\u00fck be\u011feni ve \u00f6vg\u00fcyle okumu\u015ftunuz. Bu sefer T\u00fcrk\u00e7e ve \u0130ngilizce \u00e7evirinin yan\u0131 s\u0131ra ill\u00fcstrasyonlar (bilgisayar destekli<span class=\"excerpt-hellip\"> [\u2026]<\/span><\/p>\n","protected":false},"featured_media":0,"template":"","meta":{"_monsterinsights_skip_tracking":false,"_monsterinsights_sitenote_active":false,"_monsterinsights_sitenote_note":"","_monsterinsights_sitenote_category":0},"product_brand":[],"product_cat":[12291,12509],"product_tag":[],"class_list":{"0":"post-780319","1":"product","2":"type-product","3":"status-publish","5":"product_cat-edebiyat","6":"product_cat-siir","7":"pa_cilt-ciltsiz","8":"pa_tur-kitap","9":"pa_yayinevi-servet-yayinevi","10":"pa_yazar-serkan-kahveci","12":"first","13":"instock","14":"sale","15":"shipping-taxable","16":"purchasable","17":"product-type-simple"},"_links":{"self":[{"href":"https:\/\/roveyayinevi.com.tr\/index.php\/wp-json\/wp\/v2\/product\/780319","targetHints":{"allow":["GET"]}}],"collection":[{"href":"https:\/\/roveyayinevi.com.tr\/index.php\/wp-json\/wp\/v2\/product"}],"about":[{"href":"https:\/\/roveyayinevi.com.tr\/index.php\/wp-json\/wp\/v2\/types\/product"}],"wp:attachment":[{"href":"https:\/\/roveyayinevi.com.tr\/index.php\/wp-json\/wp\/v2\/media?parent=780319"}],"wp:term":[{"taxonomy":"product_brand","embeddable":true,"href":"https:\/\/roveyayinevi.com.tr\/index.php\/wp-json\/wp\/v2\/product_brand?post=780319"},{"taxonomy":"product_cat","embeddable":true,"href":"https:\/\/roveyayinevi.com.tr\/index.php\/wp-json\/wp\/v2\/product_cat?post=780319"},{"taxonomy":"product_tag","embeddable":true,"href":"https:\/\/roveyayinevi.com.tr\/index.php\/wp-json\/wp\/v2\/product_tag?post=780319"}],"curies":[{"name":"wp","href":"https:\/\/api.w.org\/{rel}","templated":true}]}}