{"id":780317,"date":"2025-12-30T12:37:12","date_gmt":"2025-12-30T09:37:12","guid":{"rendered":"https:\/\/roveyayinevi.com.tr\/index.php\/urun\/tefsirden-temsile-gazze\/"},"modified":"2026-04-15T03:44:52","modified_gmt":"2026-04-15T00:44:52","slug":"tefsirden-temsile-gazze","status":"publish","type":"product","link":"https:\/\/roveyayinevi.com.tr\/index.php\/urun\/tefsirden-temsile-gazze\/","title":{"rendered":"Tefsirden Temsile Gazze"},"content":{"rendered":"<p>Bu \u00e7al\u0131\u015fma, 7 Ekim 2023 sonras\u0131nda Gazze\u2019de ya\u015fanan soyk\u0131r\u0131m\u0131 konu edinmektedir.  Tefsir alan\u0131n\u0131n bak\u0131\u015f a\u00e7\u0131s\u0131yla, bu alandaki akademisyenlerin tarihe \u015fahitliklerini i\u00e7ermektedir.  Kur\u2019\u00e2n\u2019la hayat\u0131 anlamland\u0131rma \u00f6rne\u011fi, tefsirin hayat\u0131n i\u00e7inde olu\u015funun bir g\u00f6stergesidir.  21. y\u00fczy\u0131lda ya\u015fanan insanl\u0131k dram\u0131n\u0131n, say\u0131ya indirgenmi\u015f insan hayatlar\u0131n\u0131n \u00e2yetler \u00e7er\u00e7evesinde kay\u0131t alt\u0131na al\u0131nmas\u0131d\u0131r. Bu eser; akademik kayg\u0131lardan ar\u0131nd\u0131r\u0131lm\u0131\u015f, insan\u00ee duru\u015fun temsili i\u00e7in kaleme al\u0131nm\u0131\u015f bir i\u00e7 d\u00f6k\u00fc\u015f, bir i\u00e7e d\u00f6n\u00fc\u015ft\u00fcr. <\/p>\n","protected":false},"excerpt":{"rendered":"<p>Bu \u00e7al\u0131\u015fma, 7 Ekim 2023 sonras\u0131nda Gazze\u2019de ya\u015fanan soyk\u0131r\u0131m\u0131 konu edinmektedir. Tefsir alan\u0131n\u0131n bak\u0131\u015f a\u00e7\u0131s\u0131yla, bu alandaki akademisyenlerin tarihe \u015fahitliklerini i\u00e7ermektedir. Kur\u2019\u00e2n\u2019la hayat\u0131 anlamland\u0131rma \u00f6rne\u011fi, tefsirin<span class=\"excerpt-hellip\"> [\u2026]<\/span><\/p>\n","protected":false},"featured_media":0,"template":"","meta":{"_monsterinsights_skip_tracking":false,"_monsterinsights_sitenote_active":false,"_monsterinsights_sitenote_note":"","_monsterinsights_sitenote_category":0},"product_brand":[],"product_cat":[13590,12337],"product_tag":[],"class_list":{"0":"post-780317","1":"product","2":"type-product","3":"status-publish","5":"product_cat-arastirma-inceleme-politika-siyaset","6":"product_cat-politika-siyaset","7":"pa_cilt-ciltsiz","8":"pa_tur-kitap","9":"pa_yayinevi-astana-yayinlari","10":"pa_yazar-hatice-avci","12":"first","13":"instock","14":"sale","15":"shipping-taxable","16":"purchasable","17":"product-type-simple"},"_links":{"self":[{"href":"https:\/\/roveyayinevi.com.tr\/index.php\/wp-json\/wp\/v2\/product\/780317","targetHints":{"allow":["GET"]}}],"collection":[{"href":"https:\/\/roveyayinevi.com.tr\/index.php\/wp-json\/wp\/v2\/product"}],"about":[{"href":"https:\/\/roveyayinevi.com.tr\/index.php\/wp-json\/wp\/v2\/types\/product"}],"wp:attachment":[{"href":"https:\/\/roveyayinevi.com.tr\/index.php\/wp-json\/wp\/v2\/media?parent=780317"}],"wp:term":[{"taxonomy":"product_brand","embeddable":true,"href":"https:\/\/roveyayinevi.com.tr\/index.php\/wp-json\/wp\/v2\/product_brand?post=780317"},{"taxonomy":"product_cat","embeddable":true,"href":"https:\/\/roveyayinevi.com.tr\/index.php\/wp-json\/wp\/v2\/product_cat?post=780317"},{"taxonomy":"product_tag","embeddable":true,"href":"https:\/\/roveyayinevi.com.tr\/index.php\/wp-json\/wp\/v2\/product_tag?post=780317"}],"curies":[{"name":"wp","href":"https:\/\/api.w.org\/{rel}","templated":true}]}}