{"id":780314,"date":"2025-12-30T12:37:06","date_gmt":"2025-12-30T09:37:06","guid":{"rendered":"https:\/\/roveyayinevi.com.tr\/index.php\/urun\/gece-yarisi-valsi-pariste-gece-yarisi-1-kitap\/"},"modified":"2026-04-15T03:44:52","modified_gmt":"2026-04-15T00:44:52","slug":"gece-yarisi-valsi-pariste-gece-yarisi-1-kitap","status":"publish","type":"product","link":"https:\/\/roveyayinevi.com.tr\/index.php\/urun\/gece-yarisi-valsi-pariste-gece-yarisi-1-kitap\/","title":{"rendered":"Gece Yar\u0131s\u0131 Valsi &#8221;Paris&#8217;te Gece Yar\u0131s\u0131&#8221; (1. Kitap)"},"content":{"rendered":"<p>K\u00fc\u00e7\u00fck k\u0131zlar hep prenses olmak isterdi. S\u00fcsl\u00fc p\u00fcsl\u00fc elbiseler ve hizmet\u00e7iler fikirlerimizi cezbediyordu san\u0131r\u0131m ama ger\u00e7ekten bir prenses olunca unvan\u0131n alt\u0131nda ezilmek ne demek \u00f6\u011freniyordun. Zengin bir adam\u0131n \u00e7ocu\u011fu olmak ya da bir sadistin evlad\u0131&#8230; Hep ayn\u0131 kap\u0131ya \u00e7\u0131k\u0131yordu; unvan\u0131n u\u011frunda ya can veriyordun ya da ruhundan vazge\u00e7iyordun. Ey\u015fan ruhu i\u00e7in tac\u0131ndan vazge\u00e7ti ama s\u0131ra \u00f6zg\u00fcrl\u00fc\u011f\u00fcne geldi\u011finde ayr\u0131ca sava\u015fmas\u0131 gerekecekti. \u015eimdi onu abluka alt\u0131na alan bu karanl\u0131k adam, kaybetti\u011fi her ne varsa Ey\u015fan&#8217;\u0131n ayaklar\u0131 alt\u0131na serecek ama \u00f6nce al\u0131nmas\u0131 gereken bir intikam ve \u00f6denmesi gereken bir hesap var. <\/p>\n","protected":false},"excerpt":{"rendered":"<p>K\u00fc\u00e7\u00fck k\u0131zlar hep prenses olmak isterdi. S\u00fcsl\u00fc p\u00fcsl\u00fc elbiseler ve hizmet\u00e7iler fikirlerimizi cezbediyordu san\u0131r\u0131m ama ger\u00e7ekten bir prenses olunca unvan\u0131n alt\u0131nda ezilmek ne demek \u00f6\u011freniyordun. Zengin<span class=\"excerpt-hellip\"> [\u2026]<\/span><\/p>\n","protected":false},"featured_media":0,"template":"","meta":{"_monsterinsights_skip_tracking":false,"_monsterinsights_sitenote_active":false,"_monsterinsights_sitenote_note":"","_monsterinsights_sitenote_category":0},"product_brand":[],"product_cat":[12291,12711],"product_tag":[],"class_list":{"0":"post-780314","1":"product","2":"type-product","3":"status-publish","5":"product_cat-edebiyat","6":"product_cat-roman-oyku","7":"pa_cilt-ciltsiz","8":"pa_tur-kitap","9":"pa_yayinevi-vaveyla-yayincilik","10":"pa_yazar-hale-bilgic","12":"first","13":"instock","14":"sale","15":"shipping-taxable","16":"purchasable","17":"product-type-simple"},"_links":{"self":[{"href":"https:\/\/roveyayinevi.com.tr\/index.php\/wp-json\/wp\/v2\/product\/780314","targetHints":{"allow":["GET"]}}],"collection":[{"href":"https:\/\/roveyayinevi.com.tr\/index.php\/wp-json\/wp\/v2\/product"}],"about":[{"href":"https:\/\/roveyayinevi.com.tr\/index.php\/wp-json\/wp\/v2\/types\/product"}],"wp:attachment":[{"href":"https:\/\/roveyayinevi.com.tr\/index.php\/wp-json\/wp\/v2\/media?parent=780314"}],"wp:term":[{"taxonomy":"product_brand","embeddable":true,"href":"https:\/\/roveyayinevi.com.tr\/index.php\/wp-json\/wp\/v2\/product_brand?post=780314"},{"taxonomy":"product_cat","embeddable":true,"href":"https:\/\/roveyayinevi.com.tr\/index.php\/wp-json\/wp\/v2\/product_cat?post=780314"},{"taxonomy":"product_tag","embeddable":true,"href":"https:\/\/roveyayinevi.com.tr\/index.php\/wp-json\/wp\/v2\/product_tag?post=780314"}],"curies":[{"name":"wp","href":"https:\/\/api.w.org\/{rel}","templated":true}]}}