{"id":780313,"date":"2025-12-30T12:37:02","date_gmt":"2025-12-30T09:37:02","guid":{"rendered":"https:\/\/roveyayinevi.com.tr\/index.php\/urun\/kosele-kundura-kaucuk-zaman\/"},"modified":"2026-04-15T03:44:52","modified_gmt":"2026-04-15T00:44:52","slug":"kosele-kundura-kaucuk-zaman","status":"publish","type":"product","link":"https:\/\/roveyayinevi.com.tr\/index.php\/urun\/kosele-kundura-kaucuk-zaman\/","title":{"rendered":"K\u00f6sele Kundura Kau\u00e7uk Zaman"},"content":{"rendered":"<p>Baz\u0131 yol ayr\u0131mlar\u0131nda dururuz. San\u0131r\u0131z ki o an, yaln\u0131zca bize aittir karar. Oysa \u00e7ok daha \u00f6nce, hi\u00e7 tan\u0131mad\u0131\u011f\u0131m\u0131z birinin att\u0131\u011f\u0131 bir ad\u0131m, s\u00f6yledi\u011fi bir c\u00fcmle ya da ya\u015fad\u0131\u011f\u0131 bir k\u0131r\u0131lma, maruz kald\u0131\u011f\u0131 bir olay ya da koydu\u011fu bir kural \u00e7oktan bizim yolumuzu \u00e7izmi\u015ftir. Adeta bir ustan\u0131n elinden \u00e7\u0131kan diki\u015f, bir ba\u015fkas\u0131n\u0131n kaderine ba\u011flan\u0131r. Zaman, g\u00f6r\u00fcnmez bir tezg\u00e2hta, insanlar\u0131 birbirine dikerek akar. \u201cK\u00f6sele Kundura, Kau\u00e7uk Zaman\u201d bu gizli ba\u011flar\u0131n, ge\u00e7mi\u015ften bug\u00fcne uzanan zincirine tak\u0131lanlar\u0131n roman\u0131d\u0131r. Bir zamanlar bu \u00fclkenin zanaatkarlar\u0131n\u0131n elinden sab\u0131r ve incelikle \u00e7\u0131kan \u00f6m\u00fcrl\u00fck kunduralar uzun y\u0131llar \u00f6zenle giyilirdi. De\u011fi\u015fen zaman, de\u011fi\u015fen nesiller ve ger\u00e7ekler yerini h\u0131zla \u00fcretilen ancak daha d\u00fc\u015f\u00fck kalite vaat eden, kau\u00e7uk ayakkab\u0131lara b\u0131rakt\u0131. Yani k\u00f6sele kundura, kau\u00e7u\u011fa d\u00f6n\u00fc\u015ft\u00fc; t\u0131pk\u0131 zaman\u0131n ve insanlar\u0131n d\u00f6n\u00fc\u015f\u00fcm\u00fc gibi. Binnur \u015eahinkaya bu roman\u0131nda, insan eme\u011finin zorunlu d\u00f6n\u00fc\u015f\u00fcm\u00fcyle, farkl\u0131 insanlar\u0131n hayat \u00f6rg\u00fcs\u00fcn\u00fc ayn\u0131 potada eritiyor. Ge\u00e7mi\u015fle bug\u00fcn\u00fcn, ustal\u0131kla t\u00fcccarl\u0131\u011f\u0131n, sab\u0131rla t\u00fcketimin \u00e7at\u0131\u015fmas\u0131n\u0131 derin bir insan hik\u00e2yesine d\u00f6n\u00fc\u015ft\u00fcr\u00fcyor. Belki de her birimiz, kendi a\u00e7t\u0131\u011f\u0131m\u0131z\u0131 sand\u0131\u011f\u0131m\u0131z yollar yerine, y\u0131llar \u00f6nce ba\u015fkalar\u0131n\u0131n b\u0131rakt\u0131\u011f\u0131 izlerde y\u00fcr\u00fcyen insanlar\u0131z. Ve belki de, bir k\u00f6sele kunduran\u0131n sa\u011flam diki\u015finde h\u00e2l\u00e2 bir zaman\u0131n kalp at\u0131\u015f\u0131, bir ustan\u0131n nefesini yakalar\u0131z. Bu roman, sadece bir ayakkab\u0131n\u0131n de\u011fil, insan\u0131n, toplumun ve hatta d\u00f6nemin ruhunun de\u011fi\u015fimi \u00fczerine kaleme al\u0131nm\u0131\u015ft\u0131r.<\/p>\n","protected":false},"excerpt":{"rendered":"<p>Baz\u0131 yol ayr\u0131mlar\u0131nda dururuz. San\u0131r\u0131z ki o an, yaln\u0131zca bize aittir karar. Oysa \u00e7ok daha \u00f6nce, hi\u00e7 tan\u0131mad\u0131\u011f\u0131m\u0131z birinin att\u0131\u011f\u0131 bir ad\u0131m, s\u00f6yledi\u011fi bir c\u00fcmle ya<span class=\"excerpt-hellip\"> [\u2026]<\/span><\/p>\n","protected":false},"featured_media":0,"template":"","meta":{"_monsterinsights_skip_tracking":false,"_monsterinsights_sitenote_active":false,"_monsterinsights_sitenote_note":"","_monsterinsights_sitenote_category":0},"product_brand":[],"product_cat":[12291,12711],"product_tag":[],"class_list":{"0":"post-780313","1":"product","2":"type-product","3":"status-publish","5":"product_cat-edebiyat","6":"product_cat-roman-oyku","7":"pa_cilt-ciltsiz","8":"pa_tur-kitap","9":"pa_yayinevi-elpis-yayinlari","10":"pa_yazar-binnur-sahinkaya","12":"first","13":"instock","14":"sale","15":"shipping-taxable","16":"purchasable","17":"product-type-simple"},"_links":{"self":[{"href":"https:\/\/roveyayinevi.com.tr\/index.php\/wp-json\/wp\/v2\/product\/780313","targetHints":{"allow":["GET"]}}],"collection":[{"href":"https:\/\/roveyayinevi.com.tr\/index.php\/wp-json\/wp\/v2\/product"}],"about":[{"href":"https:\/\/roveyayinevi.com.tr\/index.php\/wp-json\/wp\/v2\/types\/product"}],"wp:attachment":[{"href":"https:\/\/roveyayinevi.com.tr\/index.php\/wp-json\/wp\/v2\/media?parent=780313"}],"wp:term":[{"taxonomy":"product_brand","embeddable":true,"href":"https:\/\/roveyayinevi.com.tr\/index.php\/wp-json\/wp\/v2\/product_brand?post=780313"},{"taxonomy":"product_cat","embeddable":true,"href":"https:\/\/roveyayinevi.com.tr\/index.php\/wp-json\/wp\/v2\/product_cat?post=780313"},{"taxonomy":"product_tag","embeddable":true,"href":"https:\/\/roveyayinevi.com.tr\/index.php\/wp-json\/wp\/v2\/product_tag?post=780313"}],"curies":[{"name":"wp","href":"https:\/\/api.w.org\/{rel}","templated":true}]}}