{"id":780311,"date":"2025-12-30T12:36:58","date_gmt":"2025-12-30T09:36:58","guid":{"rendered":"https:\/\/roveyayinevi.com.tr\/index.php\/urun\/hayatim-satis\/"},"modified":"2026-04-15T03:44:52","modified_gmt":"2026-04-15T00:44:52","slug":"hayatim-satis","status":"publish","type":"product","link":"https:\/\/roveyayinevi.com.tr\/index.php\/urun\/hayatim-satis\/","title":{"rendered":"Hayat\u0131m Sat\u0131\u015f"},"content":{"rendered":"<p>Sat\u0131\u015f\u2026 Kimine g\u00f6re meslek, kimine g\u00f6re ge\u00e7ici bir i\u015f. Ama asl\u0131nda hayat\u0131n ta kendisi. Be\u015f ya\u015f\u0131nda pazarda su satarak ba\u015flayan yolculuk, ma\u011fazalardan bankalara uzanan y\u00fczlerce m\u00fc\u015fteri ve say\u0131s\u0131z deneyimle b\u00fcy\u00fcd\u00fc. Bu kitap; \u00fcr\u00fcnlerden \u00e7ok g\u00fcveni, tekniklerden \u00e7ok duygular\u0131, rakamlardan \u00e7ok insan\u0131 anlat\u0131yor. Hayat\u0131m Sat\u0131\u015f, reddedilen \u201chay\u0131r\u201dlar\u0131n f\u0131rsata, itirazlar\u0131n dostlu\u011fa, sat\u0131\u015f\u0131n ise bir ya\u015fam felsefesine d\u00f6n\u00fc\u015febilece\u011fini g\u00f6steriyor.   \u00c7\u00fcnk\u00fc sat\u0131\u015f, yaln\u0131zca bir kariyer de\u011fil\u2026 Ya\u015fam\u0131n kendisidir.<\/p>\n","protected":false},"excerpt":{"rendered":"<p>Sat\u0131\u015f\u2026 Kimine g\u00f6re meslek, kimine g\u00f6re ge\u00e7ici bir i\u015f. Ama asl\u0131nda hayat\u0131n ta kendisi. Be\u015f ya\u015f\u0131nda pazarda su satarak ba\u015flayan yolculuk, ma\u011fazalardan bankalara uzanan y\u00fczlerce m\u00fc\u015fteri<span class=\"excerpt-hellip\"> [\u2026]<\/span><\/p>\n","protected":false},"featured_media":0,"template":"","meta":{"_monsterinsights_skip_tracking":false,"_monsterinsights_sitenote_active":false,"_monsterinsights_sitenote_note":"","_monsterinsights_sitenote_category":0},"product_brand":[],"product_cat":[13043,17492],"product_tag":[],"class_list":{"0":"post-780311","1":"product","2":"type-product","3":"status-publish","5":"product_cat-ekonomi","6":"product_cat-pazarlama-satis-reklam","7":"pa_cilt-ciltsiz","8":"pa_tur-kitap","9":"pa_yayinevi-perseus","10":"pa_yazar-mustafa-yildirim","12":"first","13":"instock","14":"sale","15":"shipping-taxable","16":"purchasable","17":"product-type-simple"},"_links":{"self":[{"href":"https:\/\/roveyayinevi.com.tr\/index.php\/wp-json\/wp\/v2\/product\/780311","targetHints":{"allow":["GET"]}}],"collection":[{"href":"https:\/\/roveyayinevi.com.tr\/index.php\/wp-json\/wp\/v2\/product"}],"about":[{"href":"https:\/\/roveyayinevi.com.tr\/index.php\/wp-json\/wp\/v2\/types\/product"}],"wp:attachment":[{"href":"https:\/\/roveyayinevi.com.tr\/index.php\/wp-json\/wp\/v2\/media?parent=780311"}],"wp:term":[{"taxonomy":"product_brand","embeddable":true,"href":"https:\/\/roveyayinevi.com.tr\/index.php\/wp-json\/wp\/v2\/product_brand?post=780311"},{"taxonomy":"product_cat","embeddable":true,"href":"https:\/\/roveyayinevi.com.tr\/index.php\/wp-json\/wp\/v2\/product_cat?post=780311"},{"taxonomy":"product_tag","embeddable":true,"href":"https:\/\/roveyayinevi.com.tr\/index.php\/wp-json\/wp\/v2\/product_tag?post=780311"}],"curies":[{"name":"wp","href":"https:\/\/api.w.org\/{rel}","templated":true}]}}