{"id":780308,"date":"2025-12-30T12:36:52","date_gmt":"2025-12-30T09:36:52","guid":{"rendered":"https:\/\/roveyayinevi.com.tr\/index.php\/urun\/21-yuzyil-icin-din\/"},"modified":"2026-04-15T03:44:52","modified_gmt":"2026-04-15T00:44:52","slug":"21-yuzyil-icin-din","status":"publish","type":"product","link":"https:\/\/roveyayinevi.com.tr\/index.php\/urun\/21-yuzyil-icin-din\/","title":{"rendered":"21. Y\u00fczy\u0131l \u0130\u00e7in Din"},"content":{"rendered":"<p>\u0130nsanl\u0131k, tarihin en fazla bilgi birikimine sahip oldu\u011fu \u00e7a\u011fda adaletin, merhametin ve anlam\u0131n derin bir a\u015f\u0131nmas\u0131n\u0131 ya\u015f\u0131yor. Sava\u015flar, yoksulluklar ve e\u015fitsizlikler art\u0131k ge\u00e7ici krizler de\u011fil, k\u00fcresel d\u00fczenin kal\u0131c\u0131 sonu\u00e7lar\u0131 h\u00e2line gelmi\u015f durumda. Bu eser, ya\u015fanan buhranlar\u0131 yaln\u0131zca siyasal ve ekonomik bir sorun olarak de\u011fil; insan\u0131n anlam, ahlak ve varl\u0131k zemininin \u00e7\u00f6z\u00fclmesi olarak ele al\u0131yor. Modernli\u011fin vaatleri ile ortaya \u00e7\u0131kard\u0131\u011f\u0131 hayal k\u0131r\u0131kl\u0131\u011f\u0131 aras\u0131ndaki paradoksu irdeleyen kitap, insan\u0131 edilgen bir ma\u011fdur olmaktan \u00e7\u0131kar\u0131p, sebeplere etki eden ahlaki bir \u00f6zne olarak yeniden konumland\u0131rmay\u0131 hedefliyor. Bu kitap, krizi bir \u00e7\u00f6k\u00fc\u015f de\u011fil, ele\u015ftiri ve \u0131slahla a\u015f\u0131labilecek bir e\u015fik olarak yorumlamaya \u00e7a\u011f\u0131r\u0131yor.       <\/p>\n","protected":false},"excerpt":{"rendered":"<p>\u0130nsanl\u0131k, tarihin en fazla bilgi birikimine sahip oldu\u011fu \u00e7a\u011fda adaletin, merhametin ve anlam\u0131n derin bir a\u015f\u0131nmas\u0131n\u0131 ya\u015f\u0131yor. Sava\u015flar, yoksulluklar ve e\u015fitsizlikler art\u0131k ge\u00e7ici krizler de\u011fil, k\u00fcresel<span class=\"excerpt-hellip\"> [\u2026]<\/span><\/p>\n","protected":false},"featured_media":0,"template":"","meta":{"_monsterinsights_skip_tracking":false,"_monsterinsights_sitenote_active":false,"_monsterinsights_sitenote_note":"","_monsterinsights_sitenote_category":0},"product_brand":[],"product_cat":[141304],"product_tag":[],"class_list":{"0":"post-780308","1":"product","2":"type-product","3":"status-publish","5":"product_cat-yeni-cikanlar","6":"pa_cilt-ciltsiz","7":"pa_tur-kitap","8":"pa_yayinevi-otto-yayinlari","9":"pa_yazar-saban-ali-duzgun","11":"first","12":"instock","13":"sale","14":"shipping-taxable","15":"purchasable","16":"product-type-simple"},"_links":{"self":[{"href":"https:\/\/roveyayinevi.com.tr\/index.php\/wp-json\/wp\/v2\/product\/780308","targetHints":{"allow":["GET"]}}],"collection":[{"href":"https:\/\/roveyayinevi.com.tr\/index.php\/wp-json\/wp\/v2\/product"}],"about":[{"href":"https:\/\/roveyayinevi.com.tr\/index.php\/wp-json\/wp\/v2\/types\/product"}],"wp:attachment":[{"href":"https:\/\/roveyayinevi.com.tr\/index.php\/wp-json\/wp\/v2\/media?parent=780308"}],"wp:term":[{"taxonomy":"product_brand","embeddable":true,"href":"https:\/\/roveyayinevi.com.tr\/index.php\/wp-json\/wp\/v2\/product_brand?post=780308"},{"taxonomy":"product_cat","embeddable":true,"href":"https:\/\/roveyayinevi.com.tr\/index.php\/wp-json\/wp\/v2\/product_cat?post=780308"},{"taxonomy":"product_tag","embeddable":true,"href":"https:\/\/roveyayinevi.com.tr\/index.php\/wp-json\/wp\/v2\/product_tag?post=780308"}],"curies":[{"name":"wp","href":"https:\/\/api.w.org\/{rel}","templated":true}]}}