{"id":780299,"date":"2025-12-30T12:36:33","date_gmt":"2025-12-30T09:36:33","guid":{"rendered":"https:\/\/roveyayinevi.com.tr\/index.php\/urun\/hecelerin-ahengi\/"},"modified":"2026-04-15T03:44:51","modified_gmt":"2026-04-15T00:44:51","slug":"hecelerin-ahengi","status":"publish","type":"product","link":"https:\/\/roveyayinevi.com.tr\/index.php\/urun\/hecelerin-ahengi\/","title":{"rendered":"Hecelerin Ahengi"},"content":{"rendered":"<p>\u201c\u015eiirin kulaktan ziyade y\u00fcre\u011fe dokunan\u0131 makb\u00fbld\u00fcr.\u201d   \u201cSen yoksun! M\u00fcflis bir t\u00fcccar gibiyim yine bu ak\u015fam. Benli\u011fim yoklu\u011funa mahk\u00fbm Umutlar\u0131m talan, hayallerim yalan olmu\u015f Sanki herkes \u00e7ekip gitmi\u015f Bir ben kalm\u0131\u015f\u0131m koca d\u00fcnyada yapayaln\u0131z Ne do\u011fu, ne bat\u0131, ne kuzey, ne g\u00fcney Sensizlik y\u00f6n\u00fcnden esiyor, \u0130liklerime kadar \u00fc\u015f\u00fcten f\u0131rt\u0131na. Gece k\u00e2bus gibi \u00e7\u00f6k\u00fcyor yine \u00dcst\u00fcme yava\u015f yava\u015f\u201d <\/p>\n","protected":false},"excerpt":{"rendered":"<p>\u201c\u015eiirin kulaktan ziyade y\u00fcre\u011fe dokunan\u0131 makb\u00fbld\u00fcr.\u201d \u201cSen yoksun! M\u00fcflis bir t\u00fcccar gibiyim yine bu ak\u015fam. Benli\u011fim yoklu\u011funa mahk\u00fbm Umutlar\u0131m talan, hayallerim yalan olmu\u015f Sanki herkes \u00e7ekip<span class=\"excerpt-hellip\"> [\u2026]<\/span><\/p>\n","protected":false},"featured_media":0,"template":"","meta":{"_monsterinsights_skip_tracking":false,"_monsterinsights_sitenote_active":false,"_monsterinsights_sitenote_note":"","_monsterinsights_sitenote_category":0},"product_brand":[],"product_cat":[12291,12509],"product_tag":[],"class_list":{"0":"post-780299","1":"product","2":"type-product","3":"status-publish","5":"product_cat-edebiyat","6":"product_cat-siir","7":"pa_cilt-ciltsiz","8":"pa_tur-kitap","9":"pa_yayinevi-defne-yayinevi","10":"pa_yazar-ismail-gul","12":"first","13":"instock","14":"sale","15":"shipping-taxable","16":"purchasable","17":"product-type-simple"},"_links":{"self":[{"href":"https:\/\/roveyayinevi.com.tr\/index.php\/wp-json\/wp\/v2\/product\/780299","targetHints":{"allow":["GET"]}}],"collection":[{"href":"https:\/\/roveyayinevi.com.tr\/index.php\/wp-json\/wp\/v2\/product"}],"about":[{"href":"https:\/\/roveyayinevi.com.tr\/index.php\/wp-json\/wp\/v2\/types\/product"}],"wp:attachment":[{"href":"https:\/\/roveyayinevi.com.tr\/index.php\/wp-json\/wp\/v2\/media?parent=780299"}],"wp:term":[{"taxonomy":"product_brand","embeddable":true,"href":"https:\/\/roveyayinevi.com.tr\/index.php\/wp-json\/wp\/v2\/product_brand?post=780299"},{"taxonomy":"product_cat","embeddable":true,"href":"https:\/\/roveyayinevi.com.tr\/index.php\/wp-json\/wp\/v2\/product_cat?post=780299"},{"taxonomy":"product_tag","embeddable":true,"href":"https:\/\/roveyayinevi.com.tr\/index.php\/wp-json\/wp\/v2\/product_tag?post=780299"}],"curies":[{"name":"wp","href":"https:\/\/api.w.org\/{rel}","templated":true}]}}