{"id":780297,"date":"2025-12-30T12:36:30","date_gmt":"2025-12-30T09:36:30","guid":{"rendered":"https:\/\/roveyayinevi.com.tr\/index.php\/urun\/kotu-arkadas\/"},"modified":"2026-04-15T03:44:51","modified_gmt":"2026-04-15T00:44:51","slug":"kotu-arkadas","status":"publish","type":"product","link":"https:\/\/roveyayinevi.com.tr\/index.php\/urun\/kotu-arkadas\/","title":{"rendered":"K\u00f6t\u00fc Arkada\u015f"},"content":{"rendered":"<p>M\u00fckemmel arkada\u015f fazla k\u0131r\u0131lgan g\u00f6r\u00fcn\u00fcyor, parampar\u00e7a olmamas\u0131na imk\u00e2n yok.Toplum kad\u0131nlar aras\u0131ndaki dostlu\u011fun sonsuzca destekleyici, her ne olursa olsun k\u0131r\u0131lmaz ve son derecekusursuz olmas\u0131 gerekti\u011fini f\u0131s\u0131ldar kula\u011f\u0131m\u0131za. Oysa k\u0131skan\u00e7l\u0131k, k\u0131rg\u0131nl\u0131k, hayal k\u0131r\u0131kl\u0131\u011f\u0131 veuzakla\u015fma\u2026 t\u00fcm bu \u201ctats\u0131z\u201d duygular\u0131n g\u00f6lgesinde, en yak\u0131n dostluklar\u0131m\u0131z bile sars\u0131labilir. K\u00f6t\u00fcArkada\u015f kad\u0131n ili\u015fkilerinden beklentilerimizi sorgulayan, onlar\u0131 idealize etmek yerine ger\u00e7ek halleriylekabul etmeye davet eden \u00e7arp\u0131c\u0131 bir \u00e7al\u0131\u015fma.Duygular S\u00f6zl\u00fc\u011f\u00fc ve Schadenfreude kitaplar\u0131n\u0131n da yazar\u0131 Tiffany Watt Smith kendi yaras\u0131ndan yola\u00e7\u0131karak yirminci y\u00fczy\u0131l kad\u0131n dostluklar\u0131n\u0131n izini s\u00fcr\u00fcyor.Ar\u015fivlerden, edebiyat metinlerinden ve psikanalitik kay\u0131tlardan sesler toplarken birbirini k\u0131skanan, k\u0131r\u0131lan,k\u00fcsen ama yine de ba\u011f\u0131n\u0131 koparmayan kad\u0131nlar\u0131n hik\u00e2yelerini anlat\u0131yor. Bu kitap kad\u0131n arkada\u015fl\u0131klar\u0131n\u0131nsadece bir dayan\u0131\u015fma alan\u0131 de\u011fil ayn\u0131 zamanda de\u011fi\u015fim, \u00e7at\u0131\u015fma ve b\u00fcy\u00fcme sahnesi oldu\u011funu dahat\u0131rlat\u0131yor.<\/p>\n","protected":false},"excerpt":{"rendered":"<p>M\u00fckemmel arkada\u015f fazla k\u0131r\u0131lgan g\u00f6r\u00fcn\u00fcyor, parampar\u00e7a olmamas\u0131na imk\u00e2n yok.Toplum kad\u0131nlar aras\u0131ndaki dostlu\u011fun sonsuzca destekleyici, her ne olursa olsun k\u0131r\u0131lmaz ve son derecekusursuz olmas\u0131 gerekti\u011fini f\u0131s\u0131ldar kula\u011f\u0131m\u0131za.<span class=\"excerpt-hellip\"> [\u2026]<\/span><\/p>\n","protected":false},"featured_media":0,"template":"","meta":{"_monsterinsights_skip_tracking":false,"_monsterinsights_sitenote_active":false,"_monsterinsights_sitenote_note":"","_monsterinsights_sitenote_category":0},"product_brand":[],"product_cat":[12304],"product_tag":[],"class_list":{"0":"post-780297","1":"product","2":"type-product","3":"status-publish","5":"product_cat-tarih","6":"pa_cilt-ciltsiz","7":"pa_tur-kitap","8":"pa_yayinevi-kolektif-kitap","9":"pa_yazar-tiffany-watt-smith","11":"first","12":"instock","13":"sale","14":"shipping-taxable","15":"purchasable","16":"product-type-simple"},"_links":{"self":[{"href":"https:\/\/roveyayinevi.com.tr\/index.php\/wp-json\/wp\/v2\/product\/780297","targetHints":{"allow":["GET"]}}],"collection":[{"href":"https:\/\/roveyayinevi.com.tr\/index.php\/wp-json\/wp\/v2\/product"}],"about":[{"href":"https:\/\/roveyayinevi.com.tr\/index.php\/wp-json\/wp\/v2\/types\/product"}],"wp:attachment":[{"href":"https:\/\/roveyayinevi.com.tr\/index.php\/wp-json\/wp\/v2\/media?parent=780297"}],"wp:term":[{"taxonomy":"product_brand","embeddable":true,"href":"https:\/\/roveyayinevi.com.tr\/index.php\/wp-json\/wp\/v2\/product_brand?post=780297"},{"taxonomy":"product_cat","embeddable":true,"href":"https:\/\/roveyayinevi.com.tr\/index.php\/wp-json\/wp\/v2\/product_cat?post=780297"},{"taxonomy":"product_tag","embeddable":true,"href":"https:\/\/roveyayinevi.com.tr\/index.php\/wp-json\/wp\/v2\/product_tag?post=780297"}],"curies":[{"name":"wp","href":"https:\/\/api.w.org\/{rel}","templated":true}]}}