{"id":780296,"date":"2025-12-30T12:36:28","date_gmt":"2025-12-30T09:36:28","guid":{"rendered":"https:\/\/roveyayinevi.com.tr\/index.php\/urun\/ay-isiginda-yolculuk\/"},"modified":"2026-04-15T03:44:51","modified_gmt":"2026-04-15T00:44:51","slug":"ay-isiginda-yolculuk","status":"publish","type":"product","link":"https:\/\/roveyayinevi.com.tr\/index.php\/urun\/ay-isiginda-yolculuk\/","title":{"rendered":"Ay I\u015f\u0131\u011f\u0131nda Yolculuk"},"content":{"rendered":"<p>Hayat\u0131n bir ola\u011fan ak\u0131\u015f\u0131 vard\u0131r bir de ola\u011fand\u0131\u015f\u0131 ak\u0131\u015f\u0131. Ola\u011fan ak\u0131\u015f; g\u00fcnl\u00fck rutinlerimizdir. Hi\u00e7 bitmeyecek sand\u0131\u011f\u0131m\u0131z i\u015f tela\u015f\u0131, ev d\u00fczeni, aile, \u00e7ocuklar, arkada\u015flar, seyahat planlar\u0131, hobilerimiz\u2026 As\u0131l iz b\u0131rakansa ola\u011fand\u0131\u015f\u0131 ak\u0131\u015fta kar\u015f\u0131m\u0131za \u00e7\u0131kanlard\u0131r. Bu ak\u0131\u015f bazen a\u015fk gibi g\u00fczel \u015feyler getirir bazen de hi\u00e7 akl\u0131m\u0131z\u0131n ucundan bile ge\u00e7meyecek kadar korkun\u00e7 \u015feyler. Bu kitapta okuyacaklar\u0131n\u0131z da her iki ak\u0131\u015f\u0131n kar\u0131\u015f\u0131m\u0131ndan olu\u015fmu\u015ftur. Roman\u0131n kahramanlar\u0131, yazar\u0131n hayal d\u00fcnyas\u0131ndan \u00e7\u0131k\u0131p gelmi\u015flerdir de diyebiliriz, bu yalanc\u0131 d\u00fcnyada var olup kah\u0131r \u00e7ekip, \u00e7ektirmi\u015flerdir de\u2026 Ger\u00e7ek olansa; okuyaca\u011f\u0131n\u0131z olaylar\u0131n ya\u015fam\u0131n ta i\u00e7inden s\u00fcz\u00fclerek geldi\u011fidir. T\u00fcrk roman\u0131n\u0131n \u00f6zg\u00fcn sesi Belgin B\u0131y\u0131ko\u011flu, Ay I\u015f\u0131\u011f\u0131nda Yolculuk\u2019ta 6 \u015eubat depreminin yaralar\u0131n\u0131 a\u015fkla ve dayan\u0131\u015fmayla sarmaya \u00e7al\u0131\u015fan bireyleri anlat\u0131rken bizlere de bir y\u00fczle\u015fme \u00e7a\u011fr\u0131s\u0131 yap\u0131yor\u2026 <\/p>\n","protected":false},"excerpt":{"rendered":"<p>Hayat\u0131n bir ola\u011fan ak\u0131\u015f\u0131 vard\u0131r bir de ola\u011fand\u0131\u015f\u0131 ak\u0131\u015f\u0131. Ola\u011fan ak\u0131\u015f; g\u00fcnl\u00fck rutinlerimizdir. Hi\u00e7 bitmeyecek sand\u0131\u011f\u0131m\u0131z i\u015f tela\u015f\u0131, ev d\u00fczeni, aile, \u00e7ocuklar, arkada\u015flar, seyahat planlar\u0131, hobilerimiz\u2026<span class=\"excerpt-hellip\"> [\u2026]<\/span><\/p>\n","protected":false},"featured_media":0,"template":"","meta":{"_monsterinsights_skip_tracking":false,"_monsterinsights_sitenote_active":false,"_monsterinsights_sitenote_note":"","_monsterinsights_sitenote_category":0},"product_brand":[],"product_cat":[141304],"product_tag":[],"class_list":{"0":"post-780296","1":"product","2":"type-product","3":"status-publish","5":"product_cat-yeni-cikanlar","6":"pa_cilt-ciltsiz","7":"pa_tur-kitap","8":"pa_yayinevi-cumhuriyet-kitaplari","9":"pa_yazar-belgin-biyikoglu","11":"first","12":"instock","13":"sale","14":"shipping-taxable","15":"purchasable","16":"product-type-simple"},"_links":{"self":[{"href":"https:\/\/roveyayinevi.com.tr\/index.php\/wp-json\/wp\/v2\/product\/780296","targetHints":{"allow":["GET"]}}],"collection":[{"href":"https:\/\/roveyayinevi.com.tr\/index.php\/wp-json\/wp\/v2\/product"}],"about":[{"href":"https:\/\/roveyayinevi.com.tr\/index.php\/wp-json\/wp\/v2\/types\/product"}],"wp:attachment":[{"href":"https:\/\/roveyayinevi.com.tr\/index.php\/wp-json\/wp\/v2\/media?parent=780296"}],"wp:term":[{"taxonomy":"product_brand","embeddable":true,"href":"https:\/\/roveyayinevi.com.tr\/index.php\/wp-json\/wp\/v2\/product_brand?post=780296"},{"taxonomy":"product_cat","embeddable":true,"href":"https:\/\/roveyayinevi.com.tr\/index.php\/wp-json\/wp\/v2\/product_cat?post=780296"},{"taxonomy":"product_tag","embeddable":true,"href":"https:\/\/roveyayinevi.com.tr\/index.php\/wp-json\/wp\/v2\/product_tag?post=780296"}],"curies":[{"name":"wp","href":"https:\/\/api.w.org\/{rel}","templated":true}]}}