{"id":780295,"date":"2025-12-30T12:36:27","date_gmt":"2025-12-30T09:36:27","guid":{"rendered":"https:\/\/roveyayinevi.com.tr\/index.php\/urun\/peki-simdi-nereye-2\/"},"modified":"2026-04-15T03:44:51","modified_gmt":"2026-04-15T00:44:51","slug":"peki-simdi-nereye-2","status":"publish","type":"product","link":"https:\/\/roveyayinevi.com.tr\/index.php\/urun\/peki-simdi-nereye-2\/","title":{"rendered":"Peki \u015eimdi Nereye?"},"content":{"rendered":"<p>Yapay zek\u00e2dan iklim krizine, genetik m\u00fchendisli\u011finden toplumsal d\u00f6n\u00fc\u015f\u00fcmlere kadar uzanan bir de\u011fi\u015fim sarmal\u0131n\u0131n i\u00e7indeyiz. Art\u0131k yaln\u0131zca bilgi de\u011fil, bu bilgiyle ne yapt\u0131\u011f\u0131m\u0131z da belirleyici. \u00d6zlem Y\u00fczak, Peki \u015eimdi Nereye? Adl\u0131 bu kitab\u0131nda, bilimin s\u0131n\u0131rlar\u0131n\u0131, teknolojinin vaatlerini ve insanl\u0131\u011f\u0131n bu d\u00f6n\u00fc\u015f\u00fcm\u00fcn ard\u0131ndaki g\u00fc\u00e7leri sade, ak\u0131c\u0131 ve sorgulay\u0131c\u0131 bir dille anlat\u0131yor. \u201cBir \u00e7a\u011f bitiyor, paradigma de\u011fi\u015fiyor\u201d derken yaln\u0131zca bir teknolojik devrime de\u011fil, insan\u0131n kendini yeniden tan\u0131mlay\u0131\u015f\u0131na da tan\u0131kl\u0131k ediyoruz. Bu kitap, h\u0131zla de\u011fi\u015fen d\u00fcnyada y\u00f6n\u00fcn\u00fc bulmak isteyen herkes i\u00e7in bir d\u00fc\u015f\u00fcnme daveti. ORHAN BURSALI<\/p>\n","protected":false},"excerpt":{"rendered":"<p>Yapay zek\u00e2dan iklim krizine, genetik m\u00fchendisli\u011finden toplumsal d\u00f6n\u00fc\u015f\u00fcmlere kadar uzanan bir de\u011fi\u015fim sarmal\u0131n\u0131n i\u00e7indeyiz. Art\u0131k yaln\u0131zca bilgi de\u011fil, bu bilgiyle ne yapt\u0131\u011f\u0131m\u0131z da belirleyici. \u00d6zlem Y\u00fczak,<span class=\"excerpt-hellip\"> [\u2026]<\/span><\/p>\n","protected":false},"featured_media":0,"template":"","meta":{"_monsterinsights_skip_tracking":false,"_monsterinsights_sitenote_active":false,"_monsterinsights_sitenote_note":"","_monsterinsights_sitenote_category":0},"product_brand":[],"product_cat":[13005,13006],"product_tag":[],"class_list":{"0":"post-780295","1":"product","2":"type-product","3":"status-publish","5":"product_cat-bilim-muhendislik","6":"product_cat-populer-bilim","7":"pa_cilt-ciltsiz","8":"pa_yayinevi-cumhuriyet-kitaplari","9":"pa_yazar-ozlem-yuzak","11":"first","12":"instock","13":"sale","14":"shipping-taxable","15":"purchasable","16":"product-type-simple"},"_links":{"self":[{"href":"https:\/\/roveyayinevi.com.tr\/index.php\/wp-json\/wp\/v2\/product\/780295","targetHints":{"allow":["GET"]}}],"collection":[{"href":"https:\/\/roveyayinevi.com.tr\/index.php\/wp-json\/wp\/v2\/product"}],"about":[{"href":"https:\/\/roveyayinevi.com.tr\/index.php\/wp-json\/wp\/v2\/types\/product"}],"wp:attachment":[{"href":"https:\/\/roveyayinevi.com.tr\/index.php\/wp-json\/wp\/v2\/media?parent=780295"}],"wp:term":[{"taxonomy":"product_brand","embeddable":true,"href":"https:\/\/roveyayinevi.com.tr\/index.php\/wp-json\/wp\/v2\/product_brand?post=780295"},{"taxonomy":"product_cat","embeddable":true,"href":"https:\/\/roveyayinevi.com.tr\/index.php\/wp-json\/wp\/v2\/product_cat?post=780295"},{"taxonomy":"product_tag","embeddable":true,"href":"https:\/\/roveyayinevi.com.tr\/index.php\/wp-json\/wp\/v2\/product_tag?post=780295"}],"curies":[{"name":"wp","href":"https:\/\/api.w.org\/{rel}","templated":true}]}}