{"id":780285,"date":"2025-12-30T12:36:08","date_gmt":"2025-12-30T09:36:08","guid":{"rendered":"https:\/\/roveyayinevi.com.tr\/index.php\/urun\/irip-yalan\/"},"modified":"2026-01-29T04:20:42","modified_gmt":"2026-01-29T01:20:42","slug":"irip-yalan","status":"publish","type":"product","link":"https:\/\/roveyayinevi.com.tr\/index.php\/urun\/irip-yalan\/","title":{"rendered":"Ir\u0131p (Yalan)"},"content":{"rendered":"<p>Milyarlarca insan, siyasetin, bilimin, hukukun yalan\u0131 vazge\u00e7ilmez bir al\u0131\u015fkanl\u0131k haline getirdi\u011fi bir d\u00f6nemi ya\u015f\u0131yor. Post truth (ger\u00e7ek \u00f6tesi) d\u00f6nemin ana \u00f6zelliklerinden biri de bu olsa gerek. Milyarlarca insan \u201cdo\u011fru bildi\u011fi yalanlara\u201d inan\u0131yor. Di\u011fer yandan, kayna\u011f\u0131 ne olursa olsun bilgiyi sorgulamayan; ister gazeteci, hukuk\u00e7u, reklamc\u0131 ya da sosyal medya fenomeni, ister siyaset\u00e7i, sanat\u00e7\u0131 ya da tarikat \u015feyhi olsun, \u201ctan\u0131nm\u0131\u015f ki\u015filerin\u201d s\u00f6yledi\u011fi her s\u00f6ze inanan bir kitle yarat\u0131ld\u0131. Milyarlarca insan art\u0131k yalanlarla manip\u00fcle ediliyor, y\u00f6nlendiriliyor. Arif Merdol, yo\u011fun bir emekle haz\u0131rlad\u0131\u011f\u0131 bu kitapta, yalan\u0131n ve yalanc\u0131lar\u0131n k\u0131sa tarihini anlat\u0131yor. \u0130nsanlar\u0131n yalanlara neden inand\u0131\u011f\u0131, yalan\u0131n bir ihtiya\u00e7 olup olmad\u0131\u011f\u0131, ni\u00e7in yalana ba\u015fvuruldu\u011fu gibi sorular\u0131n yan\u0131tlar\u0131n\u0131n pe\u015fine d\u00fc\u015f\u00fclen bu kitap, yalan\u0131 adeta bir \u201csanat\u201d haline getirenlere kar\u015f\u0131 ger\u00e7ek bir elkitab\u0131 olarak da okunabilir&#8230; <\/p>\n","protected":false},"excerpt":{"rendered":"<p>Milyarlarca insan, siyasetin, bilimin, hukukun yalan\u0131 vazge\u00e7ilmez bir al\u0131\u015fkanl\u0131k haline getirdi\u011fi bir d\u00f6nemi ya\u015f\u0131yor. Post truth (ger\u00e7ek \u00f6tesi) d\u00f6nemin ana \u00f6zelliklerinden biri de bu olsa gerek.<span class=\"excerpt-hellip\"> [\u2026]<\/span><\/p>\n","protected":false},"featured_media":0,"template":"","meta":{"_monsterinsights_skip_tracking":false,"_monsterinsights_sitenote_active":false,"_monsterinsights_sitenote_note":"","_monsterinsights_sitenote_category":0},"product_brand":[],"product_cat":[13590,12337],"product_tag":[],"class_list":{"0":"post-780285","1":"product","2":"type-product","3":"status-publish","5":"product_cat-arastirma-inceleme-politika-siyaset","6":"product_cat-politika-siyaset","7":"pa_cilt-ciltsiz","8":"pa_tur-kitap","9":"pa_yayinevi-utopya-yayinevi","10":"pa_yazar-arif-merdol","12":"first","13":"instock","14":"sale","15":"shipping-taxable","16":"purchasable","17":"product-type-simple"},"_links":{"self":[{"href":"https:\/\/roveyayinevi.com.tr\/index.php\/wp-json\/wp\/v2\/product\/780285","targetHints":{"allow":["GET"]}}],"collection":[{"href":"https:\/\/roveyayinevi.com.tr\/index.php\/wp-json\/wp\/v2\/product"}],"about":[{"href":"https:\/\/roveyayinevi.com.tr\/index.php\/wp-json\/wp\/v2\/types\/product"}],"wp:attachment":[{"href":"https:\/\/roveyayinevi.com.tr\/index.php\/wp-json\/wp\/v2\/media?parent=780285"}],"wp:term":[{"taxonomy":"product_brand","embeddable":true,"href":"https:\/\/roveyayinevi.com.tr\/index.php\/wp-json\/wp\/v2\/product_brand?post=780285"},{"taxonomy":"product_cat","embeddable":true,"href":"https:\/\/roveyayinevi.com.tr\/index.php\/wp-json\/wp\/v2\/product_cat?post=780285"},{"taxonomy":"product_tag","embeddable":true,"href":"https:\/\/roveyayinevi.com.tr\/index.php\/wp-json\/wp\/v2\/product_tag?post=780285"}],"curies":[{"name":"wp","href":"https:\/\/api.w.org\/{rel}","templated":true}]}}