{"id":780283,"date":"2025-12-30T12:36:04","date_gmt":"2025-12-30T09:36:04","guid":{"rendered":"https:\/\/roveyayinevi.com.tr\/index.php\/urun\/sizofreni-bitmemis-bir-tarih\/"},"modified":"2026-04-15T03:44:50","modified_gmt":"2026-04-15T00:44:50","slug":"sizofreni-bitmemis-bir-tarih","status":"publish","type":"product","link":"https:\/\/roveyayinevi.com.tr\/index.php\/urun\/sizofreni-bitmemis-bir-tarih\/","title":{"rendered":"\u015eizofreni \u2013 Bitmemi\u015f Bir Tarih"},"content":{"rendered":"<p>\u015eizofreni belki de modern insan\u0131n hem en b\u00fcy\u00fck korkular\u0131ndan biri hem de en fazla yanl\u0131\u015f anla\u015f\u0131lan i\u00e7 k\u0131r\u0131lma bi\u00e7imi. Bir yandan zihnin \u00e7er\u00e7evesini a\u015f\u0131nd\u0131r\u0131p d\u00fczenini s\u00f6k\u00fcp atan, di\u011fer yandan Bat\u0131 k\u00fclt\u00fcr\u00fcn\u00fcn imgeleminin karanl\u0131k y\u00f6n\u00fcn\u00fc uzun s\u00fcredir besleyen hem \u00fcrk\u00fct\u00fcc\u00fc hem merak uyand\u0131r\u0131c\u0131 bir ruhsal fenomen. Bilim insanlar\u0131n\u0131n tan\u0131mlamak, hekimlerin tedavi etmek, toplumlar\u0131nsa damgalamak i\u00e7in adeta yar\u0131\u015ft\u0131klar\u0131 bir alan. Ama yaln\u0131zca bir rahats\u0131zl\u0131k de\u011fil; ak\u0131l dedi\u011fimiz narin yap\u0131n\u0131n ne kadar esneyebilece\u011fini g\u00f6steren, herkes i\u00e7in rahats\u0131z edici bir e\u015fik. Tan\u0131nm\u0131\u015f psikiyatri tarih\u00e7isi ve psikanalist Orna Ophir, \u015eizofreni: Bitmemi\u015f Bir Tarih\u2019te bu e\u015fikten ge\u00e7erek \u015fizofreni fenomeninin tarih boyunca bilimsel teoriler, dinsel inan\u00e7lar, siyasi kayg\u0131lar ve k\u00fclt\u00fcrel korkularla nas\u0131l \u015fekillendi\u011fini inceliyor. Tarih\u00e7i titizli\u011fini klinisyen duyarl\u0131l\u0131\u011f\u0131yla birle\u015ftirerek, bu hastal\u0131\u011f\u0131n yaln\u0131zca biyolojik ya da psikiyatrik bir tan\u0131 olmad\u0131\u011f\u0131n\u0131, 20. y\u00fczy\u0131l boyunca toplumlar\u0131n korkular\u0131n\u0131, kurumlar\u0131n s\u0131n\u0131rlar\u0131n\u0131 ve ak\u0131l sa\u011fl\u0131\u011f\u0131na dair de\u011fi\u015fen politikalar\u0131 yans\u0131tan bir ayna i\u015flevi g\u00f6rd\u00fc\u011f\u00fcn\u00fc g\u00f6steriyor. Psikanaliz, biyopsikiyatri, toplumsal normlar ve hastanelerin g\u00fcndelik dili aras\u0131nda gidip gelen anlat\u0131s\u0131yla Ophir, kavram\u0131n nas\u0131l b\u00fcy\u00fct\u00fcld\u00fc\u011f\u00fcn\u00fc, nas\u0131l daralt\u0131ld\u0131\u011f\u0131n\u0131 ve \u00e7o\u011fu zaman nas\u0131l yanl\u0131\u015f anla\u015f\u0131ld\u0131\u011f\u0131n\u0131 g\u00f6zler \u00f6n\u00fcne seriyor. \u015eizofreni deneyimini bireyin \u00f6tesine ta\u015f\u0131yarak k\u00fclt\u00fcrel imgeler, akademik k\u0131r\u0131lmalar, kurumsal gerilimler ve sessiz kalm\u0131\u015f hasta hik\u00e2yeleri \u00fczerinden bu olguyu tarihin i\u00e7inden yeniden d\u00fc\u015f\u00fcnmeye davet ediyor.<\/p>\n","protected":false},"excerpt":{"rendered":"<p>\u015eizofreni belki de modern insan\u0131n hem en b\u00fcy\u00fck korkular\u0131ndan biri hem de en fazla yanl\u0131\u015f anla\u015f\u0131lan i\u00e7 k\u0131r\u0131lma bi\u00e7imi. Bir yandan zihnin \u00e7er\u00e7evesini a\u015f\u0131nd\u0131r\u0131p d\u00fczenini s\u00f6k\u00fcp<span class=\"excerpt-hellip\"> [\u2026]<\/span><\/p>\n","protected":false},"featured_media":0,"template":"","meta":{"_monsterinsights_skip_tracking":false,"_monsterinsights_sitenote_active":false,"_monsterinsights_sitenote_note":"","_monsterinsights_sitenote_category":0},"product_brand":[],"product_cat":[12357],"product_tag":[],"class_list":{"0":"post-780283","1":"product","2":"type-product","3":"status-publish","5":"product_cat-psikoloji","6":"pa_cilt-ciltsiz","7":"pa_tur-kitap","8":"pa_yayinevi-fol-kitap","9":"pa_yazar-orna-ophir","11":"first","12":"instock","13":"sale","14":"shipping-taxable","15":"purchasable","16":"product-type-simple"},"_links":{"self":[{"href":"https:\/\/roveyayinevi.com.tr\/index.php\/wp-json\/wp\/v2\/product\/780283","targetHints":{"allow":["GET"]}}],"collection":[{"href":"https:\/\/roveyayinevi.com.tr\/index.php\/wp-json\/wp\/v2\/product"}],"about":[{"href":"https:\/\/roveyayinevi.com.tr\/index.php\/wp-json\/wp\/v2\/types\/product"}],"wp:attachment":[{"href":"https:\/\/roveyayinevi.com.tr\/index.php\/wp-json\/wp\/v2\/media?parent=780283"}],"wp:term":[{"taxonomy":"product_brand","embeddable":true,"href":"https:\/\/roveyayinevi.com.tr\/index.php\/wp-json\/wp\/v2\/product_brand?post=780283"},{"taxonomy":"product_cat","embeddable":true,"href":"https:\/\/roveyayinevi.com.tr\/index.php\/wp-json\/wp\/v2\/product_cat?post=780283"},{"taxonomy":"product_tag","embeddable":true,"href":"https:\/\/roveyayinevi.com.tr\/index.php\/wp-json\/wp\/v2\/product_tag?post=780283"}],"curies":[{"name":"wp","href":"https:\/\/api.w.org\/{rel}","templated":true}]}}