{"id":780282,"date":"2025-12-30T12:36:01","date_gmt":"2025-12-30T09:36:01","guid":{"rendered":"https:\/\/roveyayinevi.com.tr\/index.php\/urun\/ne-sin-e-belki-hinek-gewr\/"},"modified":"2026-04-15T03:44:50","modified_gmt":"2026-04-15T00:44:50","slug":"ne-sin-e-belki-hinek-gewr","status":"publish","type":"product","link":"https:\/\/roveyayinevi.com.tr\/index.php\/urun\/ne-sin-e-belki-hinek-gewr\/","title":{"rendered":"Ne \u015ein e Belki Hinek Gewr"},"content":{"rendered":"<p>li asoya gemar\u00ee bask\u00ean \u00e7\u00fbka \u015feq\u00ee li ser dil\u00ea min h\u00eal\u00eeneke teland\u00ee ji agir\u00ean b\u00earijik digerim li peraveke x\u00eat \u00fb xeydok a ji dilop\u00ean deryaya tenahiyek\u00ea dirijim wek\u00ee aw\u00eaneyeke \u015fikest\u00ee bi ser baweriya xwe de her par\u00e7eyek dibe \u015fewqa r\u00fby\u00ea s\u00fbnaw\u00earkek\u00ee    di n\u00eav l\u00eager\u00eeneke b\u00eah\u00fbde de  qesta \u015fikandina zinc\u00eeran dikim                       -zanim, ev mizg\u00eeniya tariyeke re\u015fbelek e-    kul\u00eelkek vedibe \u00fb beriya b\u00fbtika xwe di\u00e7ilmise  sores\u00eavek dikeve ser dev\u00ea r\u00eaya min v\u00ea sp\u00eadey\u00ea  arez\u00fb xewn in, xap\u00eenok in, t\u00ean \u00fb di\u00e7in  \u00fb ez li pey aw\u00eaney\u00ean \u015fikest\u00ee  bi her par\u00e7eyek\u00ee re hinek\u00ee din j\u00ee  wenda dibim&#8230; <\/p>\n","protected":false},"excerpt":{"rendered":"<p>li asoya gemar\u00ee bask\u00ean \u00e7\u00fbka \u015feq\u00ee li ser dil\u00ea min h\u00eal\u00eeneke teland\u00ee ji agir\u00ean b\u00earijik digerim li peraveke x\u00eat \u00fb xeydok a ji dilop\u00ean deryaya tenahiyek\u00ea<span class=\"excerpt-hellip\"> [\u2026]<\/span><\/p>\n","protected":false},"featured_media":0,"template":"","meta":{"_monsterinsights_skip_tracking":false,"_monsterinsights_sitenote_active":false,"_monsterinsights_sitenote_note":"","_monsterinsights_sitenote_category":0},"product_brand":[],"product_cat":[12291,12509],"product_tag":[],"class_list":{"0":"post-780282","1":"product","2":"type-product","3":"status-publish","5":"product_cat-edebiyat","6":"product_cat-siir","7":"pa_cilt-ciltsiz","8":"pa_tur-kitap","9":"pa_yayinevi-sor-kitap","10":"pa_yazar-mehmet-calisci","12":"first","13":"instock","14":"sale","15":"shipping-taxable","16":"purchasable","17":"product-type-simple"},"_links":{"self":[{"href":"https:\/\/roveyayinevi.com.tr\/index.php\/wp-json\/wp\/v2\/product\/780282","targetHints":{"allow":["GET"]}}],"collection":[{"href":"https:\/\/roveyayinevi.com.tr\/index.php\/wp-json\/wp\/v2\/product"}],"about":[{"href":"https:\/\/roveyayinevi.com.tr\/index.php\/wp-json\/wp\/v2\/types\/product"}],"wp:attachment":[{"href":"https:\/\/roveyayinevi.com.tr\/index.php\/wp-json\/wp\/v2\/media?parent=780282"}],"wp:term":[{"taxonomy":"product_brand","embeddable":true,"href":"https:\/\/roveyayinevi.com.tr\/index.php\/wp-json\/wp\/v2\/product_brand?post=780282"},{"taxonomy":"product_cat","embeddable":true,"href":"https:\/\/roveyayinevi.com.tr\/index.php\/wp-json\/wp\/v2\/product_cat?post=780282"},{"taxonomy":"product_tag","embeddable":true,"href":"https:\/\/roveyayinevi.com.tr\/index.php\/wp-json\/wp\/v2\/product_tag?post=780282"}],"curies":[{"name":"wp","href":"https:\/\/api.w.org\/{rel}","templated":true}]}}