{"id":780278,"date":"2025-12-30T12:35:54","date_gmt":"2025-12-30T09:35:54","guid":{"rendered":"https:\/\/roveyayinevi.com.tr\/index.php\/urun\/sinemada-anlam-arayisi\/"},"modified":"2026-04-15T03:44:50","modified_gmt":"2026-04-15T00:44:50","slug":"sinemada-anlam-arayisi","status":"publish","type":"product","link":"https:\/\/roveyayinevi.com.tr\/index.php\/urun\/sinemada-anlam-arayisi\/","title":{"rendered":"Sinemada Anlam Aray\u0131\u015f\u0131"},"content":{"rendered":"<p>\u201cBu \u00e7al\u0131\u015fmada, otoetnografi ve sineman\u0131n, anlam\u0131n in\u015fas\u0131nda birbirini tamamlayan ara\u00e7lar oldu\u011funu ve bu ara\u00e7lar\u0131n toplumsal yap\u0131lar\u0131 ve bireysel deneyimleri birle\u015ftirerek g\u00fc\u00e7l\u00fc bir anlat\u0131 olu\u015fturdu\u011funu, i\u00e7inde senarist, oyuncu ve y\u00f6netmen olarak yer ald\u0131\u011f\u0131m filmler \u00fczerinden ortaya koymaya \u00e7al\u0131\u015ft\u0131m.\u201d   \u0130nsan, hayat\u0131, d\u00fcnyay\u0131 ve kendini nas\u0131l anlamland\u0131r\u0131r? Anlam\u0131 nas\u0131l in\u015fa eder? Sinema, bu anlam in\u015fas\u0131nda nas\u0131l bir rol oynayabilir? \u0130nsan\u0131n kendi hayat deneyimleri ile sinema yarat\u0131m\u0131 aras\u0131nda nas\u0131l bir etkile\u015fim olabilir? Ercan Kesal, Sinemada Anlam Aray\u0131\u015f\u0131\u2019nda otoetnografik y\u00f6ntemle, yani kendi deneyim ve \u00fcretiminin ele\u015ftirel bir okumas\u0131n\u0131 yaparak, bu sorulara cevap ar\u0131yor. Bir yandan sosyal teoriden, di\u011fer yandan \u00fc\u00e7 b\u00fcy\u00fck y\u00f6netmenden, Ingmar Bergman, Andrey Tarkovski ve Krzysztof Kie\u015blowski\u2019den ilham alarak yap\u0131yor bunu. \u201cBir Zamanlar Anadolu\u2019da\u201d filmini kendi ta\u015fra hekimli\u011fi deneyimi ile, \u201cNasipse Aday\u0131z\u201d filmini de kendi \u201cger\u00e7ek\u201d belediye ba\u015fkan\u0131 aday adayl\u0131\u011f\u0131 deneyimiyle etkile\u015fimleri i\u00e7inde de\u011ferlendirirken, hakikat ile kurmaca aras\u0131ndaki ili\u015fkiye \u0131\u015f\u0131k tutuyor.<\/p>\n","protected":false},"excerpt":{"rendered":"<p>\u201cBu \u00e7al\u0131\u015fmada, otoetnografi ve sineman\u0131n, anlam\u0131n in\u015fas\u0131nda birbirini tamamlayan ara\u00e7lar oldu\u011funu ve bu ara\u00e7lar\u0131n toplumsal yap\u0131lar\u0131 ve bireysel deneyimleri birle\u015ftirerek g\u00fc\u00e7l\u00fc bir anlat\u0131 olu\u015fturdu\u011funu, i\u00e7inde senarist,<span class=\"excerpt-hellip\"> [\u2026]<\/span><\/p>\n","protected":false},"featured_media":0,"template":"","meta":{"_monsterinsights_skip_tracking":false,"_monsterinsights_sitenote_active":false,"_monsterinsights_sitenote_note":"","_monsterinsights_sitenote_category":0},"product_brand":[],"product_cat":[12409,12408],"product_tag":[],"class_list":{"0":"post-780278","1":"product","2":"type-product","3":"status-publish","5":"product_cat-fotograf-sinema-tiyatro","6":"product_cat-sanat","7":"pa_cilt-ciltsiz","8":"pa_tur-kitap","9":"pa_yayinevi-iletisim-yayinlari","10":"pa_yazar-ercan-kesal","12":"first","13":"instock","14":"sale","15":"shipping-taxable","16":"purchasable","17":"product-type-simple"},"_links":{"self":[{"href":"https:\/\/roveyayinevi.com.tr\/index.php\/wp-json\/wp\/v2\/product\/780278","targetHints":{"allow":["GET"]}}],"collection":[{"href":"https:\/\/roveyayinevi.com.tr\/index.php\/wp-json\/wp\/v2\/product"}],"about":[{"href":"https:\/\/roveyayinevi.com.tr\/index.php\/wp-json\/wp\/v2\/types\/product"}],"wp:attachment":[{"href":"https:\/\/roveyayinevi.com.tr\/index.php\/wp-json\/wp\/v2\/media?parent=780278"}],"wp:term":[{"taxonomy":"product_brand","embeddable":true,"href":"https:\/\/roveyayinevi.com.tr\/index.php\/wp-json\/wp\/v2\/product_brand?post=780278"},{"taxonomy":"product_cat","embeddable":true,"href":"https:\/\/roveyayinevi.com.tr\/index.php\/wp-json\/wp\/v2\/product_cat?post=780278"},{"taxonomy":"product_tag","embeddable":true,"href":"https:\/\/roveyayinevi.com.tr\/index.php\/wp-json\/wp\/v2\/product_tag?post=780278"}],"curies":[{"name":"wp","href":"https:\/\/api.w.org\/{rel}","templated":true}]}}