{"id":780273,"date":"2025-12-30T12:35:46","date_gmt":"2025-12-30T09:35:46","guid":{"rendered":"https:\/\/roveyayinevi.com.tr\/index.php\/urun\/akpnin-kultur-savasi\/"},"modified":"2026-04-15T03:44:50","modified_gmt":"2026-04-15T00:44:50","slug":"akpnin-kultur-savasi","status":"publish","type":"product","link":"https:\/\/roveyayinevi.com.tr\/index.php\/urun\/akpnin-kultur-savasi\/","title":{"rendered":"Akp&#8217;nin K\u00fclt\u00fcr Sava\u015f\u0131"},"content":{"rendered":"<p>\u201cOsmanl\u0131\u2019dan mirasla Cumhuriyet de kendi ayd\u0131n\u0131yla, sanat\u00e7\u0131s\u0131yla hep kavgal\u0131 olmu\u015ftu. Ama bu kavga ideolojikti ve ba\u015f\u0131 derde giren, neden girdi\u011fini bilirdi. Bug\u00fcn, Manifest Grubu\u2019nun, Mabel Matiz\u2019in ya\u015fad\u0131klar\u0131 da ideolojik ku\u015fkusuz ama toplum gibi onlar da ba\u015flar\u0131na gelenin nedenini tam olarak kavrayam\u0131yor. \u00dcstelik devletin gadri bu kez \u2018ideolojik bir az\u0131nl\u0131\u011f\u0131\u2019 de\u011fil, kendisinden g\u00f6rmedi\u011fi herkesi kaps\u0131yor.\u201d AKP\u2019nin K\u00fclt\u00fcr Sava\u015f\u0131\u2019nda \u015eenay Aydemir AKP iktidarlar\u0131n\u0131n k\u00fclt\u00fcr-sanat politikas\u0131n\u0131n hem b\u00fcy\u00fck resmine, hem minyat\u00fcrlerine bak\u0131yor. B\u00fcy\u00fck resim, Muhafazak\u00e2r alternatif sanat-k\u00fclt\u00fcr iddias\u0131ndan, \u201cyerli ve milli k\u00fclt\u00fcr\u201d tazyiki alt\u0131nda bask\u0131c\u0131 bir kontrol rejimine ge\u00e7i\u015fi g\u00f6steriyor. K\u00fclt\u00fcr-sanat piyasala\u015fmas\u0131 ve sanatseverin m\u00fc\u015fterile\u015ftirilmesi ile ideolojik i\u00e7 i\u00e7e ge\u00e7i\u015fi\u2026 Hem ekonomik g\u00fc\u00e7 hem de ekonomik kriz yoluyla ger\u00e7ekle\u015fen ink\u00e2r, tasfiye, imha\u2026 Minyat\u00fcrlerde \u00e7ok \u015fey var: TRT\u2019nin k\u00fclt\u00fcr sava\u015f\u0131nda i\u015fe ko\u015fulu\u015fu; sekt\u00f6rler, kurumlar ve mek\u00e2nlar; dizilerde, tiyatrolarda d\u00f6nenler; film festivalleri, Ye\u015fil\u00e7am\u2019\u0131n \u201cikinci \u00e7\u00f6k\u00fc\u015f\u00fc\u201d; kayy\u0131m siyasetinin etkileri\u2026 Sans\u00fcr\u00fcn \u201csiville\u015ferek\u201d yerle\u015fik hale gelmesi, otosans\u00fcr\u00fcn iliklere i\u015flemesi\u2026 K\u00fclt\u00fcrel \u00e7orakla\u015fman\u0131n seyir defterini sergileyen bir kitap&#8230;<\/p>\n","protected":false},"excerpt":{"rendered":"<p>\u201cOsmanl\u0131\u2019dan mirasla Cumhuriyet de kendi ayd\u0131n\u0131yla, sanat\u00e7\u0131s\u0131yla hep kavgal\u0131 olmu\u015ftu. Ama bu kavga ideolojikti ve ba\u015f\u0131 derde giren, neden girdi\u011fini bilirdi. Bug\u00fcn, Manifest Grubu\u2019nun, Mabel Matiz\u2019in<span class=\"excerpt-hellip\"> [\u2026]<\/span><\/p>\n","protected":false},"featured_media":0,"template":"","meta":{"_monsterinsights_skip_tracking":false,"_monsterinsights_sitenote_active":false,"_monsterinsights_sitenote_note":"","_monsterinsights_sitenote_category":0},"product_brand":[],"product_cat":[141304],"product_tag":[],"class_list":{"0":"post-780273","1":"product","2":"type-product","3":"status-publish","5":"product_cat-yeni-cikanlar","6":"pa_cilt-ciltsiz","7":"pa_tur-kitap","8":"pa_yayinevi-iletisim-yayinlari","9":"pa_yazar-senay-aydemir","11":"first","12":"instock","13":"sale","14":"shipping-taxable","15":"purchasable","16":"product-type-simple"},"_links":{"self":[{"href":"https:\/\/roveyayinevi.com.tr\/index.php\/wp-json\/wp\/v2\/product\/780273","targetHints":{"allow":["GET"]}}],"collection":[{"href":"https:\/\/roveyayinevi.com.tr\/index.php\/wp-json\/wp\/v2\/product"}],"about":[{"href":"https:\/\/roveyayinevi.com.tr\/index.php\/wp-json\/wp\/v2\/types\/product"}],"wp:attachment":[{"href":"https:\/\/roveyayinevi.com.tr\/index.php\/wp-json\/wp\/v2\/media?parent=780273"}],"wp:term":[{"taxonomy":"product_brand","embeddable":true,"href":"https:\/\/roveyayinevi.com.tr\/index.php\/wp-json\/wp\/v2\/product_brand?post=780273"},{"taxonomy":"product_cat","embeddable":true,"href":"https:\/\/roveyayinevi.com.tr\/index.php\/wp-json\/wp\/v2\/product_cat?post=780273"},{"taxonomy":"product_tag","embeddable":true,"href":"https:\/\/roveyayinevi.com.tr\/index.php\/wp-json\/wp\/v2\/product_tag?post=780273"}],"curies":[{"name":"wp","href":"https:\/\/api.w.org\/{rel}","templated":true}]}}