{"id":780269,"date":"2025-12-30T12:35:37","date_gmt":"2025-12-30T09:35:37","guid":{"rendered":"https:\/\/roveyayinevi.com.tr\/index.php\/urun\/kaygilarimizin-kisi\/"},"modified":"2026-04-15T03:44:50","modified_gmt":"2026-04-15T00:44:50","slug":"kaygilarimizin-kisi","status":"publish","type":"product","link":"https:\/\/roveyayinevi.com.tr\/index.php\/urun\/kaygilarimizin-kisi\/","title":{"rendered":"Kayg\u0131lar\u0131m\u0131z\u0131n K\u0131\u015f\u0131"},"content":{"rendered":"<p>Kayg\u0131lar\u0131m\u0131z\u0131n K\u0131\u015f\u0131 Nobel Edebiyat \u00d6d\u00fcl\u00fc sahibi John Steinbeck\u2019in insan\u0131n ahl\u00e2kla h\u0131rs aras\u0131ndaki sava\u015f\u0131n\u0131 anlatt\u0131\u011f\u0131 ustal\u0131kla \u00f6r\u00fclm\u00fc\u015f eseri.   Ethan Hawley eskiden ailesine ait olan bir \u015fark\u00fcteride tezg\u00e2htar olarak \u00e7al\u0131\u015fmaktad\u0131r. E\u015fi ve \u00e7ocuklar\u0131 toplumdaki konumlar\u0131ndan memnun de\u011fillerdir ve Ethan\u2019\u0131n zengin olmas\u0131n\u0131 isterler. Ahl\u00e2kl\u0131 ve d\u00fcr\u00fcst bir hayat s\u00fcren Ethan ise ya\u015fad\u0131\u011f\u0131 baz\u0131 tesad\u00fcfler sonucu \u00e7evresinde olup biten yolsuzluk ve usuls\u00fczl\u00fckleri fark etmeye ba\u015flar. Steinbeck son roman\u0131 olan Kayg\u0131lar\u0131m\u0131z\u0131n K\u0131\u015f\u0131\u2019nda 1960\u2019lar Amerikas\u0131\u2019ndaki yozla\u015fmaya ve bireyin ahl\u00e2ki de\u011ferlerindeki \u00e7\u00fcr\u00fcmeye \u0131\u015f\u0131k tutarak okuru modern ya\u015fam\u0131n vicdani ikilemleriyle y\u00fczle\u015ftiriyor.   \u201cBu kitapla John Steinbeck, Gazap \u00dcz\u00fcmleri\u2019nin y\u00fcksek standartlar\u0131na ve erken d\u00f6nem eserlerini bu kadar etkileyici k\u0131lan sosyal temalara geri d\u00f6n\u00fcyor.\u201d SAUL BELLOW   \u201cGe\u00e7en y\u0131l yay\u0131mlanan roman\u0131 Kayg\u0131lar\u0131m\u0131z\u0131n K\u0131\u015f\u0131\u2019yla (\u2026) Steinbeck ger\u00e7ek Amerikan ruhunu tarafs\u0131z bir i\u00e7g\u00fcd\u00fcyle anlatan ba\u011f\u0131ms\u0131z bir yorumcu olarak konumunu yeniden kazanm\u0131\u015ft\u0131r.\u201d<\/p>\n","protected":false},"excerpt":{"rendered":"<p>Kayg\u0131lar\u0131m\u0131z\u0131n K\u0131\u015f\u0131 Nobel Edebiyat \u00d6d\u00fcl\u00fc sahibi John Steinbeck\u2019in insan\u0131n ahl\u00e2kla h\u0131rs aras\u0131ndaki sava\u015f\u0131n\u0131 anlatt\u0131\u011f\u0131 ustal\u0131kla \u00f6r\u00fclm\u00fc\u015f eseri. Ethan Hawley eskiden ailesine ait olan bir \u015fark\u00fcteride tezg\u00e2htar<span class=\"excerpt-hellip\"> [\u2026]<\/span><\/p>\n","protected":false},"featured_media":0,"template":"","meta":{"_monsterinsights_skip_tracking":false,"_monsterinsights_sitenote_active":false,"_monsterinsights_sitenote_note":"","_monsterinsights_sitenote_category":0},"product_brand":[],"product_cat":[12291,12711],"product_tag":[],"class_list":{"0":"post-780269","1":"product","2":"type-product","3":"status-publish","5":"product_cat-edebiyat","6":"product_cat-roman-oyku","7":"pa_cilt-ciltsiz","8":"pa_tur-kitap","9":"pa_yayinevi-iletisim-yayinlari","10":"pa_yazar-john-steinbeck","12":"first","13":"instock","14":"sale","15":"shipping-taxable","16":"purchasable","17":"product-type-simple"},"_links":{"self":[{"href":"https:\/\/roveyayinevi.com.tr\/index.php\/wp-json\/wp\/v2\/product\/780269","targetHints":{"allow":["GET"]}}],"collection":[{"href":"https:\/\/roveyayinevi.com.tr\/index.php\/wp-json\/wp\/v2\/product"}],"about":[{"href":"https:\/\/roveyayinevi.com.tr\/index.php\/wp-json\/wp\/v2\/types\/product"}],"wp:attachment":[{"href":"https:\/\/roveyayinevi.com.tr\/index.php\/wp-json\/wp\/v2\/media?parent=780269"}],"wp:term":[{"taxonomy":"product_brand","embeddable":true,"href":"https:\/\/roveyayinevi.com.tr\/index.php\/wp-json\/wp\/v2\/product_brand?post=780269"},{"taxonomy":"product_cat","embeddable":true,"href":"https:\/\/roveyayinevi.com.tr\/index.php\/wp-json\/wp\/v2\/product_cat?post=780269"},{"taxonomy":"product_tag","embeddable":true,"href":"https:\/\/roveyayinevi.com.tr\/index.php\/wp-json\/wp\/v2\/product_tag?post=780269"}],"curies":[{"name":"wp","href":"https:\/\/api.w.org\/{rel}","templated":true}]}}