{"id":780268,"date":"2025-12-30T12:35:36","date_gmt":"2025-12-30T09:35:36","guid":{"rendered":"https:\/\/roveyayinevi.com.tr\/index.php\/urun\/osmanli-gercegi\/"},"modified":"2026-04-15T03:44:50","modified_gmt":"2026-04-15T00:44:50","slug":"osmanli-gercegi","status":"publish","type":"product","link":"https:\/\/roveyayinevi.com.tr\/index.php\/urun\/osmanli-gercegi\/","title":{"rendered":"Osmanl\u0131 Ger\u00e7e\u011fi"},"content":{"rendered":"<p>Erdo\u011fan Ayd\u0131n\u2019\u0131n \u201990l\u0131 y\u0131llarda yay\u0131mlad\u0131\u011f\u0131 \u0130slamiyet Ger\u00e7e\u011fi ile Nas\u0131l M\u00fcsl\u00fcman Olduk? adl\u0131 kitaplar\u0131, yaln\u0131z yararlan\u0131lan de\u011fil, g\u00f6zleri a\u00e7an eserler de oldular. Yazar\u0131m\u0131z pek ciddi bir ara\u015ft\u0131rmac\u0131, dehas\u0131 put k\u0131r\u0131c\u0131 bir kalem. Osmanl\u0131 Ger\u00e7e\u011fi, konuyla ilgili olarak birka\u00e7 di\u015fe dokunur \u00e7al\u0131\u015fmadan biri. Bu kitap okunmadan Osmanl\u0131 tarihi anla\u015f\u0131lmaz. Server Tanilli                 Tarih bilgisi ger\u00e7ekte g\u00f6z\u00fcn\u00fc a\u00e7ar insan\u0131n; oysa tarih yaz\u0131c\u0131l\u0131\u011f\u0131n\u0131n, insanlar\u0131n g\u00f6z\u00fcn\u00fc kapatmak i\u00e7in kullan\u0131ld\u0131\u011f\u0131 bir \u00fclkede ya\u015f\u0131yoruz. \u00d6zellikle Osmanl\u0131l\u0131k \u00fczerinden geni\u015fleyen bir \u00f6z\u00fcmsenmeye u\u011frat\u0131ld\u0131\u011f\u0131m\u0131z ko\u015fullarda, Osmanl\u0131\u2019n\u0131n ne olup olmad\u0131\u011f\u0131n\u0131n do\u011fru bilinmesi b\u00fcy\u00fck \u00f6nem ta\u015f\u0131yor. Osmanl\u0131 ger\u00e7e\u011fine \u0131\u015f\u0131k tutan bu kitap, okullarda \u00f6\u011fretilenlerden, tarih diye yaz\u0131lan T\u00fcrk\u00e7\u00fc ve \u0130slamc\u0131 propaganda metinlerinden ve tabii bu i\u015fi \u00e7ok daha ince yapan resm\u00ee tarih\u00e7ilerin yazd\u0131klar\u0131ndan farkl\u0131 bir \u00e7al\u0131\u015fma. \u0130\u00e7eride kendi toplumunu tebaala\u015ft\u0131rma, d\u0131\u015far\u0131da kom\u015fu halklara tahakk\u00fcm kurma \u00e7abas\u0131nda yay\u0131lmac\u0131 bir rejim yaratmaya \u00e7al\u0131\u015fanlar\u0131n yazd\u0131klar\u0131ndan ayr\u0131mla bu kitap, Osmanl\u0131 d\u00fczenini, onun ma\u011fdurlar\u0131yla birlikte b\u00fct\u00fcnselli\u011fiyle inceliyor. Osmanl\u0131\u2019n\u0131n 1299\u2019da kuruldu\u011fu iddialar\u0131ndan ba\u015flay\u0131p bir dizi efsaneyle beslenen Osmanl\u0131 tablosunu indirip yerine hakikatten ve haklardan yana bir sorgulamayla do\u011frusunu koymay\u0131 ama\u00e7l\u0131yor. Bu ba\u011flamda Osmanl\u0131\u2019n\u0131n T\u00fcrkl\u00fckle ba\u011f\u0131n\u0131, y\u00fckselebilmesi ve \u00e7\u00f6k\u00fc\u015f\u00fcn\u00fcn nedenleri, ona kar\u015f\u0131 ayaklanmalar\u0131n\u0131n niteli\u011fini, sosyo-ekonomik yap\u0131s\u0131n\u0131, devletin siyasal ve dinsel niteli\u011fini \u00e7\u00f6z\u00fcml\u00fcyor.<\/p>\n","protected":false},"excerpt":{"rendered":"<p>Erdo\u011fan Ayd\u0131n\u2019\u0131n \u201990l\u0131 y\u0131llarda yay\u0131mlad\u0131\u011f\u0131 \u0130slamiyet Ger\u00e7e\u011fi ile Nas\u0131l M\u00fcsl\u00fcman Olduk? adl\u0131 kitaplar\u0131, yaln\u0131z yararlan\u0131lan de\u011fil, g\u00f6zleri a\u00e7an eserler de oldular. Yazar\u0131m\u0131z pek ciddi bir ara\u015ft\u0131rmac\u0131,<span class=\"excerpt-hellip\"> [\u2026]<\/span><\/p>\n","protected":false},"featured_media":0,"template":"","meta":{"_monsterinsights_skip_tracking":false,"_monsterinsights_sitenote_active":false,"_monsterinsights_sitenote_note":"","_monsterinsights_sitenote_category":0},"product_brand":[],"product_cat":[13517,12304],"product_tag":[],"class_list":{"0":"post-780268","1":"product","2":"type-product","3":"status-publish","5":"product_cat-osmanli-tarihi","6":"product_cat-tarih","7":"pa_cilt-ciltsiz","8":"pa_tur-kitap","9":"pa_yayinevi-kor-kitap","10":"pa_yazar-erdogan-aydin","12":"first","13":"instock","14":"sale","15":"shipping-taxable","16":"purchasable","17":"product-type-simple"},"_links":{"self":[{"href":"https:\/\/roveyayinevi.com.tr\/index.php\/wp-json\/wp\/v2\/product\/780268","targetHints":{"allow":["GET"]}}],"collection":[{"href":"https:\/\/roveyayinevi.com.tr\/index.php\/wp-json\/wp\/v2\/product"}],"about":[{"href":"https:\/\/roveyayinevi.com.tr\/index.php\/wp-json\/wp\/v2\/types\/product"}],"wp:attachment":[{"href":"https:\/\/roveyayinevi.com.tr\/index.php\/wp-json\/wp\/v2\/media?parent=780268"}],"wp:term":[{"taxonomy":"product_brand","embeddable":true,"href":"https:\/\/roveyayinevi.com.tr\/index.php\/wp-json\/wp\/v2\/product_brand?post=780268"},{"taxonomy":"product_cat","embeddable":true,"href":"https:\/\/roveyayinevi.com.tr\/index.php\/wp-json\/wp\/v2\/product_cat?post=780268"},{"taxonomy":"product_tag","embeddable":true,"href":"https:\/\/roveyayinevi.com.tr\/index.php\/wp-json\/wp\/v2\/product_tag?post=780268"}],"curies":[{"name":"wp","href":"https:\/\/api.w.org\/{rel}","templated":true}]}}