{"id":780263,"date":"2025-12-30T12:35:25","date_gmt":"2025-12-30T09:35:25","guid":{"rendered":"https:\/\/roveyayinevi.com.tr\/index.php\/urun\/seni-ask-sandim\/"},"modified":"2026-04-15T03:44:50","modified_gmt":"2026-04-15T00:44:50","slug":"seni-ask-sandim","status":"publish","type":"product","link":"https:\/\/roveyayinevi.com.tr\/index.php\/urun\/seni-ask-sandim\/","title":{"rendered":"Seni A\u015fk Sand\u0131m"},"content":{"rendered":"<p>BAZEN SEVD\u0130\u011e\u0130N\u0130 SANDI\u011eIN K\u0130\u015e\u0130, SADECE ESK\u0130 B\u0130R YARANIN YANKISIDIR.   Gitmek istedin ama gidemedin. Unutmaya \u00e7al\u0131\u015ft\u0131n, olmad\u0131. Bir c\u00fcmlesiyle iyi oldun, bir sessizli\u011fiyle da\u011f\u0131ld\u0131n. Her seferinde kendini toparlad\u0131\u011f\u0131n\u0131 sand\u0131n ama kendinden biraz daha eksildin. A\u015fk sand\u0131n, \u00e7\u00fcnk\u00fc ya\u015fad\u0131\u011f\u0131n \u015fey tan\u0131d\u0131k geldi.   Ama sonra anlad\u0131n&#8230; Sevdi\u011fini d\u00fc\u015f\u00fcnd\u00fc\u011f\u00fcn ki\u015fi, y\u0131llar \u00f6nce i\u00e7inden eksilen bir par\u00e7aya \u00e7ok benziyordu. Ona de\u011fil, onun sende dokundu\u011fu yaraya tutunmu\u015ftun.   Seni A\u015fk Sand\u0131m, B\u00fclent Demircio\u011flu\u2019nun sade ama sars\u0131c\u0131 anlat\u0131m\u0131yla, ili\u015fkilerin ard\u0131ndaki g\u00f6r\u00fcnmeyen yaralara \u0131\u015f\u0131k tutan ve sizi kendi sessiz hakikatlerinizle y\u00fczle\u015ftiren bir eser. <\/p>\n","protected":false},"excerpt":{"rendered":"<p>BAZEN SEVD\u0130\u011e\u0130N\u0130 SANDI\u011eIN K\u0130\u015e\u0130, SADECE ESK\u0130 B\u0130R YARANIN YANKISIDIR. Gitmek istedin ama gidemedin. Unutmaya \u00e7al\u0131\u015ft\u0131n, olmad\u0131. Bir c\u00fcmlesiyle iyi oldun, bir sessizli\u011fiyle da\u011f\u0131ld\u0131n. Her seferinde kendini<span class=\"excerpt-hellip\"> [\u2026]<\/span><\/p>\n","protected":false},"featured_media":0,"template":"","meta":{"_monsterinsights_skip_tracking":false,"_monsterinsights_sitenote_active":false,"_monsterinsights_sitenote_note":"","_monsterinsights_sitenote_category":0},"product_brand":[],"product_cat":[13835],"product_tag":[],"class_list":{"0":"post-780263","1":"product","2":"type-product","3":"status-publish","5":"product_cat-cok-satanlar","6":"pa_cilt-ciltsiz","7":"pa_tur-kitap","8":"pa_yayinevi-destek-yayinlari","9":"pa_yazar-bulent-demircioglu","11":"first","12":"instock","13":"sale","14":"shipping-taxable","15":"purchasable","16":"product-type-simple"},"_links":{"self":[{"href":"https:\/\/roveyayinevi.com.tr\/index.php\/wp-json\/wp\/v2\/product\/780263","targetHints":{"allow":["GET"]}}],"collection":[{"href":"https:\/\/roveyayinevi.com.tr\/index.php\/wp-json\/wp\/v2\/product"}],"about":[{"href":"https:\/\/roveyayinevi.com.tr\/index.php\/wp-json\/wp\/v2\/types\/product"}],"wp:attachment":[{"href":"https:\/\/roveyayinevi.com.tr\/index.php\/wp-json\/wp\/v2\/media?parent=780263"}],"wp:term":[{"taxonomy":"product_brand","embeddable":true,"href":"https:\/\/roveyayinevi.com.tr\/index.php\/wp-json\/wp\/v2\/product_brand?post=780263"},{"taxonomy":"product_cat","embeddable":true,"href":"https:\/\/roveyayinevi.com.tr\/index.php\/wp-json\/wp\/v2\/product_cat?post=780263"},{"taxonomy":"product_tag","embeddable":true,"href":"https:\/\/roveyayinevi.com.tr\/index.php\/wp-json\/wp\/v2\/product_tag?post=780263"}],"curies":[{"name":"wp","href":"https:\/\/api.w.org\/{rel}","templated":true}]}}