{"id":780248,"date":"2025-12-30T12:34:37","date_gmt":"2025-12-30T09:34:37","guid":{"rendered":"https:\/\/roveyayinevi.com.tr\/index.php\/urun\/camellianin-pesinde-3\/"},"modified":"2026-04-15T03:44:49","modified_gmt":"2026-04-15T00:44:49","slug":"camellianin-pesinde-3","status":"publish","type":"product","link":"https:\/\/roveyayinevi.com.tr\/index.php\/urun\/camellianin-pesinde-3\/","title":{"rendered":"Camellia&#8217;n\u0131n Pe\u015finde 3"},"content":{"rendered":"<p>Dokunacak kadar yak\u0131n ama bir sonsuzluk kadar uzak\u2026Camellia nihayet Louver\u2019a gelmeyi ba\u015farm\u0131\u015ft\u0131r.Fakat annesinin pe\u015fine d\u00fc\u015fmek \u00fczereyken kendiniD\u00fck Claude\u2019un kar\u015f\u0131s\u0131nda bulur\u2026 Kimli\u011fini a\u00e7\u0131\u011fa \u00e7\u0131karmadan oradan ka\u00e7may\u0131 ba\u015farsa da d\u00fck\u00fcn temkinli bak\u0131\u015flar\u0131ndan tamamen s\u0131yr\u0131lamaz\u2026 Kimli\u011fini gizleme tela\u015f\u0131, Prens Ian\u2019\u0131n a\u00e7\u0131k\u00e7a yapt\u0131\u011f\u0131 hamleler ve D\u00fck Claude\u2019\u0131n karma\u015f\u0131k, bazen d\u00fc\u015fmanca say\u0131labilecek tav\u0131rlar\u0131 devam ediyordur. \u00d6zg\u00fcrl\u00fck yolundaki engeller giderek artarken, soylu kad\u0131nlara y\u00f6nelik sald\u0131r\u0131lar\u0131 ara\u015ft\u0131ran komutanlardan biri Camellia\u2019ya \u00f6zel bir teklifte bulunur.Verece\u011fi karar, onu \u00e7ok daha b\u00fcy\u00fck bir tehlikenin i\u00e7ine s\u00fcr\u00fckleyecektir.<\/p>\n","protected":false},"excerpt":{"rendered":"<p>Dokunacak kadar yak\u0131n ama bir sonsuzluk kadar uzak\u2026Camellia nihayet Louver\u2019a gelmeyi ba\u015farm\u0131\u015ft\u0131r.Fakat annesinin pe\u015fine d\u00fc\u015fmek \u00fczereyken kendiniD\u00fck Claude\u2019un kar\u015f\u0131s\u0131nda bulur\u2026 Kimli\u011fini a\u00e7\u0131\u011fa \u00e7\u0131karmadan oradan ka\u00e7may\u0131 ba\u015farsa<span class=\"excerpt-hellip\"> [\u2026]<\/span><\/p>\n","protected":false},"featured_media":0,"template":"","meta":{"_monsterinsights_skip_tracking":false,"_monsterinsights_sitenote_active":false,"_monsterinsights_sitenote_note":"","_monsterinsights_sitenote_category":0},"product_brand":[],"product_cat":[12416,12291],"product_tag":[],"class_list":{"0":"post-780248","1":"product","2":"type-product","3":"status-publish","5":"product_cat-cizgi-roman","6":"product_cat-edebiyat","7":"pa_cilt-ciltsiz","8":"pa_tur-kitap","9":"pa_yayinevi-dex-yayinevi","10":"pa_yazar-jin-soye","12":"first","13":"instock","14":"sale","15":"shipping-taxable","16":"purchasable","17":"product-type-simple"},"_links":{"self":[{"href":"https:\/\/roveyayinevi.com.tr\/index.php\/wp-json\/wp\/v2\/product\/780248","targetHints":{"allow":["GET"]}}],"collection":[{"href":"https:\/\/roveyayinevi.com.tr\/index.php\/wp-json\/wp\/v2\/product"}],"about":[{"href":"https:\/\/roveyayinevi.com.tr\/index.php\/wp-json\/wp\/v2\/types\/product"}],"wp:attachment":[{"href":"https:\/\/roveyayinevi.com.tr\/index.php\/wp-json\/wp\/v2\/media?parent=780248"}],"wp:term":[{"taxonomy":"product_brand","embeddable":true,"href":"https:\/\/roveyayinevi.com.tr\/index.php\/wp-json\/wp\/v2\/product_brand?post=780248"},{"taxonomy":"product_cat","embeddable":true,"href":"https:\/\/roveyayinevi.com.tr\/index.php\/wp-json\/wp\/v2\/product_cat?post=780248"},{"taxonomy":"product_tag","embeddable":true,"href":"https:\/\/roveyayinevi.com.tr\/index.php\/wp-json\/wp\/v2\/product_tag?post=780248"}],"curies":[{"name":"wp","href":"https:\/\/api.w.org\/{rel}","templated":true}]}}