{"id":780244,"date":"2025-12-30T12:34:21","date_gmt":"2025-12-30T09:34:21","guid":{"rendered":"https:\/\/roveyayinevi.com.tr\/index.php\/urun\/saklambac-2-sobe\/"},"modified":"2026-04-15T03:44:49","modified_gmt":"2026-04-15T00:44:49","slug":"saklambac-2-sobe","status":"publish","type":"product","link":"https:\/\/roveyayinevi.com.tr\/index.php\/urun\/saklambac-2-sobe\/","title":{"rendered":"Saklamba\u00e7 2 &#8211; Sobe"},"content":{"rendered":"<p>S\u0131rlar\u0131 karanl\u0131k yapan onlar\u0131 ne kadar uzun s\u00fcre saklad\u0131\u011f\u0131n\u0131zd\u0131r.Ve baz\u0131 s\u0131rlar sizi su\u00e7 orta\u011f\u0131 yapar. Ophelia Valley kasabas\u0131 beklenmedik bir tutuklamayla \u00e7alkalan\u0131rken tehlike h\u00e2l\u00e2 devam etmekte. Ansel, Maddie ve Kylie&#8217;nin arkada\u015fl\u0131\u011f\u0131 da di\u011fer her \u015fey gibi sars\u0131ld\u0131. K\u0131zlar \u015fimdi kendi s\u0131rlar\u0131 ve kimlik aray\u0131\u015flar\u0131n\u0131n pe\u015finde. Dedektif Wallace bildi\u011fi ama kan\u0131tlayamad\u0131\u011f\u0131 ger\u00e7eklerle k\u00f6\u015feye s\u0131k\u0131\u015ft\u0131. \u015e\u00fcphe hepsini i\u00e7ten i\u00e7e yiyip bitirirken hatalar ard\u0131 ard\u0131na s\u0131ralanacak. S\u0131rlar a\u00e7\u0131\u011fa \u00e7\u0131kacak, beklenmedik y\u00fczle\u015fmeler ya\u015fananlardan daha a\u011f\u0131r olacak. \u00c7ember darald\u0131 ve birine g\u00fcvenmek hi\u00e7 olmad\u0131\u011f\u0131 kadar zor.<\/p>\n","protected":false},"excerpt":{"rendered":"<p>S\u0131rlar\u0131 karanl\u0131k yapan onlar\u0131 ne kadar uzun s\u00fcre saklad\u0131\u011f\u0131n\u0131zd\u0131r.Ve baz\u0131 s\u0131rlar sizi su\u00e7 orta\u011f\u0131 yapar. Ophelia Valley kasabas\u0131 beklenmedik bir tutuklamayla \u00e7alkalan\u0131rken tehlike h\u00e2l\u00e2 devam etmekte.<span class=\"excerpt-hellip\"> [\u2026]<\/span><\/p>\n","protected":false},"featured_media":0,"template":"","meta":{"_monsterinsights_skip_tracking":false,"_monsterinsights_sitenote_active":false,"_monsterinsights_sitenote_note":"","_monsterinsights_sitenote_category":0},"product_brand":[],"product_cat":[12291,14777],"product_tag":[],"class_list":{"0":"post-780244","1":"product","2":"type-product","3":"status-publish","5":"product_cat-edebiyat","6":"product_cat-fantastik","7":"pa_cilt-ciltsiz","8":"pa_tur-kitap","9":"pa_yayinevi-dex-yayinevi","10":"pa_yazar-n-g-kabal","12":"first","13":"instock","14":"sale","15":"shipping-taxable","16":"purchasable","17":"product-type-simple"},"_links":{"self":[{"href":"https:\/\/roveyayinevi.com.tr\/index.php\/wp-json\/wp\/v2\/product\/780244","targetHints":{"allow":["GET"]}}],"collection":[{"href":"https:\/\/roveyayinevi.com.tr\/index.php\/wp-json\/wp\/v2\/product"}],"about":[{"href":"https:\/\/roveyayinevi.com.tr\/index.php\/wp-json\/wp\/v2\/types\/product"}],"wp:attachment":[{"href":"https:\/\/roveyayinevi.com.tr\/index.php\/wp-json\/wp\/v2\/media?parent=780244"}],"wp:term":[{"taxonomy":"product_brand","embeddable":true,"href":"https:\/\/roveyayinevi.com.tr\/index.php\/wp-json\/wp\/v2\/product_brand?post=780244"},{"taxonomy":"product_cat","embeddable":true,"href":"https:\/\/roveyayinevi.com.tr\/index.php\/wp-json\/wp\/v2\/product_cat?post=780244"},{"taxonomy":"product_tag","embeddable":true,"href":"https:\/\/roveyayinevi.com.tr\/index.php\/wp-json\/wp\/v2\/product_tag?post=780244"}],"curies":[{"name":"wp","href":"https:\/\/api.w.org\/{rel}","templated":true}]}}