{"id":780239,"date":"2025-12-30T12:34:06","date_gmt":"2025-12-30T09:34:06","guid":{"rendered":"https:\/\/roveyayinevi.com.tr\/index.php\/urun\/golge-oyunu\/"},"modified":"2026-04-15T03:44:49","modified_gmt":"2026-04-15T00:44:49","slug":"golge-oyunu","status":"publish","type":"product","link":"https:\/\/roveyayinevi.com.tr\/index.php\/urun\/golge-oyunu\/","title":{"rendered":"G\u00f6lge Oyunu"},"content":{"rendered":"<p>Sahne haz\u0131r, oyuncular yerini ald\u0131. Ama bu kez roller de\u011fi\u015fti. \u0130yiyle k\u00f6t\u00fcn\u00fcn, adaletle intikam\u0131n, sessizlikle \u00e7\u0131\u011fl\u0131\u011f\u0131n i\u00e7 i\u00e7e ge\u00e7ti\u011fi bir g\u00f6lge oyunu bu. Perde araland\u0131\u011f\u0131nda, kimse eskisi gibi kalmayacak&#8230; Bir cinayet zinciri, bir adalet aray\u0131\u015f\u0131, bir oyun&#8230; Kimin sahte, kimin ger\u00e7ek oldu\u011funu kim bilebilir? \u0130hanet, gizli planlar, bast\u0131r\u0131lm\u0131\u015f an\u0131lar ve \u00e7\u00fcr\u00fcyen sadakatler aras\u0131nda \u00f6r\u00fclen G\u00f6lge Oyunu; \u015fiirsel anlat\u0131m\u0131, m\u00fcziksel metaforlar\u0131 ve \u00e7ok katmanl\u0131 yap\u0131s\u0131yla yaln\u0131zca bir polisiye de\u011fil, ayn\u0131 zamanda insan ruhunun karanl\u0131k dehlizlerine uzanan edeb\u00ee bir yolculuk sunuyor.<\/p>\n","protected":false},"excerpt":{"rendered":"<p>Sahne haz\u0131r, oyuncular yerini ald\u0131. Ama bu kez roller de\u011fi\u015fti. \u0130yiyle k\u00f6t\u00fcn\u00fcn, adaletle intikam\u0131n, sessizlikle \u00e7\u0131\u011fl\u0131\u011f\u0131n i\u00e7 i\u00e7e ge\u00e7ti\u011fi bir g\u00f6lge oyunu bu. Perde araland\u0131\u011f\u0131nda, kimse<span class=\"excerpt-hellip\"> [\u2026]<\/span><\/p>\n","protected":false},"featured_media":0,"template":"","meta":{"_monsterinsights_skip_tracking":false,"_monsterinsights_sitenote_active":false,"_monsterinsights_sitenote_note":"","_monsterinsights_sitenote_category":0},"product_brand":[],"product_cat":[12291,12711],"product_tag":[],"class_list":{"0":"post-780239","1":"product","2":"type-product","3":"status-publish","5":"product_cat-edebiyat","6":"product_cat-roman-oyku","7":"pa_cilt-ciltsiz","8":"pa_tur-kitap","9":"pa_yayinevi-feniks-yayinlari","10":"pa_yazar-muhammed-ali-aksoy","12":"first","13":"instock","14":"sale","15":"shipping-taxable","16":"purchasable","17":"product-type-simple"},"_links":{"self":[{"href":"https:\/\/roveyayinevi.com.tr\/index.php\/wp-json\/wp\/v2\/product\/780239","targetHints":{"allow":["GET"]}}],"collection":[{"href":"https:\/\/roveyayinevi.com.tr\/index.php\/wp-json\/wp\/v2\/product"}],"about":[{"href":"https:\/\/roveyayinevi.com.tr\/index.php\/wp-json\/wp\/v2\/types\/product"}],"wp:attachment":[{"href":"https:\/\/roveyayinevi.com.tr\/index.php\/wp-json\/wp\/v2\/media?parent=780239"}],"wp:term":[{"taxonomy":"product_brand","embeddable":true,"href":"https:\/\/roveyayinevi.com.tr\/index.php\/wp-json\/wp\/v2\/product_brand?post=780239"},{"taxonomy":"product_cat","embeddable":true,"href":"https:\/\/roveyayinevi.com.tr\/index.php\/wp-json\/wp\/v2\/product_cat?post=780239"},{"taxonomy":"product_tag","embeddable":true,"href":"https:\/\/roveyayinevi.com.tr\/index.php\/wp-json\/wp\/v2\/product_tag?post=780239"}],"curies":[{"name":"wp","href":"https:\/\/api.w.org\/{rel}","templated":true}]}}