{"id":780238,"date":"2025-12-30T12:34:03","date_gmt":"2025-12-30T09:34:03","guid":{"rendered":"https:\/\/roveyayinevi.com.tr\/index.php\/urun\/beslenmede-gercek-bilim-her-duyduguna-inanma\/"},"modified":"2026-04-15T03:44:49","modified_gmt":"2026-04-15T00:44:49","slug":"beslenmede-gercek-bilim-her-duyduguna-inanma","status":"publish","type":"product","link":"https:\/\/roveyayinevi.com.tr\/index.php\/urun\/beslenmede-gercek-bilim-her-duyduguna-inanma\/","title":{"rendered":"Beslenmede Ger\u00e7ek Bilim: Her Duydu\u011funa \u0130nanma"},"content":{"rendered":"<p>G\u00fcn\u00fcm\u00fczde beslenme, bilimsel bir disiplin olmas\u0131na ra\u011fmen yanl\u0131\u015f bilgiler, mitler ve pop\u00fcler s\u00f6ylemlerle \u00e7evrilmi\u015f durumda. Yarat\u0131lan g\u0131da korkusu iklimi yaln\u0131zca bireylerin sa\u011fl\u0131\u011f\u0131n\u0131 de\u011fil, toplumun genel beslenme al\u0131\u015fkanl\u0131klar\u0131n\u0131 da olumsuz etkiliyor. Bu kitap, bilimsel literatu\u0308re dayal\u0131 bilgiler \u0131\u015f\u0131\u011f\u0131nda, yayg\u0131n beslenme efsanelerini mercek alt\u0131na al\u0131yor. \u015ei\u015fmanl\u0131k irade meselesi mi? \u015eeker ger\u00e7ekten zehir mi? Gl\u00fcten t\u00fcm k\u00f6t\u00fcl\u00fcklerin anas\u0131 m\u0131? Spor yapmak sa\u011fl\u0131\u011fa zararl\u0131 m\u0131? Bu sorular\u0131n benzerlerini defalarca duyup \u00e7o\u011fu zaman da kesin bir cevap bulamam\u0131\u015f olabilirsiniz. \u0130\u015fte elinizdeki kitap, bu belirsizli\u011fe son vermek i\u00e7in yaz\u0131ld\u0131. Bu kitap, hem sa\u011fl\u0131kl\u0131 ya\u015fam yolculu\u011funuzda size rehberlik edecek hem de duydu\u011funuz her beslenme iddias\u0131na art\u0131k daha ele\u015ftirel bakman\u0131z\u0131 sa\u011flayacak. Ger\u00e7ekleri bilmek, sa\u011fl\u0131\u011f\u0131n\u0131z i\u00e7in atabilece\u011finiz en g\u00fc\u00e7l\u00fc ad\u0131md\u0131r.<\/p>\n","protected":false},"excerpt":{"rendered":"<p>G\u00fcn\u00fcm\u00fczde beslenme, bilimsel bir disiplin olmas\u0131na ra\u011fmen yanl\u0131\u015f bilgiler, mitler ve pop\u00fcler s\u00f6ylemlerle \u00e7evrilmi\u015f durumda. Yarat\u0131lan g\u0131da korkusu iklimi yaln\u0131zca bireylerin sa\u011fl\u0131\u011f\u0131n\u0131 de\u011fil, toplumun genel beslenme<span class=\"excerpt-hellip\"> [\u2026]<\/span><\/p>\n","protected":false},"featured_media":0,"template":"","meta":{"_monsterinsights_skip_tracking":false,"_monsterinsights_sitenote_active":false,"_monsterinsights_sitenote_note":"","_monsterinsights_sitenote_category":0},"product_brand":[],"product_cat":[13402,13365],"product_tag":[],"class_list":{"0":"post-780238","1":"product","2":"type-product","3":"status-publish","5":"product_cat-beslenme-ve-diyet","6":"product_cat-saglik","7":"pa_cilt-ciltsiz","8":"pa_tur-kitap","9":"pa_yayinevi-pozitif-yayinlari","10":"pa_yazar-ahmet-akbulut","12":"first","13":"instock","14":"sale","15":"shipping-taxable","16":"purchasable","17":"product-type-simple"},"_links":{"self":[{"href":"https:\/\/roveyayinevi.com.tr\/index.php\/wp-json\/wp\/v2\/product\/780238","targetHints":{"allow":["GET"]}}],"collection":[{"href":"https:\/\/roveyayinevi.com.tr\/index.php\/wp-json\/wp\/v2\/product"}],"about":[{"href":"https:\/\/roveyayinevi.com.tr\/index.php\/wp-json\/wp\/v2\/types\/product"}],"wp:attachment":[{"href":"https:\/\/roveyayinevi.com.tr\/index.php\/wp-json\/wp\/v2\/media?parent=780238"}],"wp:term":[{"taxonomy":"product_brand","embeddable":true,"href":"https:\/\/roveyayinevi.com.tr\/index.php\/wp-json\/wp\/v2\/product_brand?post=780238"},{"taxonomy":"product_cat","embeddable":true,"href":"https:\/\/roveyayinevi.com.tr\/index.php\/wp-json\/wp\/v2\/product_cat?post=780238"},{"taxonomy":"product_tag","embeddable":true,"href":"https:\/\/roveyayinevi.com.tr\/index.php\/wp-json\/wp\/v2\/product_tag?post=780238"}],"curies":[{"name":"wp","href":"https:\/\/api.w.org\/{rel}","templated":true}]}}