{"id":780234,"date":"2025-12-30T12:33:54","date_gmt":"2025-12-30T09:33:54","guid":{"rendered":"https:\/\/roveyayinevi.com.tr\/index.php\/urun\/dogruda-durmanin-felsefesi-cilt-1\/"},"modified":"2026-04-15T03:44:49","modified_gmt":"2026-04-15T00:44:49","slug":"dogruda-durmanin-felsefesi-cilt-1","status":"publish","type":"product","link":"https:\/\/roveyayinevi.com.tr\/index.php\/urun\/dogruda-durmanin-felsefesi-cilt-1\/","title":{"rendered":"Do\u011fruda Durman\u0131n Felsefesi Cilt 1"},"content":{"rendered":"<p>Metin \u00c7ulhao\u011flu\u2019nun 50 y\u0131l\u0131 a\u015fk\u0131n sosyalizm m\u00fccadelesinin \u00fcr\u00fcnlerini bir araya getirmek hayli g\u00fc\u00e7 bir i\u015f. Bir\u00e7ok kitap, derleme, tebli\u011f, \u00e7e\u015fitli dergilerde yay\u0131nlanm\u0131\u015f makaleler ve belki de binlerce k\u00f6\u015fe yaz\u0131s\u0131. D\u00f6rt ciltlik bu hacimli \u00e7al\u0131\u015fma ise Metin \u00c7ulhao\u011flu\u2019nun makalelerinden olu\u015fuyor. Kendisinin uzun ve verimli yazarl\u0131k tarihinde kimileri sosyalist hareketin d\u00f6n\u00fcm noktalar\u0131nda \u00e7ok \u00f6nemli m\u00fcdahaleler olarak hat\u0131rlanan bu makalelerin bir araya getirilmesi, 50 y\u0131ll\u0131k bir teorik, ideolojik, politik \u00e7izginin geli\u015fimini g\u00f6zler \u00f6n\u00fcne serebilmeyi m\u00fcmk\u00fcn k\u0131l\u0131yor. Ayr\u0131ca bir\u00e7o\u011fu art\u0131k kolayca eri\u015filemeyen dergilerde kalm\u0131\u015f, fakat \u00f6nemini h\u00e2l\u00e2 koruyan makaleler de bu ciltlerle birlikte okura ve tarihe arma\u011fan edilmi\u015f oluyor. D\u00f6rt cilt halinde bir araya getirilen bu makaleler, yaln\u0131zca Metin \u00c7ulhao\u011flu\u2019nun yazarl\u0131k hayat\u0131n\u0131n ifadesi olmakla kalm\u0131yor. 70\u2019li y\u0131llardan ba\u015flayarak sosyalist hareketin tart\u0131\u015fmalar\u0131na ve sorunlar\u0131na odaklanan eserlerini vermeye ba\u015flayan \u00c7ulhao\u011flu, \u00fclke g\u00fcndeminden ve siyasal m\u00fccadeleden hi\u00e7 uzak kalmam\u0131\u015f, bu alanlarda \u00fcretimine hi\u00e7 ara vermemi\u015ftir. Fakat bunu yaparken, Marksizmin ve sosyalizmin teorik sorunlar\u0131n\u0131 derinlikli, kapsaml\u0131 ve ustaca ele almay\u0131 da ba\u015farm\u0131\u015ft\u0131r. \u00dclkemizde Marksist d\u00fc\u015f\u00fcncenin sadece savunulmas\u0131na de\u011fil, \u00e7ok \u00f6nemli katk\u0131larla onun geli\u015ftirilmesine de emek vermi\u015f bir d\u00fc\u015f\u00fcnce insan\u0131 olan ve \u201ciddial\u0131 ama m\u00fctevaz\u0131\u201d ki\u015fili\u011fini her daim koruyan \u00c7ulhao\u011flu, Marksist kuram\u0131n \u00fclkemizdeki en yetkin temsilcilerinden biri olarak an\u0131lmaya devam edecek ve gelecekteki Marksist ku\u015faklar\u0131n yeti\u015fmesinde mutlaka ba\u015fvurulan bir referans noktas\u0131 olarak g\u00f6r\u00fclecek. Do\u011fruda Durman\u0131n Felsefesi\u2019nin Birinci Cildinde \u00c7ulhao\u011flu\u2019nun II. T\u0130P ve Y\u00fcr\u00fcy\u00fc\u015f dergisiyle ba\u015flayan, oradan Sosyalist \u0130ktidar dergisine ve 1986\u2019da Gelenek dergisine uzanan ve yazarl\u0131k ya\u015fam\u0131n\u0131n ilk d\u00f6nemini yans\u0131tan makaleler yer al\u0131yor. <\/p>\n","protected":false},"excerpt":{"rendered":"<p>Metin \u00c7ulhao\u011flu\u2019nun 50 y\u0131l\u0131 a\u015fk\u0131n sosyalizm m\u00fccadelesinin \u00fcr\u00fcnlerini bir araya getirmek hayli g\u00fc\u00e7 bir i\u015f. Bir\u00e7ok kitap, derleme, tebli\u011f, \u00e7e\u015fitli dergilerde yay\u0131nlanm\u0131\u015f makaleler ve belki de<span class=\"excerpt-hellip\"> [\u2026]<\/span><\/p>\n","protected":false},"featured_media":0,"template":"","meta":{"_monsterinsights_skip_tracking":false,"_monsterinsights_sitenote_active":false,"_monsterinsights_sitenote_note":"","_monsterinsights_sitenote_category":0},"product_brand":[],"product_cat":[13590,12337],"product_tag":[],"class_list":{"0":"post-780234","1":"product","2":"type-product","3":"status-publish","5":"product_cat-arastirma-inceleme-politika-siyaset","6":"product_cat-politika-siyaset","7":"pa_cilt-ciltsiz","8":"pa_tur-kitap","9":"pa_yayinevi-yordam-kitap","10":"pa_yazar-metin-culhaoglu","12":"first","13":"instock","14":"sale","15":"shipping-taxable","16":"purchasable","17":"product-type-simple"},"_links":{"self":[{"href":"https:\/\/roveyayinevi.com.tr\/index.php\/wp-json\/wp\/v2\/product\/780234","targetHints":{"allow":["GET"]}}],"collection":[{"href":"https:\/\/roveyayinevi.com.tr\/index.php\/wp-json\/wp\/v2\/product"}],"about":[{"href":"https:\/\/roveyayinevi.com.tr\/index.php\/wp-json\/wp\/v2\/types\/product"}],"wp:attachment":[{"href":"https:\/\/roveyayinevi.com.tr\/index.php\/wp-json\/wp\/v2\/media?parent=780234"}],"wp:term":[{"taxonomy":"product_brand","embeddable":true,"href":"https:\/\/roveyayinevi.com.tr\/index.php\/wp-json\/wp\/v2\/product_brand?post=780234"},{"taxonomy":"product_cat","embeddable":true,"href":"https:\/\/roveyayinevi.com.tr\/index.php\/wp-json\/wp\/v2\/product_cat?post=780234"},{"taxonomy":"product_tag","embeddable":true,"href":"https:\/\/roveyayinevi.com.tr\/index.php\/wp-json\/wp\/v2\/product_tag?post=780234"}],"curies":[{"name":"wp","href":"https:\/\/api.w.org\/{rel}","templated":true}]}}