{"id":780230,"date":"2025-12-30T12:33:39","date_gmt":"2025-12-30T09:33:39","guid":{"rendered":"https:\/\/roveyayinevi.com.tr\/index.php\/urun\/mavi-saat\/"},"modified":"2026-04-15T03:44:49","modified_gmt":"2026-04-15T00:44:49","slug":"mavi-saat","status":"publish","type":"product","link":"https:\/\/roveyayinevi.com.tr\/index.php\/urun\/mavi-saat\/","title":{"rendered":"Mavi Saat"},"content":{"rendered":"<p>Tate Modern art\u0131k hayatta olmayan sanat\u00e7\u0131 Vanessa Chapman\u2019\u0131n me\u015fhur heykellerinden birinde kullan\u0131lan kemi\u011fin san\u0131ld\u0131\u011f\u0131 gibi bir hayvana de\u011fil, bir insana ait oldu\u011funu ke\u015ffetti\u011finde, t\u00fcm g\u00f6zler bir anda sanat\u00e7\u0131ya ve gizemli bir \u015fekilde kaybolan e\u015fi Julian\u2019a \u00e7evrilir. Sanat\u00e7\u0131n\u0131n eserlerinin de\u011fer kaybetmesinden endi\u015fe duyan Fairburn Vakf\u0131\u2019n\u0131n direkt\u00f6r\u00fc Douglas Lennox, k\u00fcrat\u00f6r James Becker\u2019\u0131 Vanessa\u2019n\u0131n ya\u015fad\u0131\u011f\u0131 \u0131ss\u0131z \u0130sko\u00e7 adas\u0131na yollar. Becker\u2019\u0131n g\u00f6revi, bu \u00fcrpertici bulgunun ard\u0131nda ne oldu\u011funu ortaya \u00e7\u0131karmakt\u0131r. Ne var ki kolay bir ara\u015ft\u0131rma gibi g\u00f6r\u00fcnen bu g\u00f6rev, k\u0131sa s\u00fcre i\u00e7inde \u00e7ok daha karanl\u0131k, \u00e7ok daha tehlikeli ve \u00e7ok daha \u00f6ng\u00f6r\u00fclemez bir h\u00e2l al\u0131r. \u00d6yle ki Becker&#8217;\u0131n hayat\u0131 dahi tehlikeye girecektir.  Yaln\u0131zca gelgit \u00e7ekildi\u011finde ula\u015f\u0131labilen bir \u0130sko\u00e7 adas\u0131n\u0131 merkeze alan bu roman, yarat\u0131c\u0131 dehan\u0131n \u00f6zg\u00fcrl\u00fc\u011f\u00fc ile toplumsal bask\u0131 aras\u0131ndaki gerilimi incelikle i\u015fliyor. Trendeki K\u0131z\u2019la d\u00fcnya \u00e7ap\u0131nda b\u00fcy\u00fck ba\u015far\u0131 elde eden Hawkins, Mavi Saat\u2019te de anlat\u0131 g\u00fcc\u00fcn\u00fc ve yarat\u0131c\u0131 zek\u00e2s\u0131n\u0131 bir kez daha g\u00f6zler \u00f6n\u00fcne seriyor.  \u201c\u0130ncelikle \u00f6r\u00fclm\u00fc\u015f, okuru s\u00fcrekli \u015fa\u015f\u0131rtan, karanl\u0131k ve \u00e7arp\u0131c\u0131 bir roman.\u201d Wall Street Journal \u201cSanat, h\u0131rs, miras ve g\u00fc\u00e7 dinamiklerini irdeleyen, zeki ve s\u00fcr\u00fckleyici bir gerilim.\u201dThe Guardian \u201cTam bir ba\u015fyap\u0131t! Hem b\u00fcy\u00fcleyici hem t\u00fcyler \u00fcrpertici.\u201dShari Lapena<\/p>\n","protected":false},"excerpt":{"rendered":"<p>Tate Modern art\u0131k hayatta olmayan sanat\u00e7\u0131 Vanessa Chapman\u2019\u0131n me\u015fhur heykellerinden birinde kullan\u0131lan kemi\u011fin san\u0131ld\u0131\u011f\u0131 gibi bir hayvana de\u011fil, bir insana ait oldu\u011funu ke\u015ffetti\u011finde, t\u00fcm g\u00f6zler bir<span class=\"excerpt-hellip\"> [\u2026]<\/span><\/p>\n","protected":false},"featured_media":0,"template":"","meta":{"_monsterinsights_skip_tracking":false,"_monsterinsights_sitenote_active":false,"_monsterinsights_sitenote_note":"","_monsterinsights_sitenote_category":0},"product_brand":[],"product_cat":[12291,17033],"product_tag":[],"class_list":{"0":"post-780230","1":"product","2":"type-product","3":"status-publish","5":"product_cat-edebiyat","6":"product_cat-korku-gerilim","7":"pa_cilt-ciltsiz","8":"pa_tur-kitap","9":"pa_yayinevi-koridor-yayincilik","10":"pa_yazar-paula-hawkins","12":"first","13":"instock","14":"sale","15":"shipping-taxable","16":"purchasable","17":"product-type-simple"},"_links":{"self":[{"href":"https:\/\/roveyayinevi.com.tr\/index.php\/wp-json\/wp\/v2\/product\/780230","targetHints":{"allow":["GET"]}}],"collection":[{"href":"https:\/\/roveyayinevi.com.tr\/index.php\/wp-json\/wp\/v2\/product"}],"about":[{"href":"https:\/\/roveyayinevi.com.tr\/index.php\/wp-json\/wp\/v2\/types\/product"}],"wp:attachment":[{"href":"https:\/\/roveyayinevi.com.tr\/index.php\/wp-json\/wp\/v2\/media?parent=780230"}],"wp:term":[{"taxonomy":"product_brand","embeddable":true,"href":"https:\/\/roveyayinevi.com.tr\/index.php\/wp-json\/wp\/v2\/product_brand?post=780230"},{"taxonomy":"product_cat","embeddable":true,"href":"https:\/\/roveyayinevi.com.tr\/index.php\/wp-json\/wp\/v2\/product_cat?post=780230"},{"taxonomy":"product_tag","embeddable":true,"href":"https:\/\/roveyayinevi.com.tr\/index.php\/wp-json\/wp\/v2\/product_tag?post=780230"}],"curies":[{"name":"wp","href":"https:\/\/api.w.org\/{rel}","templated":true}]}}