{"id":780228,"date":"2025-12-30T12:33:32","date_gmt":"2025-12-30T09:33:32","guid":{"rendered":"https:\/\/roveyayinevi.com.tr\/index.php\/urun\/tam-kivaminda\/"},"modified":"2026-04-15T03:44:49","modified_gmt":"2026-04-15T00:44:49","slug":"tam-kivaminda","status":"publish","type":"product","link":"https:\/\/roveyayinevi.com.tr\/index.php\/urun\/tam-kivaminda\/","title":{"rendered":"Tam K\u0131vam\u0131nda"},"content":{"rendered":"<p>Bu kitap bir kokunun bellekte b\u0131rakt\u0131\u011f\u0131 izi, bir tatla canlanan an\u0131lar\u0131, bir pi\u015firme tekni\u011finin k\u00fclt\u00fcrler aras\u0131nda nas\u0131l yolculuk etti\u011fini takip ediyor. Gastronomiyi, sadece profesyonellerin kulland\u0131\u011f\u0131 bir dil olmaktan \u00e7\u0131kar\u0131p herkesin kendi mutfak deneyimiyle bulu\u015fturabilece\u011fi s\u0131cak ve anla\u015f\u0131l\u0131r bir hale \u00e7eviriyor. Her kavram; tarihsel arka plan\u0131, k\u00fclt\u00fcrel yank\u0131lar\u0131, duyusal \u00e7a\u011fr\u0131\u015f\u0131mlar\u0131 ve yer yer evde yap\u0131labilecek tariflerle birlikte ele al\u0131n\u0131yor. B\u00f6ylece her harf, tek ba\u015f\u0131na bir tan\u0131m olmakta yeni bir sohbet a\u00e7maya davet ediyor, kimi zaman bir an\u0131ya, kimi zaman bir lezzete, kimi zaman da hi\u00e7 ummad\u0131\u011f\u0131n\u0131z bir duyguya do\u011fru\u2026 <\/p>\n","protected":false},"excerpt":{"rendered":"<p>Bu kitap bir kokunun bellekte b\u0131rakt\u0131\u011f\u0131 izi, bir tatla canlanan an\u0131lar\u0131, bir pi\u015firme tekni\u011finin k\u00fclt\u00fcrler aras\u0131nda nas\u0131l yolculuk etti\u011fini takip ediyor. Gastronomiyi, sadece profesyonellerin kulland\u0131\u011f\u0131 bir<span class=\"excerpt-hellip\"> [\u2026]<\/span><\/p>\n","protected":false},"featured_media":0,"template":"","meta":{"_monsterinsights_skip_tracking":false,"_monsterinsights_sitenote_active":false,"_monsterinsights_sitenote_note":"","_monsterinsights_sitenote_category":0},"product_brand":[],"product_cat":[12457],"product_tag":[],"class_list":{"0":"post-780228","1":"product","2":"type-product","3":"status-publish","5":"product_cat-yemek-kitaplari","6":"pa_cilt-ciltsiz","7":"pa_tur-kitap","8":"pa_yayinevi-cumhuriyet-kitaplari","9":"pa_yazar-burcak-sener","11":"first","12":"instock","13":"sale","14":"shipping-taxable","15":"purchasable","16":"product-type-simple"},"_links":{"self":[{"href":"https:\/\/roveyayinevi.com.tr\/index.php\/wp-json\/wp\/v2\/product\/780228","targetHints":{"allow":["GET"]}}],"collection":[{"href":"https:\/\/roveyayinevi.com.tr\/index.php\/wp-json\/wp\/v2\/product"}],"about":[{"href":"https:\/\/roveyayinevi.com.tr\/index.php\/wp-json\/wp\/v2\/types\/product"}],"wp:attachment":[{"href":"https:\/\/roveyayinevi.com.tr\/index.php\/wp-json\/wp\/v2\/media?parent=780228"}],"wp:term":[{"taxonomy":"product_brand","embeddable":true,"href":"https:\/\/roveyayinevi.com.tr\/index.php\/wp-json\/wp\/v2\/product_brand?post=780228"},{"taxonomy":"product_cat","embeddable":true,"href":"https:\/\/roveyayinevi.com.tr\/index.php\/wp-json\/wp\/v2\/product_cat?post=780228"},{"taxonomy":"product_tag","embeddable":true,"href":"https:\/\/roveyayinevi.com.tr\/index.php\/wp-json\/wp\/v2\/product_tag?post=780228"}],"curies":[{"name":"wp","href":"https:\/\/api.w.org\/{rel}","templated":true}]}}